{"id":11750,"date":"2022-06-22T14:49:24","date_gmt":"2022-06-22T12:49:24","guid":{"rendered":"http:\/\/dolinaraby.pl\/?page_id=11750"},"modified":"2024-01-30T13:39:06","modified_gmt":"2024-01-30T12:39:06","slug":"zasady-dotyczace-informowania-o-pomocy-otrzymanej-z-ue","status":"publish","type":"page","link":"http:\/\/dolinaraby.pl\/1\/zasady-dotyczace-informowania-o-pomocy-otrzymanej-z-ue\/","title":{"rendered":"Zasady dotycz\u0105ce informowania o pomocy otrzymanej z UE"},"content":{"rendered":"\n<p><a href=\"https:\/\/www.gov.pl\/web\/rolnictwo\/ksiega-wizualizacji\">Zasady wynikaj\u0105ce z Ksi\u0119gi Wizualizacji Znaku PS WPR<\/a><\/p>\n\n\n\n<p><a href=\"https:\/\/www.fundusze.malopolska.pl\/promocja\">Zasady wynikaj\u0105ce z Ksi\u0119ga To\u017csamo\u015bci Wizualnej Funduszy Europejskich 2021-2027<\/a><\/p>\n\n\n\n<p>Logo LGD:<\/p>\n\n\n\n<figure class=\"wp-block-image size-large\"><img fetchpriority=\"high\" decoding=\"async\" width=\"1024\" height=\"768\" src=\"http:\/\/dolinaraby.pl\/wp-content\/uploads\/2022\/07\/Logo-bez-tla-1024x768.png\" alt=\"\" class=\"wp-image-12338\" srcset=\"http:\/\/dolinaraby.pl\/1\/wp-content\/uploads\/2022\/07\/Logo-bez-tla-1024x768.png 1024w, http:\/\/dolinaraby.pl\/1\/wp-content\/uploads\/2022\/07\/Logo-bez-tla-300x225.png 300w, http:\/\/dolinaraby.pl\/1\/wp-content\/uploads\/2022\/07\/Logo-bez-tla-768x576.png 768w, http:\/\/dolinaraby.pl\/1\/wp-content\/uploads\/2022\/07\/Logo-bez-tla-585x439.png 585w, http:\/\/dolinaraby.pl\/1\/wp-content\/uploads\/2022\/07\/Logo-bez-tla.png 1160w\" sizes=\"(max-width: 1024px) 100vw, 1024px\" \/><\/figure>\n\n\n\n<p><br><\/p>\n","protected":false},"excerpt":{"rendered":"<p>Zasady wynikaj\u0105ce z Ksi\u0119gi Wizualizacji Znaku PS WPR Zasady wynikaj\u0105ce z Ksi\u0119ga To\u017csamo\u015bci Wizualnej Funduszy Europejskich 2021-2027 Logo LGD:<\/p>\n","protected":false},"author":1,"featured_media":0,"parent":0,"menu_order":0,"comment_status":"closed","ping_status":"closed","template":"","meta":{"_monsterinsights_skip_tracking":false,"_monsterinsights_sitenote_active":false,"_monsterinsights_sitenote_note":"","_monsterinsights_sitenote_category":0,"_lmt_disableupdate":"","_lmt_disable":"","ngg_post_thumbnail":0,"footnotes":""},"class_list":["post-11750","page","type-page","status-publish","hentry"],"_links":{"self":[{"href":"http:\/\/dolinaraby.pl\/1\/wp-json\/wp\/v2\/pages\/11750","targetHints":{"allow":["GET"]}}],"collection":[{"href":"http:\/\/dolinaraby.pl\/1\/wp-json\/wp\/v2\/pages"}],"about":[{"href":"http:\/\/dolinaraby.pl\/1\/wp-json\/wp\/v2\/types\/page"}],"author":[{"embeddable":true,"href":"http:\/\/dolinaraby.pl\/1\/wp-json\/wp\/v2\/users\/1"}],"replies":[{"embeddable":true,"href":"http:\/\/dolinaraby.pl\/1\/wp-json\/wp\/v2\/comments?post=11750"}],"version-history":[{"count":6,"href":"http:\/\/dolinaraby.pl\/1\/wp-json\/wp\/v2\/pages\/11750\/revisions"}],"predecessor-version":[{"id":13602,"href":"http:\/\/dolinaraby.pl\/1\/wp-json\/wp\/v2\/pages\/11750\/revisions\/13602"}],"wp:attachment":[{"href":"http:\/\/dolinaraby.pl\/1\/wp-json\/wp\/v2\/media?parent=11750"}],"curies":[{"name":"wp","href":"https:\/\/api.w.org\/{rel}","templated":true}]}}