{"id":11929,"date":"2022-06-23T14:11:31","date_gmt":"2022-06-23T12:11:31","guid":{"rendered":"http:\/\/dolinaraby.pl\/?page_id=11929"},"modified":"2024-12-09T12:52:15","modified_gmt":"2024-12-09T11:52:15","slug":"wladze-lgd","status":"publish","type":"page","link":"http:\/\/dolinaraby.pl\/1\/wladze-lgd\/","title":{"rendered":"W\u0141ADZE LGD"},"content":{"rendered":"\n<h2 class=\"wp-block-heading\"><mark style=\"background-color:rgba(0, 0, 0, 0)\" class=\"has-inline-color has-vivid-cyan-blue-color\">W\u0141ADZE LGD<\/mark><\/h2>\n\n\n\n<p><mark style=\"background-color:rgba(0, 0, 0, 0)\" class=\"has-inline-color has-black-color\"><strong>CZ\u0141ONKOWIE ZARZ\u0104DU STOWARZYSZENIA<\/strong><\/mark><\/p>\n\n\n\n<ol class=\"wp-block-list\">\n<li>Jan Marcinek &#8211; <strong>Prezes Zarz\u0105du<\/strong><\/li>\n\n\n\n<li>Marek Palej &#8211; <strong>Wiceprezes Zarz\u0105du<\/strong><\/li>\n\n\n\n<li>Piotr Mucha- <strong>Wiceprezes Zarz\u0105du<\/strong><\/li>\n\n\n\n<li>Ma\u0142gorzata Brzegowa &#8211; Cz\u0142onek Zarz\u0105du<\/li>\n\n\n\n<li>Wioleta Chmiela &#8211; Cz\u0142onek Zarz\u0105du<\/li>\n\n\n\n<li>Anastazja Podg\u00f3rska &#8211; Cz\u0142onek Zarz\u0105du<\/li>\n<\/ol>\n\n\n\n<p><mark style=\"background-color:rgba(0, 0, 0, 0)\" class=\"has-inline-color has-black-color\"><strong>CZ\u0141ONKOWIE ORGANU DECYZYJNEGO &#8211; RADA LGD<\/strong><\/mark><\/p>\n\n\n\n<ol class=\"wp-block-list\">\n<li>Powiat Boche\u0144ski reprezentowany przez Wicestarost\u0119 Ryszarda Dro\u017cd\u017caka<\/li>\n\n\n\n<li>Stowarzyszenie Ko\u0142o Gospody\u0144 Wiejskich w Wi\u015bniczu Ma\u0142ym reprezentowane przez Lucyn\u0119 Su\u0142ek-<strong>Przewodnicz\u0105ca Rady<\/strong><\/li>\n\n\n\n<li>Firma pn.  Firma &#8222;MAGI&#8221; Maria Zdebska reprezentowana przez Mari\u0119 Zdebsk\u0105<\/li>\n\n\n\n<li>Firma pn. Marek Dudzik Firma Handlowo-Us\u0142ugowa &#8222;ANMAR&#8221; reprezentowana przez Marka Dudzika<\/li>\n\n\n\n<li>Anna Solecka<\/li>\n\n\n\n<li>Ochotnicza Stra\u017c Po\u017carna w \u0141azanach reprezentowana przez Ma\u0142gorzat\u0119 Wyrob\u0119-<strong> Sekretarz Rady<\/strong><\/li>\n\n\n\n<li>Agnieszka N\u00f3\u017cka<\/li>\n\n\n\n<li>Polskie Towarzystwo Turystyczno-Krajoznawcze Oddzia\u0142 Dobczyce reprezentowane przez Marka Gabzdyla-<strong>Wiceprzewodnicz\u0105cy Rady<\/strong><\/li>\n\n\n\n<li>Ochotnicza Stra\u017c Po\u017carna w Gdowie reprezentowana przez Dariusza Nowaka<\/li>\n\n\n\n<li>Kinga Moci\u0119<\/li>\n\n\n\n<li>Firma pn. Rados\u0142aw Florek PPHU Beskidzkie Klimaty reprezentowana przez Rados\u0142awa Florka<\/li>\n\n\n\n<li>Ko\u0142o Gospody\u0144 Wiejskich \u0141\u0105kta G\u00f3rna reprezentowane przez J\u00f3zefa Kowalczyka<\/li>\n<\/ol>\n\n\n\n<p><mark style=\"background-color:rgba(0, 0, 0, 0)\" class=\"has-inline-color has-black-color\"><strong>CZ\u0141ONKOWIE KOMISJI REWIZYJNEJ<\/strong><\/mark><\/p>\n\n\n\n<p><\/p>\n\n\n\n<ol class=\"wp-block-list\">\n<li>Krzysztof Kluba &#8211; <strong>Przewodnicz\u0105cy<\/strong><\/li>\n\n\n\n<li>Maria Pietro\u0144 &#8211; <strong>Wiceprzewodnicz\u0105cy<\/strong><\/li>\n\n\n\n<li>Mariusz Bratek &#8211; Cz\u0142onek<\/li>\n\n\n\n<li>Renata Paruch &#8211; Cz\u0142onek<\/li>\n\n\n\n<li>Marcin Misiek &#8211; Cz\u0142onek<\/li>\n<\/ol>\n\n\n\n<div style=\"height:40px\" aria-hidden=\"true\" class=\"wp-block-spacer\"><\/div>\n\n\n\n<p><\/p>\n","protected":false},"excerpt":{"rendered":"<p>W\u0141ADZE LGD CZ\u0141ONKOWIE ZARZ\u0104DU STOWARZYSZENIA CZ\u0141ONKOWIE ORGANU DECYZYJNEGO &#8211; RADA LGD CZ\u0141ONKOWIE KOMISJI REWIZYJNEJ<\/p>\n","protected":false},"author":1,"featured_media":0,"parent":0,"menu_order":0,"comment_status":"closed","ping_status":"closed","template":"","meta":{"_monsterinsights_skip_tracking":false,"_monsterinsights_sitenote_active":false,"_monsterinsights_sitenote_note":"","_monsterinsights_sitenote_category":0,"_lmt_disableupdate":"","_lmt_disable":"","ngg_post_thumbnail":0,"footnotes":""},"class_list":["post-11929","page","type-page","status-publish","hentry"],"_links":{"self":[{"href":"http:\/\/dolinaraby.pl\/1\/wp-json\/wp\/v2\/pages\/11929","targetHints":{"allow":["GET"]}}],"collection":[{"href":"http:\/\/dolinaraby.pl\/1\/wp-json\/wp\/v2\/pages"}],"about":[{"href":"http:\/\/dolinaraby.pl\/1\/wp-json\/wp\/v2\/types\/page"}],"author":[{"embeddable":true,"href":"http:\/\/dolinaraby.pl\/1\/wp-json\/wp\/v2\/users\/1"}],"replies":[{"embeddable":true,"href":"http:\/\/dolinaraby.pl\/1\/wp-json\/wp\/v2\/comments?post=11929"}],"version-history":[{"count":29,"href":"http:\/\/dolinaraby.pl\/1\/wp-json\/wp\/v2\/pages\/11929\/revisions"}],"predecessor-version":[{"id":14623,"href":"http:\/\/dolinaraby.pl\/1\/wp-json\/wp\/v2\/pages\/11929\/revisions\/14623"}],"wp:attachment":[{"href":"http:\/\/dolinaraby.pl\/1\/wp-json\/wp\/v2\/media?parent=11929"}],"curies":[{"name":"wp","href":"https:\/\/api.w.org\/{rel}","templated":true}]}}