{"id":14444,"date":"2024-10-01T08:55:22","date_gmt":"2024-10-01T06:55:22","guid":{"rendered":"http:\/\/dolinaraby.pl\/1\/?page_id=14444"},"modified":"2024-10-01T12:30:52","modified_gmt":"2024-10-01T10:30:52","slug":"strefa-turysty","status":"publish","type":"page","link":"http:\/\/dolinaraby.pl\/1\/strefa-turysty\/","title":{"rendered":"Strefa turysty"},"content":{"rendered":"\t\t<div data-elementor-type=\"wp-page\" data-elementor-id=\"14444\" class=\"elementor elementor-14444\">\n\t\t\t\t\t\t<section class=\"penci-section penci-disSticky penci-structure-30 elementor-section elementor-top-section elementor-element elementor-element-1786ee6 elementor-section-boxed elementor-section-height-default elementor-section-height-default\" data-id=\"1786ee6\" data-element_type=\"section\" data-e-type=\"section\">\n\t\t\t\t\t\t<div class=\"elementor-container elementor-column-gap-default\">\n\t\t\t\t\t<div class=\"penci-ercol-33 penci-ercol-order-1 penci-sticky-sb penci-sidebarSC   elementor-column elementor-col-33 elementor-top-column elementor-element elementor-element-d48699d\" data-id=\"d48699d\" data-element_type=\"column\" data-e-type=\"column\">\n\t\t\t<div class=\"elementor-widget-wrap elementor-element-populated\">\n\t\t\t\t\t\t<div class=\"elementor-element elementor-element-def8d1f elementor-widget elementor-widget-penci-info-box\" data-id=\"def8d1f\" data-element_type=\"widget\" data-e-type=\"widget\" data-widget_type=\"penci-info-box.default\">\n\t\t\t\t<div class=\"elementor-widget-container\">\n\t\t\t\t\t        <div id=\"penci_info_box_64414\" class=\"penci-block-vc penci-info-box penci-ibox-top-center penci-view-stacked penci-shape-circle\">\n            <div class=\"penci-ibox-inner penci-animation-grow\">\n\t\t\t\t\t\t\t\t<div class=\"penci-ibox-icon penci-ibox-icon--icon penci-icon penci-tibox-svg\"><a class=\"penci-ibox-icon-fa-fix\" href=\"http:\/\/dolinaraby.pl\/1\/warto-zobaczyc\/\"><\/a><a class=\"penci-ibox-icon-fa\" href=\"http:\/\/dolinaraby.pl\/1\/warto-zobaczyc\/\"><i aria-hidden=\"true\" class=\"fas fa-map-marked\"><\/i><\/a><\/div>                <div class=\"penci-ibox-content-wrap\">\n\t\t\t\t\t\t\t\t\t\t<h3\n                            class=\"penci-ibox-title\">Warto zobaczy\u0107<\/h3>\t\t\t\t\t\t\t\t\t\t\t\t\t\t\t                <\/div>\n            <\/div>\n        <\/div>\n\t\t\t\t\t\t<\/div>\n\t\t\t\t<\/div>\n\t\t\t\t<div class=\"elementor-element elementor-element-22b0be5 elementor-widget elementor-widget-penci-button\" data-id=\"22b0be5\" data-element_type=\"widget\" data-e-type=\"widget\" data-widget_type=\"penci-button.default\">\n\t\t\t\t<div class=\"elementor-widget-container\">\n\t\t\t\t\t\t\t<div class=\"pcbtn-wrapper pcbtn-align-center\">\n\t\t\t<a class=\"pcbtn pcbtn-icon-left\" \n\t\t\t\t\t\t\t\t\t\t\t\thref=\"http:\/\/dolinaraby.pl\/1\/warto-zobaczyc\/\">\n\t\t\t\t<span class=\"pcbtn-wrapperin\">\n\t\t\t\t\t<span class=\"pcbtn-content\">\n\t\t\t\t\t\t\t\t\t\twejd\u017a\t\t\t<\/span>\n\t\t\t\t\t\t\t\t\t<\/span>\n\t\t\t<\/a>\n\t\t<\/div>\n\t\t\t\t\t\t<\/div>\n\t\t\t\t<\/div>\n\t\t\t\t\t<\/div>\n\t\t<\/div>\n\t\t\t\t<div class=\"penci-ercol-33 penci-ercol-order-2 penci-sticky-sb penci-sidebarSC   elementor-column elementor-col-33 elementor-top-column elementor-element elementor-element-d4ce70f\" data-id=\"d4ce70f\" data-element_type=\"column\" data-e-type=\"column\">\n\t\t\t<div class=\"elementor-widget-wrap elementor-element-populated\">\n\t\t\t\t\t\t<div class=\"elementor-element elementor-element-961fde7 elementor-widget elementor-widget-penci-info-box\" data-id=\"961fde7\" data-element_type=\"widget\" data-e-type=\"widget\" data-widget_type=\"penci-info-box.default\">\n\t\t\t\t<div class=\"elementor-widget-container\">\n\t\t\t\t\t        <div id=\"penci_info_box_37758\" class=\"penci-block-vc penci-info-box penci-ibox-top-center penci-view-stacked penci-shape-circle\">\n            <div class=\"penci-ibox-inner penci-animation-grow\">\n\t\t\t\t\t\t\t\t<div class=\"penci-ibox-icon penci-ibox-icon--icon penci-icon penci-tibox-svg\"><a class=\"penci-ibox-icon-fa-fix\" href=\"http:\/\/dolinaraby.pl\/1\/produkty-lokalne-2024\/\"><\/a><a class=\"penci-ibox-icon-fa\" href=\"http:\/\/dolinaraby.pl\/1\/produkty-lokalne-2024\/\"><i aria-hidden=\"true\" class=\"fas fa-check\"><\/i><\/a><\/div>                <div class=\"penci-ibox-content-wrap\">\n\t\t\t\t\t\t\t\t\t\t<h3\n                            class=\"penci-ibox-title\">Produkty lokalne<\/h3>\t\t\t\t\t\t\t\t\t\t\t\t\t\t\t                <\/div>\n            <\/div>\n        <\/div>\n\t\t\t\t\t\t<\/div>\n\t\t\t\t<\/div>\n\t\t\t\t<div class=\"elementor-element elementor-element-4981827 elementor-widget elementor-widget-penci-button\" data-id=\"4981827\" data-element_type=\"widget\" data-e-type=\"widget\" data-widget_type=\"penci-button.default\">\n\t\t\t\t<div class=\"elementor-widget-container\">\n\t\t\t\t\t\t\t<div class=\"pcbtn-wrapper pcbtn-align-center\">\n\t\t\t<a class=\"pcbtn pcbtn-icon-left\" \n\t\t\t\t\t\t\t\t\t\t\t\thref=\"http:\/\/dolinaraby.pl\/1\/produkty-lokalne-2024\/\">\n\t\t\t\t<span class=\"pcbtn-wrapperin\">\n\t\t\t\t\t<span class=\"pcbtn-content\">\n\t\t\t\t\t\t\t\t\t\twejd\u017a\t\t\t<\/span>\n\t\t\t\t\t\t\t\t\t<\/span>\n\t\t\t<\/a>\n\t\t<\/div>\n\t\t\t\t\t\t<\/div>\n\t\t\t\t<\/div>\n\t\t\t\t\t<\/div>\n\t\t<\/div>\n\t\t\t\t<div class=\"penci-ercol-33 penci-ercol-order-3 penci-sticky-sb penci-sidebarSC   elementor-column elementor-col-33 elementor-top-column elementor-element elementor-element-186dbc4\" data-id=\"186dbc4\" data-element_type=\"column\" data-e-type=\"column\">\n\t\t\t<div class=\"elementor-widget-wrap elementor-element-populated\">\n\t\t\t\t\t\t<div class=\"elementor-element elementor-element-77ad317 elementor-widget elementor-widget-penci-info-box\" data-id=\"77ad317\" data-element_type=\"widget\" data-e-type=\"widget\" data-widget_type=\"penci-info-box.default\">\n\t\t\t\t<div class=\"elementor-widget-container\">\n\t\t\t\t\t        <div id=\"penci_info_box_84778\" class=\"penci-block-vc penci-info-box penci-ibox-top-center penci-view-stacked penci-shape-circle\">\n            <div class=\"penci-ibox-inner penci-animation-grow\">\n\t\t\t\t\t\t\t\t<div class=\"penci-ibox-icon penci-ibox-icon--icon penci-icon penci-tibox-svg\"><a class=\"penci-ibox-icon-fa-fix\" href=\"http:\/\/dolinaraby.pl\/1\/questy\/\"><\/a><a class=\"penci-ibox-icon-fa\" href=\"http:\/\/dolinaraby.pl\/1\/questy\/\"><i aria-hidden=\"true\" class=\"fas fa-shoe-prints\"><\/i><\/a><\/div>                <div class=\"penci-ibox-content-wrap\">\n\t\t\t\t\t\t\t\t\t\t<h3\n                            class=\"penci-ibox-title\">QUESTY - GRY TERENOWE<\/h3>\t\t\t\t\t\t\t\t\t\t\t\t\t\t\t                <\/div>\n            <\/div>\n        <\/div>\n\t\t\t\t\t\t<\/div>\n\t\t\t\t<\/div>\n\t\t\t\t<div class=\"elementor-element elementor-element-29f9f9b elementor-widget elementor-widget-penci-button\" data-id=\"29f9f9b\" data-element_type=\"widget\" data-e-type=\"widget\" data-widget_type=\"penci-button.default\">\n\t\t\t\t<div class=\"elementor-widget-container\">\n\t\t\t\t\t\t\t<div class=\"pcbtn-wrapper pcbtn-align-center\">\n\t\t\t<a class=\"pcbtn pcbtn-icon-left\" \n\t\t\t\t\t\t\t\t\t\t\t\thref=\"http:\/\/dolinaraby.pl\/1\/questy\/\">\n\t\t\t\t<span class=\"pcbtn-wrapperin\">\n\t\t\t\t\t<span class=\"pcbtn-content\">\n\t\t\t\t\t\t\t\t\t\twejd\u017a\t\t\t<\/span>\n\t\t\t\t\t\t\t\t\t<\/span>\n\t\t\t<\/a>\n\t\t<\/div>\n\t\t\t\t\t\t<\/div>\n\t\t\t\t<\/div>\n\t\t\t\t\t<\/div>\n\t\t<\/div>\n\t\t\t\t\t<\/div>\n\t\t<\/section>\n\t\t\t\t<\/div>\n\t\t","protected":false},"excerpt":{"rendered":"<p>Warto zobaczy\u0107 wejd\u017a Produkty lokalne wejd\u017a QUESTY &#8211; GRY TERENOWE wejd\u017a<\/p>\n","protected":false},"author":1,"featured_media":0,"parent":0,"menu_order":0,"comment_status":"closed","ping_status":"closed","template":"","meta":{"_monsterinsights_skip_tracking":false,"_monsterinsights_sitenote_active":false,"_monsterinsights_sitenote_note":"","_monsterinsights_sitenote_category":0,"_lmt_disableupdate":"","_lmt_disable":"","ngg_post_thumbnail":0,"footnotes":""},"class_list":["post-14444","page","type-page","status-publish","hentry"],"_links":{"self":[{"href":"http:\/\/dolinaraby.pl\/1\/wp-json\/wp\/v2\/pages\/14444","targetHints":{"allow":["GET"]}}],"collection":[{"href":"http:\/\/dolinaraby.pl\/1\/wp-json\/wp\/v2\/pages"}],"about":[{"href":"http:\/\/dolinaraby.pl\/1\/wp-json\/wp\/v2\/types\/page"}],"author":[{"embeddable":true,"href":"http:\/\/dolinaraby.pl\/1\/wp-json\/wp\/v2\/users\/1"}],"replies":[{"embeddable":true,"href":"http:\/\/dolinaraby.pl\/1\/wp-json\/wp\/v2\/comments?post=14444"}],"version-history":[{"count":10,"href":"http:\/\/dolinaraby.pl\/1\/wp-json\/wp\/v2\/pages\/14444\/revisions"}],"predecessor-version":[{"id":14503,"href":"http:\/\/dolinaraby.pl\/1\/wp-json\/wp\/v2\/pages\/14444\/revisions\/14503"}],"wp:attachment":[{"href":"http:\/\/dolinaraby.pl\/1\/wp-json\/wp\/v2\/media?parent=14444"}],"curies":[{"name":"wp","href":"https:\/\/api.w.org\/{rel}","templated":true}]}}