{"id":20,"date":"2012-12-01T12:36:25","date_gmt":"2012-12-01T11:36:25","guid":{"rendered":"http:\/\/dolinaraby.pl\/nowa_strona\/?page_id=20"},"modified":"2025-01-03T08:53:03","modified_gmt":"2025-01-03T07:53:03","slug":"kontakt","status":"publish","type":"page","link":"http:\/\/dolinaraby.pl\/1\/kontakt\/","title":{"rendered":"Kontakt"},"content":{"rendered":"<p><strong>Biuro LGD &#8222;Dolina Raby&#8221;<\/strong><\/p>\n<p><strong>Adres:<\/strong><br>ul. Strzelecka 2G\/1 32-700 Bochnia, Gmina Bochnia<\/p>\n<p><img fetchpriority=\"high\" decoding=\"async\" class=\"aligncenter wp-image-14713\" src=\"http:\/\/dolinaraby.pl\/1\/wp-content\/uploads\/2024\/12\/ul-strzelecka-bochnia-300x208.png\" alt=\"\" width=\"527\" height=\"365\" srcset=\"http:\/\/dolinaraby.pl\/1\/wp-content\/uploads\/2024\/12\/ul-strzelecka-bochnia-300x208.png 300w, http:\/\/dolinaraby.pl\/1\/wp-content\/uploads\/2024\/12\/ul-strzelecka-bochnia-768x533.png 768w, http:\/\/dolinaraby.pl\/1\/wp-content\/uploads\/2024\/12\/ul-strzelecka-bochnia-585x406.png 585w, http:\/\/dolinaraby.pl\/1\/wp-content\/uploads\/2024\/12\/ul-strzelecka-bochnia.png 862w\" sizes=\"(max-width: 527px) 100vw, 527px\" \/><\/p>\n<p>&nbsp;<\/p>\n<p>\u21d2 <span style=\"text-decoration: underline;\">Biuro LGD przyjmuje strony od pon &#8211; pt w godzinach <strong>9.00 &#8211; 14.00.&nbsp;<\/strong><\/span><\/p>\n<p style=\"text-align: justify;\">\u21d2 W pozosta\u0142ych godzinach praca wewn\u0119trzna lub praca w terenie, delegacje, spotkania, za\u0142atwianie spraw wyjazdowych w zwi\u0105zku z powy\u017cszym w godz. 8.00 &#8211; 9.00 i 14.00 &#8211; 16.00 Biuro LGD mo\u017ce by\u0107 zamkni\u0119te.<\/p>\n<p style=\"text-align: left;\"><strong>Biuro Tel<\/strong>:&nbsp; 14 698 18 92 <strong>nr. kom.<\/strong> 600 856 618&nbsp; &nbsp; &nbsp; &nbsp; &nbsp; &nbsp; &nbsp; &nbsp; &nbsp; &nbsp; &nbsp; &nbsp; &nbsp; &nbsp; &nbsp; &nbsp; &nbsp; &nbsp; &nbsp; &nbsp; &nbsp; &nbsp; &nbsp; &nbsp; &nbsp; &nbsp; &nbsp; &nbsp; &nbsp; &nbsp; &nbsp; &nbsp; &nbsp; &nbsp; &nbsp; &nbsp; &nbsp; &nbsp; &nbsp; &nbsp; &nbsp; &nbsp; &nbsp; &nbsp; &nbsp; &nbsp; &nbsp; &nbsp; &nbsp; &nbsp; &nbsp; &nbsp; &nbsp; &nbsp; &nbsp; &nbsp; &nbsp; &nbsp; &nbsp; &nbsp; &nbsp; &nbsp; &nbsp; &nbsp; &nbsp; &nbsp; &nbsp; &nbsp; &nbsp; &nbsp; &nbsp; &nbsp; &nbsp; &nbsp; &nbsp; &nbsp; &nbsp; &nbsp; &nbsp; &nbsp; &nbsp; &nbsp; &nbsp; &nbsp; &nbsp; &nbsp; &nbsp; &nbsp; &nbsp; &nbsp;<\/p>\n<p style=\"text-align: left;\"><strong>email:<\/strong>&nbsp;<a title=\"wy\u015blij email\" href=\"mailto:biuro@dolinaraby.pl\">biuro@dolinaraby.pl<\/a><\/p>\n<p><a title=\"raba\" href=\"http:\/\/www.dolinaraby.pl\">http:\/\/www.dolinaraby.pl<\/a><\/p>\n<p><strong>Nr konta bankowego dla wp\u0142acaj\u0105cych sk\u0142adki cz\u0142onkowskie:<br><\/strong><strong>Ma\u0142opolski Bank Sp\u00f3\u0142dzielczy w Wieliczce<\/strong>: 20 8619 0006 0010 0200 8833 0001<\/p>\n<p><strong>NIP<\/strong> 6832029170<\/p>\n<p><strong>REGON<\/strong> 120847752<\/p>\n<p><strong>KRS<\/strong> 0000316230<\/p>\n\n\n<p><\/p>\n","protected":false},"excerpt":{"rendered":"<p>Biuro LGD &#8222;Dolina Raby&#8221; Adres:ul. Strzelecka 2G\/1 32-700 Bochnia, Gmina Bochnia &nbsp; \u21d2 Biuro LGD przyjmuje strony od pon &#8211; pt w godzinach 9.00 &#8211;&hellip;<\/p>\n","protected":false},"author":1,"featured_media":0,"parent":0,"menu_order":0,"comment_status":"closed","ping_status":"closed","template":"","meta":{"_monsterinsights_skip_tracking":false,"_monsterinsights_sitenote_active":false,"_monsterinsights_sitenote_note":"","_monsterinsights_sitenote_category":0,"_lmt_disableupdate":"","_lmt_disable":"","ngg_post_thumbnail":0,"footnotes":""},"class_list":["post-20","page","type-page","status-publish","hentry"],"_links":{"self":[{"href":"http:\/\/dolinaraby.pl\/1\/wp-json\/wp\/v2\/pages\/20","targetHints":{"allow":["GET"]}}],"collection":[{"href":"http:\/\/dolinaraby.pl\/1\/wp-json\/wp\/v2\/pages"}],"about":[{"href":"http:\/\/dolinaraby.pl\/1\/wp-json\/wp\/v2\/types\/page"}],"author":[{"embeddable":true,"href":"http:\/\/dolinaraby.pl\/1\/wp-json\/wp\/v2\/users\/1"}],"replies":[{"embeddable":true,"href":"http:\/\/dolinaraby.pl\/1\/wp-json\/wp\/v2\/comments?post=20"}],"version-history":[{"count":31,"href":"http:\/\/dolinaraby.pl\/1\/wp-json\/wp\/v2\/pages\/20\/revisions"}],"predecessor-version":[{"id":14746,"href":"http:\/\/dolinaraby.pl\/1\/wp-json\/wp\/v2\/pages\/20\/revisions\/14746"}],"wp:attachment":[{"href":"http:\/\/dolinaraby.pl\/1\/wp-json\/wp\/v2\/media?parent=20"}],"curies":[{"name":"wp","href":"https:\/\/api.w.org\/{rel}","templated":true}]}}