{"id":27,"date":"2012-12-01T12:38:13","date_gmt":"2012-12-01T11:38:13","guid":{"rendered":"http:\/\/dolinaraby.pl\/nowa_strona\/?page_id=27"},"modified":"2025-01-14T15:12:35","modified_gmt":"2025-01-14T14:12:35","slug":"biuro-lgd","status":"publish","type":"page","link":"http:\/\/dolinaraby.pl\/1\/biuro-lgd\/","title":{"rendered":"Biuro LGD"},"content":{"rendered":"\n<h2 class=\"wp-block-heading\"><mark style=\"background-color:rgba(0, 0, 0, 0)\" class=\"has-inline-color has-vivid-cyan-blue-color\">BIURO LGD<\/mark><\/h2>\n\n\n\n<p><\/p>\n\n\n\n<p><strong>Biuro LGD &#8222;Dolina Raby&#8221;<\/strong> znajduje si\u0119 na ul. Strzeleckiej 2G\/1 32-700 Bochnia. Przyjmuje strony od pon &#8211; pt w godz. 9.00 &#8211; 14.00. Pracownicy biura udzielaj\u0105 bezp\u0142atnego doradztwa jak przygotowa\u0107 wnioski aplikacyjne w ramach dzia\u0142a\u0144 RLKS &#8211; LEADER.<\/p>\n\n\n\n<p>Telefon do biura:  kom. 600 856 618 e-mail: <a href=\"mailto:biuro@dolinaraby.pl\"><mark style=\"background-color:rgba(0, 0, 0, 0)\" class=\"has-inline-color has-black-color\">biuro@dolinaraby.pl<\/mark><\/a><\/p>\n\n\n\n<p><strong>Pracownicy biura LGD: <mark style=\"background-color:rgba(0, 0, 0, 0)\" class=\"has-inline-color has-black-color\"><\/mark><\/strong><\/p>\n\n\n\n<p>Natalia We\u0142na &#8211; Specjalista ds. przygotowania, realizacji i rozliczania projekt\u00f3w                                                                                              Monika Wigurska &#8211; Pracownik ds. funduszy                                                                                                                                                                            <\/p>\n\n\n\n<p>Aneta Lach &#8211; Pracownik ds. funduszy<br>Gabriela Korta<strong> <\/strong>&#8211; Pracownik biurowy\u00a0<\/p>\n\n\n\n<p><strong>Zapraszamy do wype\u0142nienia ankiety oceniaj\u0105cej poziom doradztwa naszych pracownik\u00f3w.<\/strong><\/p>\n\n\n\n<p>www.profitest.pl\/s\/59679\/M5Szalo6<\/p>\n\n\n\n<p><\/p>\n","protected":false},"excerpt":{"rendered":"<p>BIURO LGD Biuro LGD &#8222;Dolina Raby&#8221; znajduje si\u0119 na ul. Strzeleckiej 2G\/1 32-700 Bochnia. Przyjmuje strony od pon &#8211; pt w godz. 9.00 &#8211; 14.00.&hellip;<\/p>\n","protected":false},"author":1,"featured_media":0,"parent":0,"menu_order":0,"comment_status":"closed","ping_status":"closed","template":"","meta":{"_monsterinsights_skip_tracking":false,"_monsterinsights_sitenote_active":false,"_monsterinsights_sitenote_note":"","_monsterinsights_sitenote_category":0,"_lmt_disableupdate":"","_lmt_disable":"","ngg_post_thumbnail":0,"footnotes":""},"class_list":["post-27","page","type-page","status-publish","hentry"],"_links":{"self":[{"href":"http:\/\/dolinaraby.pl\/1\/wp-json\/wp\/v2\/pages\/27","targetHints":{"allow":["GET"]}}],"collection":[{"href":"http:\/\/dolinaraby.pl\/1\/wp-json\/wp\/v2\/pages"}],"about":[{"href":"http:\/\/dolinaraby.pl\/1\/wp-json\/wp\/v2\/types\/page"}],"author":[{"embeddable":true,"href":"http:\/\/dolinaraby.pl\/1\/wp-json\/wp\/v2\/users\/1"}],"replies":[{"embeddable":true,"href":"http:\/\/dolinaraby.pl\/1\/wp-json\/wp\/v2\/comments?post=27"}],"version-history":[{"count":34,"href":"http:\/\/dolinaraby.pl\/1\/wp-json\/wp\/v2\/pages\/27\/revisions"}],"predecessor-version":[{"id":14761,"href":"http:\/\/dolinaraby.pl\/1\/wp-json\/wp\/v2\/pages\/27\/revisions\/14761"}],"wp:attachment":[{"href":"http:\/\/dolinaraby.pl\/1\/wp-json\/wp\/v2\/media?parent=27"}],"curies":[{"name":"wp","href":"https:\/\/api.w.org\/{rel}","templated":true}]}}