{"id":40,"date":"2012-12-01T12:39:51","date_gmt":"2012-12-01T11:39:51","guid":{"rendered":"http:\/\/dolinaraby.pl\/nowa_strona\/?page_id=40"},"modified":"2024-12-11T12:22:02","modified_gmt":"2024-12-11T11:22:02","slug":"statut","status":"publish","type":"page","link":"http:\/\/dolinaraby.pl\/1\/statut\/","title":{"rendered":"Statut"},"content":{"rendered":"\n<h2 class=\"wp-block-heading\"><mark style=\"background-color:rgba(0, 0, 0, 0)\" class=\"has-inline-color has-vivid-cyan-blue-color\">STATUT STOWARZYSZENIA<\/mark><\/h2>\n\n\n\n<p>Statut jest podstawowym dokumentem stowarzyszenia, kt\u00f3ry reguluje spos\u00f3b jego funkcjonowania , okre\u015bla m.in. cele, zadania i zakres dzia\u0142ania oraz okre\u015bla kompetencje organ\u00f3w stowarzyszenia.<\/p>\n\n\n\n<p>Statut jest uchwalany i zmieniamy przez najwy\u017csz\u0105 w\u0142adz\u0119 Stowarzyszenia, tj. Walne Zebranie Cz\u0142onk\u00f3w.<\/p>\n\n\n\n<div class=\"wp-block-group\"><div class=\"wp-block-group__inner-container is-layout-constrained wp-block-group-is-layout-constrained\">\n<div class=\"wp-block-columns is-layout-flex wp-container-core-columns-is-layout-9d6595d7 wp-block-columns-is-layout-flex\">\n<div class=\"wp-block-column is-layout-flow wp-block-column-is-layout-flow\" style=\"flex-basis:100%\">\n<div class=\"wp-block-group\"><div class=\"wp-block-group__inner-container is-layout-constrained wp-block-group-is-layout-constrained\">\n<div class=\"wp-block-file\"><a id=\"wp-block-file--media-01c9be98-8bcc-4288-b005-8194883cff9a\" href=\"http:\/\/dolinaraby.pl\/1\/wp-content\/uploads\/2024\/12\/Statut-Lokalna-Grupa-Dzialania-Dolina-Raby-1.pdf\">Statut Lokalna Grupa Dzia\u0142ania &#8222;Dolina Raby&#8221;_03.12.2024r.<\/a><a href=\"http:\/\/dolinaraby.pl\/1\/wp-content\/uploads\/2024\/12\/Statut-Lokalna-Grupa-Dzialania-Dolina-Raby-1.pdf\" class=\"wp-block-file__button wp-element-button\" download aria-describedby=\"wp-block-file--media-01c9be98-8bcc-4288-b005-8194883cff9a\">Pobierz<\/a><\/div>\n<\/div><\/div>\n<\/div>\n<\/div>\n<\/div><\/div>\n\n\n\n<div style=\"height:45px\" aria-hidden=\"true\" class=\"wp-block-spacer\"><\/div>\n\n\n\n<p><\/p>\n","protected":false},"excerpt":{"rendered":"<p>STATUT STOWARZYSZENIA Statut jest podstawowym dokumentem stowarzyszenia, kt\u00f3ry reguluje spos\u00f3b jego funkcjonowania , okre\u015bla m.in. cele, zadania i zakres dzia\u0142ania oraz okre\u015bla kompetencje organ\u00f3w stowarzyszenia.&hellip;<\/p>\n","protected":false},"author":1,"featured_media":0,"parent":0,"menu_order":0,"comment_status":"open","ping_status":"open","template":"","meta":{"_monsterinsights_skip_tracking":false,"_monsterinsights_sitenote_active":false,"_monsterinsights_sitenote_note":"","_monsterinsights_sitenote_category":0,"_lmt_disableupdate":"","_lmt_disable":"","ngg_post_thumbnail":0,"footnotes":""},"class_list":["post-40","page","type-page","status-publish","hentry"],"_links":{"self":[{"href":"http:\/\/dolinaraby.pl\/1\/wp-json\/wp\/v2\/pages\/40","targetHints":{"allow":["GET"]}}],"collection":[{"href":"http:\/\/dolinaraby.pl\/1\/wp-json\/wp\/v2\/pages"}],"about":[{"href":"http:\/\/dolinaraby.pl\/1\/wp-json\/wp\/v2\/types\/page"}],"author":[{"embeddable":true,"href":"http:\/\/dolinaraby.pl\/1\/wp-json\/wp\/v2\/users\/1"}],"replies":[{"embeddable":true,"href":"http:\/\/dolinaraby.pl\/1\/wp-json\/wp\/v2\/comments?post=40"}],"version-history":[{"count":27,"href":"http:\/\/dolinaraby.pl\/1\/wp-json\/wp\/v2\/pages\/40\/revisions"}],"predecessor-version":[{"id":14647,"href":"http:\/\/dolinaraby.pl\/1\/wp-json\/wp\/v2\/pages\/40\/revisions\/14647"}],"wp:attachment":[{"href":"http:\/\/dolinaraby.pl\/1\/wp-json\/wp\/v2\/media?parent=40"}],"curies":[{"name":"wp","href":"https:\/\/api.w.org\/{rel}","templated":true}]}}