{"id":42,"date":"2012-12-01T12:39:59","date_gmt":"2012-12-01T11:39:59","guid":{"rendered":"http:\/\/dolinaraby.pl\/nowa_strona\/?page_id=42"},"modified":"2024-12-30T14:04:32","modified_gmt":"2024-12-30T13:04:32","slug":"strategia","status":"publish","type":"page","link":"http:\/\/dolinaraby.pl\/1\/strategia\/","title":{"rendered":"LSR 2023-2027"},"content":{"rendered":"\n<h2 class=\"wp-block-heading\"><mark style=\"background-color:rgba(0, 0, 0, 0)\" class=\"has-inline-color has-vivid-cyan-blue-color\">LOKALNA STRATEGIA ROZWOJU NA LATA 2023-2027<\/mark><\/h2>\n\n\n\n<p>Stowarzyszenia Lokalna Grupa Dzia\u0142ania \u201eDolina Raby\u201d realizuje wielofunduszow\u0105 Lokaln\u0105 Strategi\u0119 Rozwoju na lata 2023-2027.  Zaplanowane w ramach LSR dzia\u0142ania b\u0119d\u0105 wspierane przez:<\/p>\n\n\n\n<ul class=\"wp-block-list\">\n<li>Europejski Fundusz Rolny na rzecz Rozwoju Obszar\u00f3w Wiejskich (EFRROW)<\/li>\n\n\n\n<li>Europejski Fundusz Rozwoju Regionalnego (EFRR)<\/li>\n\n\n\n<li>Europejski Fundusz Spo\u0142eczny PLUS (EFS+).<\/li>\n<\/ul>\n\n\n\n<p>Bud\u017cet przeznaczony na realizacj\u0119 operacji w ramach LSR: <strong>4 958 156 EUR<\/strong><\/p>\n\n\n\n<div class=\"wp-block-file\"><a id=\"wp-block-file--media-63b7c8f3-2061-42d7-9e88-3552ee0580f8\" href=\"http:\/\/dolinaraby.pl\/1\/wp-content\/uploads\/2024\/04\/LSR-Dolina-Raby-aktualizacja-z-dnia-23.02.2024.pdf\"><mark style=\"background-color:rgba(0, 0, 0, 0);color:#4da638\" class=\"has-inline-color\">Lokalna Strategia Rozwoju na lata 2023-2027<\/mark>_<mark style=\"background-color:rgba(0, 0, 0, 0);color:#4da638\" class=\"has-inline-color\">23.02.2024<\/mark><\/a><a href=\"http:\/\/dolinaraby.pl\/1\/wp-content\/uploads\/2024\/04\/LSR-Dolina-Raby-aktualizacja-z-dnia-23.02.2024.pdf\" class=\"wp-block-file__button wp-element-button\" download aria-describedby=\"wp-block-file--media-63b7c8f3-2061-42d7-9e88-3552ee0580f8\">Pobierz<\/a><\/div>\n\n\n\n<div class=\"wp-block-file\"><a id=\"wp-block-file--media-e0476448-b478-4bd4-b9d6-f1f9bb25273f\" href=\"http:\/\/dolinaraby.pl\/1\/wp-content\/uploads\/2024\/12\/LSR-AKTUALANA-12.11.2024.pdf\">Lokalna Strategia Rozwoju- aktualizacja 12.11.2024<\/a><a href=\"http:\/\/dolinaraby.pl\/1\/wp-content\/uploads\/2024\/12\/LSR-AKTUALANA-12.11.2024.pdf\" class=\"wp-block-file__button wp-element-button\" download aria-describedby=\"wp-block-file--media-e0476448-b478-4bd4-b9d6-f1f9bb25273f\">Pobierz<\/a><\/div>\n\n\n\n<p class=\"has-text-align-left\"><mark style=\"background-color:rgba(0, 0, 0, 0)\" class=\"has-inline-color has-vivid-cyan-blue-color\"><strong>OPIS PLANOWANEJ DO REALIZACJI OPERACJI W\u0141ASNEJ LGD, O KT\u00d3REJ MOWA W USTAWIE RLKS<\/strong><\/mark><\/p>\n\n\n\n<div class=\"wp-block-file\"><a id=\"wp-block-file--media-18b129f3-cf1b-49bd-b561-2e9b60b122c7\" href=\"http:\/\/dolinaraby.pl\/1\/wp-content\/uploads\/2024\/12\/OPIS-PLANOWANEJ-OPERACJI-WLASNEJ-2.pdf\">Opis planowanej do realizacji operacji w\u0142asnej LGD, o kt\u00f3rej mowa w ustawie RLKS<\/a><a href=\"http:\/\/dolinaraby.pl\/1\/wp-content\/uploads\/2024\/12\/OPIS-PLANOWANEJ-OPERACJI-WLASNEJ-2.pdf\" class=\"wp-block-file__button wp-element-button\" download aria-describedby=\"wp-block-file--media-18b129f3-cf1b-49bd-b561-2e9b60b122c7\">Pobierz<\/a><\/div>\n","protected":false},"excerpt":{"rendered":"<p>LOKALNA STRATEGIA ROZWOJU NA LATA 2023-2027 Stowarzyszenia Lokalna Grupa Dzia\u0142ania \u201eDolina Raby\u201d realizuje wielofunduszow\u0105 Lokaln\u0105 Strategi\u0119 Rozwoju na lata 2023-2027. Zaplanowane w ramach LSR dzia\u0142ania&hellip;<\/p>\n","protected":false},"author":1,"featured_media":0,"parent":0,"menu_order":0,"comment_status":"closed","ping_status":"closed","template":"","meta":{"_monsterinsights_skip_tracking":false,"_monsterinsights_sitenote_active":false,"_monsterinsights_sitenote_note":"","_monsterinsights_sitenote_category":0,"_lmt_disableupdate":"","_lmt_disable":"","ngg_post_thumbnail":0,"footnotes":""},"class_list":["post-42","page","type-page","status-publish","hentry"],"_links":{"self":[{"href":"http:\/\/dolinaraby.pl\/1\/wp-json\/wp\/v2\/pages\/42","targetHints":{"allow":["GET"]}}],"collection":[{"href":"http:\/\/dolinaraby.pl\/1\/wp-json\/wp\/v2\/pages"}],"about":[{"href":"http:\/\/dolinaraby.pl\/1\/wp-json\/wp\/v2\/types\/page"}],"author":[{"embeddable":true,"href":"http:\/\/dolinaraby.pl\/1\/wp-json\/wp\/v2\/users\/1"}],"replies":[{"embeddable":true,"href":"http:\/\/dolinaraby.pl\/1\/wp-json\/wp\/v2\/comments?post=42"}],"version-history":[{"count":102,"href":"http:\/\/dolinaraby.pl\/1\/wp-json\/wp\/v2\/pages\/42\/revisions"}],"predecessor-version":[{"id":14737,"href":"http:\/\/dolinaraby.pl\/1\/wp-json\/wp\/v2\/pages\/42\/revisions\/14737"}],"wp:attachment":[{"href":"http:\/\/dolinaraby.pl\/1\/wp-json\/wp\/v2\/media?parent=42"}],"curies":[{"name":"wp","href":"https:\/\/api.w.org\/{rel}","templated":true}]}}