{"id":6246,"date":"2016-06-16T14:17:05","date_gmt":"2016-06-16T12:17:05","guid":{"rendered":"http:\/\/dolinaraby.pl\/?page_id=6246"},"modified":"2024-09-30T11:24:50","modified_gmt":"2024-09-30T09:24:50","slug":"procedury","status":"publish","type":"page","link":"http:\/\/dolinaraby.pl\/1\/procedury\/","title":{"rendered":"PROCEDURY"},"content":{"rendered":"\n<h2 class=\"wp-block-heading\"><span style=\"color: #000000;\"><\/span><\/h2>\n\n\n\n<h2 class=\"wp-block-heading\"><mark style=\"background-color:rgba(0, 0, 0, 0)\" class=\"has-inline-color has-vivid-cyan-blue-color\">PROCEDURY OCENY I WYBORU PROJEKT\u00d3W<\/mark><\/h2>\n\n\n\n<p>W zak\u0142adce tej znajduj\u0105 si\u0119 procedury reguluj\u0105ce wyb\u00f3r projekt\u00f3w oraz zada\u0144 grantowych w ramach Lokalnej Strategii Rozwoju na lata 2023-2027. <\/p>\n\n\n\n<p><strong>Procedura oceny i wyboru operacji w ramach PS WPR na lata 2023-2027 dla interwencji I.13.1. LEADER<\/strong><\/p>\n\n\n\n<div class=\"wp-block-file\"><a id=\"wp-block-file--media-e2fb30e0-7523-403d-9d7a-353340788581\" href=\"http:\/\/dolinaraby.pl\/1\/wp-content\/uploads\/2024\/09\/PROCEDURA-KONKURSOWA-i-WLASNE-91.pdf\"><mark style=\"background-color:rgba(0, 0, 0, 0);color:#4da638\" class=\"has-inline-color\">Procedura PS WPR_ 29.04.2024r.<\/mark><\/a><a href=\"http:\/\/dolinaraby.pl\/1\/wp-content\/uploads\/2024\/09\/PROCEDURA-KONKURSOWA-i-WLASNE-91.pdf\" class=\"wp-block-file__button wp-element-button\" download aria-describedby=\"wp-block-file--media-e2fb30e0-7523-403d-9d7a-353340788581\">Pobierz<\/a><\/div>\n\n\n\n<div class=\"wp-block-file\"><a id=\"wp-block-file--media-9d0f20be-c5b6-4071-8ec3-11b83218eced\" href=\"http:\/\/dolinaraby.pl\/1\/wp-content\/uploads\/2024\/09\/Zalacznik-nr-1-Karta-oceny-wedlug-podstawowych-lokalnych-kryteriow-31.pdf\"><mark style=\"background-color:rgba(0, 0, 0, 0);color:#4da638\" class=\"has-inline-color\">Za\u0142\u0105cznik nr 1 Karta oceny wed\u0142ug podstawowych lokalnych kryteri\u00f3w wyboru<\/mark><\/a><a href=\"http:\/\/dolinaraby.pl\/1\/wp-content\/uploads\/2024\/09\/Zalacznik-nr-1-Karta-oceny-wedlug-podstawowych-lokalnych-kryteriow-31.pdf\" class=\"wp-block-file__button wp-element-button\" download aria-describedby=\"wp-block-file--media-9d0f20be-c5b6-4071-8ec3-11b83218eced\">Pobierz<\/a><\/div>\n\n\n\n<div class=\"wp-block-file\"><a id=\"wp-block-file--media-99da167d-fff6-4553-90e1-68c745d9805b\" href=\"http:\/\/dolinaraby.pl\/1\/wp-content\/uploads\/2024\/09\/Zalacznik-nr-2-Karta-oceny-premiujacej-3.pdf\"><mark style=\"background-color:rgba(0, 0, 0, 0);color:#4da638\" class=\"has-inline-color\">Za\u0142\u0105cznik nr 2 Karta oceny premiuj\u0105cej<\/mark> <\/a><a href=\"http:\/\/dolinaraby.pl\/1\/wp-content\/uploads\/2024\/09\/Zalacznik-nr-2-Karta-oceny-premiujacej-3.pdf\" class=\"wp-block-file__button wp-element-button\" download aria-describedby=\"wp-block-file--media-99da167d-fff6-4553-90e1-68c745d9805b\">Pobierz<\/a><\/div>\n\n\n\n<div class=\"wp-block-file\"><a id=\"wp-block-file--media-d7168a07-a843-4cef-a9ea-243a284d3151\" href=\"http:\/\/dolinaraby.pl\/1\/wp-content\/uploads\/2024\/09\/Zalacznik-nr-3-Ustalanie-kwoty-wsparcia-21.pdf\"><mark style=\"background-color:rgba(0, 0, 0, 0);color:#4da638\" class=\"has-inline-color\">Za\u0142\u0105cznik nr 3 Karta ustalenia kwoty pomocy<\/mark><\/a><a href=\"http:\/\/dolinaraby.pl\/1\/wp-content\/uploads\/2024\/09\/Zalacznik-nr-3-Ustalanie-kwoty-wsparcia-21.pdf\" class=\"wp-block-file__button wp-element-button\" download aria-describedby=\"wp-block-file--media-d7168a07-a843-4cef-a9ea-243a284d3151\">Pobierz<\/a><\/div>\n\n\n\n<div style=\"height:17px\" aria-hidden=\"true\" class=\"wp-block-spacer\"><\/div>\n\n\n\n<p><strong><span style=\"color: #000000;\">Procedura oceny i wyboru oraz rozliczania, monitoringu i kontroli grantobiorc\u00f3w w ramach PS WPR na lata 20<\/span>23-2027 dla interwencji I.13.1. LEADER<\/strong><\/p>\n\n\n\n<div class=\"wp-block-file\"><a id=\"wp-block-file--media-e20b3abe-4ae9-42c9-98c4-5c416aa6a7c3\" href=\"http:\/\/dolinaraby.pl\/1\/wp-content\/uploads\/2024\/09\/PROCEDURA-GRANTOWA-8-z-kartami.pdf\"><mark style=\"background-color:rgba(0, 0, 0, 0);color:#4da638\" class=\"has-inline-color\">Procedura _29.04.2024<\/mark>r.<\/a><a href=\"http:\/\/dolinaraby.pl\/1\/wp-content\/uploads\/2024\/09\/PROCEDURA-GRANTOWA-8-z-kartami.pdf\" class=\"wp-block-file__button wp-element-button\" download aria-describedby=\"wp-block-file--media-e20b3abe-4ae9-42c9-98c4-5c416aa6a7c3\">Pobierz<\/a><\/div>\n\n\n\n<div style=\"height:16px\" aria-hidden=\"true\" class=\"wp-block-spacer\"><\/div>\n\n\n\n<p><strong>Procedura oceny i wyboru operacji w ramach EFS+ i EFRR na lata 2021-2027<\/strong><\/p>\n\n\n\n<div class=\"wp-block-file\"><a id=\"wp-block-file--media-02093355-324b-4b1b-84c8-9dc497f25055\" href=\"http:\/\/dolinaraby.pl\/1\/wp-content\/uploads\/2024\/09\/PROCEDURA-KONKURSOWA-EFS-i-EFRR-6.pdf\"><mark style=\"background-color:rgba(0, 0, 0, 0);color:#4da638\" class=\"has-inline-color\">Procedura EFS+i EFRR _29.04.2024r.<\/mark><\/a><a href=\"http:\/\/dolinaraby.pl\/1\/wp-content\/uploads\/2024\/09\/PROCEDURA-KONKURSOWA-EFS-i-EFRR-6.pdf\" class=\"wp-block-file__button wp-element-button\" download aria-describedby=\"wp-block-file--media-02093355-324b-4b1b-84c8-9dc497f25055\">Pobierz<\/a><\/div>\n\n\n\n<div class=\"wp-block-file\"><a id=\"wp-block-file--media-084aeecf-f46e-4b6b-afcc-8a8fbc2e47a4\" href=\"http:\/\/dolinaraby.pl\/1\/wp-content\/uploads\/2024\/09\/Zalacznik-nr-1-FEM-Karta-oceny-wedlug-podstawowych-lokalnych-kryteriow-1.pdf\"><mark style=\"background-color:rgba(0, 0, 0, 0);color:#4da638\" class=\"has-inline-color\">Za\u0142\u0105cznik nr 1 Karta oceny wed\u0142ug podstawowych lokalnych kryteri\u00f3w<\/mark> <\/a><a href=\"http:\/\/dolinaraby.pl\/1\/wp-content\/uploads\/2024\/09\/Zalacznik-nr-1-FEM-Karta-oceny-wedlug-podstawowych-lokalnych-kryteriow-1.pdf\" class=\"wp-block-file__button wp-element-button\" download aria-describedby=\"wp-block-file--media-084aeecf-f46e-4b6b-afcc-8a8fbc2e47a4\">Pobierz<\/a><\/div>\n\n\n\n<div class=\"wp-block-file\"><a id=\"wp-block-file--media-18f5b974-793c-4d80-a14d-8c91a4e538a8\" href=\"http:\/\/dolinaraby.pl\/1\/wp-content\/uploads\/2024\/09\/Zalacznik-nr-2-FEM-Karta-oceny-premiujacej-1.pdf\"><mark style=\"background-color:rgba(0, 0, 0, 0);color:#4da638\" class=\"has-inline-color\">Za\u0142\u0105cznik nr 2 Karta oceny premiuj\u0105cej<\/mark><\/a><a href=\"http:\/\/dolinaraby.pl\/1\/wp-content\/uploads\/2024\/09\/Zalacznik-nr-2-FEM-Karta-oceny-premiujacej-1.pdf\" class=\"wp-block-file__button wp-element-button\" download aria-describedby=\"wp-block-file--media-18f5b974-793c-4d80-a14d-8c91a4e538a8\">Pobierz<\/a><\/div>\n\n\n\n<div style=\"height:28px\" aria-hidden=\"true\" class=\"wp-block-spacer\"><\/div>\n\n\n\n<p><\/p>\n","protected":false},"excerpt":{"rendered":"<p>PROCEDURY OCENY I WYBORU PROJEKT\u00d3W W zak\u0142adce tej znajduj\u0105 si\u0119 procedury reguluj\u0105ce wyb\u00f3r projekt\u00f3w oraz zada\u0144 grantowych w ramach Lokalnej Strategii Rozwoju na lata 2023-2027.&hellip;<\/p>\n","protected":false},"author":1,"featured_media":0,"parent":0,"menu_order":0,"comment_status":"closed","ping_status":"closed","template":"","meta":{"_monsterinsights_skip_tracking":false,"_monsterinsights_sitenote_active":false,"_monsterinsights_sitenote_note":"","_monsterinsights_sitenote_category":0,"_lmt_disableupdate":"","_lmt_disable":"","ngg_post_thumbnail":0,"footnotes":""},"class_list":["post-6246","page","type-page","status-publish","hentry"],"_links":{"self":[{"href":"http:\/\/dolinaraby.pl\/1\/wp-json\/wp\/v2\/pages\/6246","targetHints":{"allow":["GET"]}}],"collection":[{"href":"http:\/\/dolinaraby.pl\/1\/wp-json\/wp\/v2\/pages"}],"about":[{"href":"http:\/\/dolinaraby.pl\/1\/wp-json\/wp\/v2\/types\/page"}],"author":[{"embeddable":true,"href":"http:\/\/dolinaraby.pl\/1\/wp-json\/wp\/v2\/users\/1"}],"replies":[{"embeddable":true,"href":"http:\/\/dolinaraby.pl\/1\/wp-json\/wp\/v2\/comments?post=6246"}],"version-history":[{"count":50,"href":"http:\/\/dolinaraby.pl\/1\/wp-json\/wp\/v2\/pages\/6246\/revisions"}],"predecessor-version":[{"id":14395,"href":"http:\/\/dolinaraby.pl\/1\/wp-json\/wp\/v2\/pages\/6246\/revisions\/14395"}],"wp:attachment":[{"href":"http:\/\/dolinaraby.pl\/1\/wp-json\/wp\/v2\/media?parent=6246"}],"curies":[{"name":"wp","href":"https:\/\/api.w.org\/{rel}","templated":true}]}}