{"id":7496,"date":"2017-11-14T10:14:02","date_gmt":"2017-11-14T09:14:02","guid":{"rendered":"http:\/\/dolinaraby.pl\/?page_id=7496"},"modified":"2025-01-03T09:14:30","modified_gmt":"2025-01-03T08:14:30","slug":"plan-komunikacji","status":"publish","type":"page","link":"http:\/\/dolinaraby.pl\/1\/plan-komunikacji\/","title":{"rendered":"PLAN KOMUNIKACJI"},"content":{"rendered":"\n<p><\/p>\n\n\n\n<h2 class=\"wp-block-heading\"><mark style=\"background-color:rgba(0, 0, 0, 0)\" class=\"has-inline-color has-vivid-cyan-blue-color\">PLAN KOMUNIKACJI I PLAN SZKOLE\u0143<\/mark><mark style=\"background-color:rgba(0, 0, 0, 0)\" class=\"has-inline-color has-vivid-cyan-blue-color\"><\/mark><\/h2>\n\n\n\n<div class=\"wp-block-columns is-layout-flex wp-container-core-columns-is-layout-9d6595d7 wp-block-columns-is-layout-flex\">\n<div class=\"wp-block-column is-layout-flow wp-block-column-is-layout-flow\">\n<p><strong>PLAN KOMUNIKACJI Z LOKALN\u0104 SPO\u0141ECZNO\u015aCI\u0104<\/strong> to strategia komunikacji LGD, kt\u00f3ra okre\u015bla warunki aktywnego i ci\u0105g\u0142ego uczestnictwa lokalnej spo\u0142eczno\u015bci w bie\u017c\u0105cym wdra\u017caniu lokalnej strategii rozwoju oraz budowaniu potencja\u0142u kapita\u0142u spo\u0142ecznego na obszarze obj\u0119tym LSR.  Plan komunikacji stanowi za\u0142\u0105cznik nr 2 do umowy ramowej. <\/p>\n<\/div>\n<\/div>\n\n\n\n<div style=\"height:9px\" aria-hidden=\"true\" class=\"wp-block-spacer\"><\/div>\n\n\n\n<div class=\"wp-block-columns is-layout-flex wp-container-core-columns-is-layout-9d6595d7 wp-block-columns-is-layout-flex\">\n<div class=\"wp-block-column is-layout-flow wp-block-column-is-layout-flow\">\n<div class=\"wp-block-file\"><a id=\"wp-block-file--media-a029dab5-78ef-4234-ac93-43f9a2c40bfb\" href=\"http:\/\/dolinaraby.pl\/1\/wp-content\/uploads\/2024\/01\/za._nr_2_Plan_komunikacji-LGD-DOLINA-RABY.pdf\"><mark style=\"background-color:rgba(0, 0, 0, 0);color:#4da638\" class=\"has-inline-color\">Plan Komunikacji _11.01.2024<\/mark><\/a><a href=\"http:\/\/dolinaraby.pl\/1\/wp-content\/uploads\/2024\/01\/za._nr_2_Plan_komunikacji-LGD-DOLINA-RABY.pdf\" class=\"wp-block-file__button wp-element-button\" download aria-describedby=\"wp-block-file--media-a029dab5-78ef-4234-ac93-43f9a2c40bfb\">Pobierz<\/a><\/div>\n<\/div>\n<\/div>\n\n\n\n<div class=\"wp-block-file\"><a id=\"wp-block-file--media-8808c90c-dd77-4b9b-bc3a-d90b6368a229\" href=\"http:\/\/dolinaraby.pl\/1\/wp-content\/uploads\/2024\/12\/Zal.-nr-2-do-umowy-Plan-Komunikacji.pdf\">Plan Komunikacji _ aktualizacja listopad 2024r.<\/a><a href=\"http:\/\/dolinaraby.pl\/1\/wp-content\/uploads\/2024\/12\/Zal.-nr-2-do-umowy-Plan-Komunikacji.pdf\" class=\"wp-block-file__button wp-element-button\" download aria-describedby=\"wp-block-file--media-8808c90c-dd77-4b9b-bc3a-d90b6368a229\">Pobierz<\/a><\/div>\n\n\n\n<div style=\"height:19px\" aria-hidden=\"true\" class=\"wp-block-spacer\"><\/div>\n\n\n\n<p>Ponad to corocznie tworzony jest harmonogram realizacji planu komunikacji okre\u015blaj\u0105cy dzia\u0142ania komunikacyjne na dany rok kalendarzowy.<\/p>\n\n\n\n<div class=\"wp-block-file\"><a id=\"wp-block-file--media-15fb6f02-4adb-4b9f-84d3-739c42f23ca2\" href=\"http:\/\/dolinaraby.pl\/1\/wp-content\/uploads\/2024\/12\/Harmonogram-planu-komunikacji-na-2024.pdf\">Harmonogram planu komunikacji na 2024r. _ aktualizacja wrzesie\u0144 2024r.<\/a><a href=\"http:\/\/dolinaraby.pl\/1\/wp-content\/uploads\/2024\/12\/Harmonogram-planu-komunikacji-na-2024.pdf\" class=\"wp-block-file__button wp-element-button\" download aria-describedby=\"wp-block-file--media-15fb6f02-4adb-4b9f-84d3-739c42f23ca2\">Pobierz<\/a><\/div>\n\n\n\n<div class=\"wp-block-file\"><a id=\"wp-block-file--media-42fa0856-5270-4310-816b-e34c2c41920f\" href=\"http:\/\/dolinaraby.pl\/1\/wp-content\/uploads\/2025\/01\/Harmonogram-planu-komunikacji-na-2025r.pdf\">Harmonogram planu komunikacji na 2025r.<\/a><a href=\"http:\/\/dolinaraby.pl\/1\/wp-content\/uploads\/2025\/01\/Harmonogram-planu-komunikacji-na-2025r.pdf\" class=\"wp-block-file__button wp-element-button\" download aria-describedby=\"wp-block-file--media-42fa0856-5270-4310-816b-e34c2c41920f\">Pobierz<\/a><\/div>\n\n\n\n<div style=\"height:33px\" aria-hidden=\"true\" class=\"wp-block-spacer\"><\/div>\n\n\n\n<p><strong>PLAN SZKOLE\u0143 <\/strong>obejmuje dzia\u0142ania w zakresie planowania i realizacji szkole\u0144 organizowanych dla pracownik\u00f3w biura LGD i cz\u0142onk\u00f3w organu decyzyjnego LGD. Celem planu szkole\u0144 jest sta\u0142e podnoszenie poziomu wiedzy i kwalifikacji cz\u0142onk\u00f3w organu decyzyjnego i pracownik\u00f3w biura LGD, kt\u00f3re prowadzi\u0107 b\u0119dzie do coraz lepszej obs\u0142ugi interesanta i doskonaleniu umiej\u0119tno\u015bci koniecznych do wykonywania powierzonych zada\u0144 zwi\u0105zanych z ocen\u0105 wniosk\u00f3w sk\u0142adanych do LGD.<\/p>\n\n\n\n<div class=\"wp-block-file\"><a id=\"wp-block-file--media-82e57451-6597-4c67-ab73-a78569cc71f9\" href=\"http:\/\/dolinaraby.pl\/1\/wp-content\/uploads\/2024\/05\/Plan-szkolen-DR.pdf\"><mark style=\"background-color:rgba(0, 0, 0, 0);color:#4da638\" class=\"has-inline-color\">Plan szkole\u0144_ 29.04.2024<\/mark><\/a><a href=\"http:\/\/dolinaraby.pl\/1\/wp-content\/uploads\/2024\/05\/Plan-szkolen-DR.pdf\" class=\"wp-block-file__button wp-element-button\" download aria-describedby=\"wp-block-file--media-82e57451-6597-4c67-ab73-a78569cc71f9\">Pobierz<\/a><\/div>\n\n\n\n<div class=\"wp-block-file\"><a id=\"wp-block-file--media-d1a64be6-54fb-4589-adce-01f4700d6580\" href=\"http:\/\/dolinaraby.pl\/1\/wp-content\/uploads\/2025\/01\/Plan-szkolen-_akt.XII_.2024.pdf\">Plan szkole\u0144 _akt.XII.2024<\/a><a href=\"http:\/\/dolinaraby.pl\/1\/wp-content\/uploads\/2025\/01\/Plan-szkolen-_akt.XII_.2024.pdf\" class=\"wp-block-file__button wp-element-button\" download aria-describedby=\"wp-block-file--media-d1a64be6-54fb-4589-adce-01f4700d6580\">Pobierz<\/a><\/div>\n\n\n\n<div style=\"height:13px\" aria-hidden=\"true\" class=\"wp-block-spacer\"><\/div>\n\n\n\n<p><strong><mark style=\"background-color:rgba(0, 0, 0, 0)\" class=\"has-inline-color has-vivid-red-color\"><\/mark><\/strong><\/p>\n\n\n\n<div style=\"height:0px\" aria-hidden=\"true\" class=\"wp-block-spacer\"><\/div>\n\n\n\n<div style=\"height:28px\" aria-hidden=\"true\" class=\"wp-block-spacer\"><\/div>\n\n\n\n<p><\/p>\n","protected":false},"excerpt":{"rendered":"<p>PLAN KOMUNIKACJI I PLAN SZKOLE\u0143 PLAN KOMUNIKACJI Z LOKALN\u0104 SPO\u0141ECZNO\u015aCI\u0104 to strategia komunikacji LGD, kt\u00f3ra okre\u015bla warunki aktywnego i ci\u0105g\u0142ego uczestnictwa lokalnej spo\u0142eczno\u015bci w bie\u017c\u0105cym&hellip;<\/p>\n","protected":false},"author":1,"featured_media":0,"parent":0,"menu_order":0,"comment_status":"closed","ping_status":"closed","template":"","meta":{"_monsterinsights_skip_tracking":false,"_monsterinsights_sitenote_active":false,"_monsterinsights_sitenote_note":"","_monsterinsights_sitenote_category":0,"_lmt_disableupdate":"","_lmt_disable":"","ngg_post_thumbnail":0,"footnotes":""},"class_list":["post-7496","page","type-page","status-publish","hentry"],"_links":{"self":[{"href":"http:\/\/dolinaraby.pl\/1\/wp-json\/wp\/v2\/pages\/7496","targetHints":{"allow":["GET"]}}],"collection":[{"href":"http:\/\/dolinaraby.pl\/1\/wp-json\/wp\/v2\/pages"}],"about":[{"href":"http:\/\/dolinaraby.pl\/1\/wp-json\/wp\/v2\/types\/page"}],"author":[{"embeddable":true,"href":"http:\/\/dolinaraby.pl\/1\/wp-json\/wp\/v2\/users\/1"}],"replies":[{"embeddable":true,"href":"http:\/\/dolinaraby.pl\/1\/wp-json\/wp\/v2\/comments?post=7496"}],"version-history":[{"count":118,"href":"http:\/\/dolinaraby.pl\/1\/wp-json\/wp\/v2\/pages\/7496\/revisions"}],"predecessor-version":[{"id":14749,"href":"http:\/\/dolinaraby.pl\/1\/wp-json\/wp\/v2\/pages\/7496\/revisions\/14749"}],"wp:attachment":[{"href":"http:\/\/dolinaraby.pl\/1\/wp-json\/wp\/v2\/media?parent=7496"}],"curies":[{"name":"wp","href":"https:\/\/api.w.org\/{rel}","templated":true}]}}