{"id":8528,"date":"2018-07-13T09:35:51","date_gmt":"2018-07-13T07:35:51","guid":{"rendered":"http:\/\/dolinaraby.pl\/?page_id=8528"},"modified":"2025-02-07T13:29:35","modified_gmt":"2025-02-07T12:29:35","slug":"harmonogram-naboru-wnioskow","status":"publish","type":"page","link":"http:\/\/dolinaraby.pl\/1\/harmonogram-naboru-wnioskow\/","title":{"rendered":"Harmonogram naboru wniosk\u00f3w"},"content":{"rendered":"\n<h2 class=\"wp-block-heading\"><mark style=\"background-color:rgba(0, 0, 0, 0);color:#4da638\" class=\"has-inline-color\">HARMONOGRAM NABORU WNIOSK\u00d3W<\/mark><\/h2>\n\n\n\n<p>Harmonogram naboru wniosk\u00f3w okre\u015bla planowany termin uruchomienia naboru wniosk\u00f3w w ramach konkretnych przedsi\u0119wzi\u0119\u0107 w LSR. Harmonogram ten jest aktualizowany w odst\u0119pie kwartalnym.<\/p>\n\n\n\n<div class=\"wp-block-file\"><a id=\"wp-block-file--media-f8695ed6-dd6b-4da8-bea9-76337ec7775e\" href=\"http:\/\/dolinaraby.pl\/1\/wp-content\/uploads\/2025\/01\/Harmonogram-naborow-DR.pdf\"><strong><mark style=\"background-color:rgba(0, 0, 0, 0)\" class=\"has-inline-color has-vivid-cyan-blue-color\">Aktualny harmonogram naboru wniosk\u00f3w<\/mark><\/strong><\/a><a href=\"http:\/\/dolinaraby.pl\/1\/wp-content\/uploads\/2025\/01\/Harmonogram-naborow-DR.pdf\" class=\"wp-block-file__button wp-element-button\" download aria-describedby=\"wp-block-file--media-f8695ed6-dd6b-4da8-bea9-76337ec7775e\">Pobierz<\/a><\/div>\n\n\n\n<div style=\"height:12px\" aria-hidden=\"true\" class=\"wp-block-spacer\"><\/div>\n\n\n\n\n\n<p><\/p>\n","protected":false},"excerpt":{"rendered":"<p>HARMONOGRAM NABORU WNIOSK\u00d3W Harmonogram naboru wniosk\u00f3w okre\u015bla planowany termin uruchomienia naboru wniosk\u00f3w w ramach konkretnych przedsi\u0119wzi\u0119\u0107 w LSR. Harmonogram ten jest aktualizowany w odst\u0119pie kwartalnym.<\/p>\n","protected":false},"author":1,"featured_media":0,"parent":0,"menu_order":0,"comment_status":"closed","ping_status":"closed","template":"","meta":{"_monsterinsights_skip_tracking":false,"_monsterinsights_sitenote_active":false,"_monsterinsights_sitenote_note":"","_monsterinsights_sitenote_category":0,"_lmt_disableupdate":"","_lmt_disable":"","ngg_post_thumbnail":0,"footnotes":""},"class_list":["post-8528","page","type-page","status-publish","hentry"],"_links":{"self":[{"href":"http:\/\/dolinaraby.pl\/1\/wp-json\/wp\/v2\/pages\/8528","targetHints":{"allow":["GET"]}}],"collection":[{"href":"http:\/\/dolinaraby.pl\/1\/wp-json\/wp\/v2\/pages"}],"about":[{"href":"http:\/\/dolinaraby.pl\/1\/wp-json\/wp\/v2\/types\/page"}],"author":[{"embeddable":true,"href":"http:\/\/dolinaraby.pl\/1\/wp-json\/wp\/v2\/users\/1"}],"replies":[{"embeddable":true,"href":"http:\/\/dolinaraby.pl\/1\/wp-json\/wp\/v2\/comments?post=8528"}],"version-history":[{"count":34,"href":"http:\/\/dolinaraby.pl\/1\/wp-json\/wp\/v2\/pages\/8528\/revisions"}],"predecessor-version":[{"id":14807,"href":"http:\/\/dolinaraby.pl\/1\/wp-json\/wp\/v2\/pages\/8528\/revisions\/14807"}],"wp:attachment":[{"href":"http:\/\/dolinaraby.pl\/1\/wp-json\/wp\/v2\/media?parent=8528"}],"curies":[{"name":"wp","href":"https:\/\/api.w.org\/{rel}","templated":true}]}}