{"id":11357,"date":"2022-06-20T20:46:04","date_gmt":"2022-06-20T18:46:04","guid":{"rendered":"http:\/\/dolinaraby.pl\/?page_id=11357"},"modified":"2024-01-31T11:19:52","modified_gmt":"2024-01-31T10:19:52","slug":"turystyka-dziedzictwo-marka-lokalna","status":"publish","type":"page","link":"http:\/\/dolinaraby.pl\/klon2024\/turystyka-dziedzictwo-marka-lokalna\/","title":{"rendered":"Turystyka, dziedzictwo, marka lokalna"},"content":{"rendered":"\t\t<div data-elementor-type=\"wp-page\" data-elementor-id=\"11357\" class=\"elementor elementor-11357\">\n\t\t\t\t\t\t<section class=\"penci-section penci-disSticky penci-structure-50 elementor-section elementor-top-section elementor-element elementor-element-2d023655 elementor-section-full_width elementor-section-content-top elementor-section-stretched elementor-section-height-default elementor-section-height-default\" data-id=\"2d023655\" data-element_type=\"section\" data-e-type=\"section\" data-settings=\"{&quot;stretch_section&quot;:&quot;section-stretched&quot;}\">\n\t\t\t\t\t\t<div class=\"elementor-container elementor-column-gap-no\">\n\t\t\t\t\t<div class=\"penci-ercol-20 penci-ercol-order-1 penci-sticky-ct  penci-dmcheck penci-elbg-activate  elementor-column elementor-col-20 elementor-top-column elementor-element elementor-element-5f22830e\" data-id=\"5f22830e\" data-element_type=\"column\" data-e-type=\"column\" data-settings=\"{&quot;background_background&quot;:&quot;classic&quot;}\">\n\t\t\t<div class=\"elementor-widget-wrap elementor-element-populated\">\n\t\t\t\t\t\t<div class=\"elementor-element elementor-element-2de5b625 elementor-widget elementor-widget-penci-info-box\" data-id=\"2de5b625\" data-element_type=\"widget\" data-e-type=\"widget\" data-widget_type=\"penci-info-box.default\">\n\t\t\t\t<div class=\"elementor-widget-container\">\n\t\t\t\t\t        <div id=\"penci_info_box_3228\" class=\"penci-block-vc penci-info-box penci-ibox-top-center penci-view-stacked penci-shape-circle\">\r\n            <div class=\"penci-ibox-inner penci-animation-grow\">\r\n\t\t\t\t\t\t\t\t<div class=\"penci-ibox-icon penci-ibox-icon--icon penci-icon penci-tibox-icon\"><a class=\"penci-ibox-icon-fa-fix\" href=\"znak-jakosci-doliny-raby-kogutek\"><\/a><a class=\"penci-ibox-icon-fa\" href=\"znak-jakosci-doliny-raby-kogutek\"><i class=\"penci-ibox-icon--i fa fa-star\" aria-hidden=\"true\"><\/i><\/a><\/div>                <div class=\"penci-ibox-content-wrap\">\r\n\t\t\t\t\t\t\t\t\t\t<h3\r\n                            class=\"penci-ibox-title\">Marka\nlokalna<\/h3>\t\t\t\t\t                        <div class=\"pc-ibox-wpline\"><span class=\"penci-ibox-line\"><\/span><\/div>\t\t\t\t\t\t\t\t\t\t<div class=\"penci-ibox-readmore\"><a class=\"penci-ibox-btn\" href=\"znak-jakosci-doliny-raby-kogutek\">Wejd\u017a<\/a><\/div>                <\/div>\r\n            <\/div>\r\n        <\/div>\r\n\t\t\t\t\t\t<\/div>\n\t\t\t\t<\/div>\n\t\t\t\t\t<\/div>\n\t\t<\/div>\n\t\t\t\t<div class=\"penci-ercol-20 penci-ercol-order-2 penci-sticky-ct  penci-dmcheck penci-elbg-activate  elementor-column elementor-col-20 elementor-top-column elementor-element elementor-element-1bd5d4bc\" data-id=\"1bd5d4bc\" data-element_type=\"column\" data-e-type=\"column\" data-settings=\"{&quot;background_background&quot;:&quot;classic&quot;}\">\n\t\t\t<div class=\"elementor-widget-wrap elementor-element-populated\">\n\t\t\t\t\t\t<div class=\"elementor-element elementor-element-71fdfb26 elementor-widget elementor-widget-penci-info-box\" data-id=\"71fdfb26\" data-element_type=\"widget\" data-e-type=\"widget\" data-widget_type=\"penci-info-box.default\">\n\t\t\t\t<div class=\"elementor-widget-container\">\n\t\t\t\t\t        <div id=\"penci_info_box_7489\" class=\"penci-block-vc penci-info-box penci-ibox-top-center penci-view-stacked penci-shape-circle\">\r\n            <div class=\"penci-ibox-inner penci-animation-grow\">\r\n\t\t\t\t\t\t\t\t<div class=\"penci-ibox-icon penci-ibox-icon--icon penci-icon penci-tibox-svg\"><a class=\"penci-ibox-icon-fa-fix\" href=\"http:\/\/dolinaraby.pl\/klon2024\/produkty-lokalne\/\"><\/a><a class=\"penci-ibox-icon-fa\" href=\"http:\/\/dolinaraby.pl\/klon2024\/produkty-lokalne\/\"><i aria-hidden=\"true\" class=\"fas fa-award\"><\/i><\/a><\/div>                <div class=\"penci-ibox-content-wrap\">\r\n\t\t\t\t\t\t\t\t\t\t<h3\r\n                            class=\"penci-ibox-title\">Produkty lokalne<\/h3>\t\t\t\t\t                        <div class=\"pc-ibox-wpline\"><span class=\"penci-ibox-line\"><\/span><\/div>\t\t\t\t\t\t\t\t\t\t<div class=\"penci-ibox-readmore\"><a class=\"penci-ibox-btn\" href=\"http:\/\/dolinaraby.pl\/klon2024\/produkty-lokalne\/\">Wejd\u017a<\/a><\/div>                <\/div>\r\n            <\/div>\r\n        <\/div>\r\n\t\t\t\t\t\t<\/div>\n\t\t\t\t<\/div>\n\t\t\t\t\t<\/div>\n\t\t<\/div>\n\t\t\t\t<div class=\"penci-ercol-20 penci-ercol-order-3 penci-sticky-ct  penci-dmcheck penci-elbg-activate  elementor-column elementor-col-20 elementor-top-column elementor-element elementor-element-56f7ddf2\" data-id=\"56f7ddf2\" data-element_type=\"column\" data-e-type=\"column\" data-settings=\"{&quot;background_background&quot;:&quot;classic&quot;}\">\n\t\t\t<div class=\"elementor-widget-wrap elementor-element-populated\">\n\t\t\t\t\t\t<div class=\"elementor-element elementor-element-40571e58 elementor-widget elementor-widget-penci-info-box\" data-id=\"40571e58\" data-element_type=\"widget\" data-e-type=\"widget\" data-widget_type=\"penci-info-box.default\">\n\t\t\t\t<div class=\"elementor-widget-container\">\n\t\t\t\t\t        <div id=\"penci_info_box_77045\" class=\"penci-block-vc penci-info-box penci-ibox-top-center penci-view-stacked penci-shape-circle\">\r\n            <div class=\"penci-ibox-inner penci-animation-grow\">\r\n\t\t\t\t\t\t\t\t<div class=\"penci-ibox-icon penci-ibox-icon--icon penci-icon penci-tibox-svg\"><a class=\"penci-ibox-icon-fa-fix\" href=\"http:\/\/dolinaraby.pl\/klon2024\/biblioteka-lgd\/festiwal-rosolu\/\"><\/a><a class=\"penci-ibox-icon-fa\" href=\"http:\/\/dolinaraby.pl\/klon2024\/biblioteka-lgd\/festiwal-rosolu\/\"><i aria-hidden=\"true\" class=\"fas fa-utensil-spoon\"><\/i><\/a><\/div>                <div class=\"penci-ibox-content-wrap\">\r\n\t\t\t\t\t\t\t\t\t\t<h3\r\n                            class=\"penci-ibox-title\">Festiwal Roso\u0142u<\/h3>\t\t\t\t\t                        <div class=\"pc-ibox-wpline\"><span class=\"penci-ibox-line\"><\/span><\/div>\t\t\t\t\t\t\t\t\t\t<div class=\"penci-ibox-readmore\"><a class=\"penci-ibox-btn\" href=\"http:\/\/dolinaraby.pl\/klon2024\/biblioteka-lgd\/festiwal-rosolu\/\">Wejd\u017a<\/a><\/div>                <\/div>\r\n            <\/div>\r\n        <\/div>\r\n\t\t\t\t\t\t<\/div>\n\t\t\t\t<\/div>\n\t\t\t\t\t<\/div>\n\t\t<\/div>\n\t\t\t\t<div class=\"penci-ercol-20 penci-ercol-order-4 penci-sticky-ct  penci-dmcheck penci-elbg-activate  elementor-column elementor-col-20 elementor-top-column elementor-element elementor-element-04e3f9e\" data-id=\"04e3f9e\" data-element_type=\"column\" data-e-type=\"column\" data-settings=\"{&quot;background_background&quot;:&quot;classic&quot;}\">\n\t\t\t<div class=\"elementor-widget-wrap elementor-element-populated\">\n\t\t\t\t\t\t<div class=\"elementor-element elementor-element-5ddd542 elementor-widget elementor-widget-penci-info-box\" data-id=\"5ddd542\" data-element_type=\"widget\" data-e-type=\"widget\" data-widget_type=\"penci-info-box.default\">\n\t\t\t\t<div class=\"elementor-widget-container\">\n\t\t\t\t\t        <div id=\"penci_info_box_27859\" class=\"penci-block-vc penci-info-box penci-ibox-top-center penci-view-stacked penci-shape-circle\">\r\n            <div class=\"penci-ibox-inner penci-animation-grow\">\r\n\t\t\t\t\t\t\t\t<div class=\"penci-ibox-icon penci-ibox-icon--icon penci-icon penci-tibox-svg\"><a class=\"penci-ibox-icon-fa-fix\" href=\"http:\/\/muzeumksiazkikucharskiej.pl\/\"><\/a><a class=\"penci-ibox-icon-fa\" href=\"http:\/\/muzeumksiazkikucharskiej.pl\/\"><i aria-hidden=\"true\" class=\"fas fa-utensils\"><\/i><\/a><\/div>                <div class=\"penci-ibox-content-wrap\">\r\n\t\t\t\t\t\t\t\t\t\t<h3\r\n                            class=\"penci-ibox-title\">Muzeum ksi\u0105\u017cki\nkucharskiej \ni kulinarnej<\/h3>\t\t\t\t\t                        <div class=\"pc-ibox-wpline\"><span class=\"penci-ibox-line\"><\/span><\/div>\t\t\t\t\t\t\t\t\t\t<div class=\"penci-ibox-readmore\"><a class=\"penci-ibox-btn\" href=\"http:\/\/muzeumksiazkikucharskiej.pl\/\">wejd\u017a<\/a><\/div>                <\/div>\r\n            <\/div>\r\n        <\/div>\r\n\t\t\t\t\t\t<\/div>\n\t\t\t\t<\/div>\n\t\t\t\t\t<\/div>\n\t\t<\/div>\n\t\t\t\t<div class=\"penci-ercol-20 penci-ercol-order-5 penci-sticky-ct  penci-dmcheck penci-elbg-activate  elementor-column elementor-col-20 elementor-top-column elementor-element elementor-element-9d699b2\" data-id=\"9d699b2\" data-element_type=\"column\" data-e-type=\"column\" data-settings=\"{&quot;background_background&quot;:&quot;classic&quot;}\">\n\t\t\t<div class=\"elementor-widget-wrap elementor-element-populated\">\n\t\t\t\t\t\t<div class=\"elementor-element elementor-element-d3e0c71 elementor-widget elementor-widget-penci-info-box\" data-id=\"d3e0c71\" data-element_type=\"widget\" data-e-type=\"widget\" data-widget_type=\"penci-info-box.default\">\n\t\t\t\t<div class=\"elementor-widget-container\">\n\t\t\t\t\t        <div id=\"penci_info_box_3735\" class=\"penci-block-vc penci-info-box penci-ibox-top-center penci-view-stacked penci-shape-circle\">\r\n            <div class=\"penci-ibox-inner penci-animation-grow\">\r\n\t\t\t\t\t\t\t\t<div class=\"penci-ibox-icon penci-ibox-icon--icon penci-icon penci-tibox-svg\"><a class=\"penci-ibox-icon-fa-fix\" href=\"atrakcje-turystyczne-linki\"><\/a><a class=\"penci-ibox-icon-fa\" href=\"atrakcje-turystyczne-linki\"><i aria-hidden=\"true\" class=\"fas fa-bicycle\"><\/i><\/a><\/div>                <div class=\"penci-ibox-content-wrap\">\r\n\t\t\t\t\t\t\t\t\t\t<h3\r\n                            class=\"penci-ibox-title\">Szlaki tematyczne i rowerowe<\/h3>\t\t\t\t\t                        <div class=\"pc-ibox-wpline\"><span class=\"penci-ibox-line\"><\/span><\/div>\t\t\t\t\t\t\t\t\t\t<div class=\"penci-ibox-readmore\"><a class=\"penci-ibox-btn\" href=\"atrakcje-turystyczne-linki\">wejd\u017a<\/a><\/div>                <\/div>\r\n            <\/div>\r\n        <\/div>\r\n\t\t\t\t\t\t<\/div>\n\t\t\t\t<\/div>\n\t\t\t\t\t<\/div>\n\t\t<\/div>\n\t\t\t\t\t<\/div>\n\t\t<\/section>\n\t\t\t\t<\/div>\n\t\t","protected":false},"excerpt":{"rendered":"<p>Marka lokalna Wejd\u017a Produkty lokalne Wejd\u017a Festiwal Roso\u0142u Wejd\u017a Muzeum ksi\u0105\u017cki kucharskiej i kulinarnej wejd\u017a Szlaki tematyczne i rowerowe wejd\u017a<\/p>\n","protected":false},"author":1,"featured_media":0,"parent":0,"menu_order":0,"comment_status":"closed","ping_status":"closed","template":"","meta":{"_monsterinsights_skip_tracking":false,"_monsterinsights_sitenote_active":false,"_monsterinsights_sitenote_note":"","_monsterinsights_sitenote_category":0,"ngg_post_thumbnail":0,"footnotes":""},"class_list":["post-11357","page","type-page","status-publish","hentry"],"_links":{"self":[{"href":"http:\/\/dolinaraby.pl\/klon2024\/wp-json\/wp\/v2\/pages\/11357","targetHints":{"allow":["GET"]}}],"collection":[{"href":"http:\/\/dolinaraby.pl\/klon2024\/wp-json\/wp\/v2\/pages"}],"about":[{"href":"http:\/\/dolinaraby.pl\/klon2024\/wp-json\/wp\/v2\/types\/page"}],"author":[{"embeddable":true,"href":"http:\/\/dolinaraby.pl\/klon2024\/wp-json\/wp\/v2\/users\/1"}],"replies":[{"embeddable":true,"href":"http:\/\/dolinaraby.pl\/klon2024\/wp-json\/wp\/v2\/comments?post=11357"}],"version-history":[{"count":70,"href":"http:\/\/dolinaraby.pl\/klon2024\/wp-json\/wp\/v2\/pages\/11357\/revisions"}],"predecessor-version":[{"id":13620,"href":"http:\/\/dolinaraby.pl\/klon2024\/wp-json\/wp\/v2\/pages\/11357\/revisions\/13620"}],"wp:attachment":[{"href":"http:\/\/dolinaraby.pl\/klon2024\/wp-json\/wp\/v2\/media?parent=11357"}],"curies":[{"name":"wp","href":"https:\/\/api.w.org\/{rel}","templated":true}]}}