{"id":14,"date":"2012-12-01T12:35:58","date_gmt":"2012-12-01T11:35:58","guid":{"rendered":"http:\/\/dolinaraby.pl\/nowa_strona\/?page_id=14"},"modified":"2024-01-30T15:39:12","modified_gmt":"2024-01-30T14:39:12","slug":"dofinansowania","status":"publish","type":"page","link":"http:\/\/dolinaraby.pl\/klon2024\/dofinansowania\/","title":{"rendered":"Dofinansowania"},"content":{"rendered":"<p>Wybierz dzia\u0142anie, kt\u00f3rym jeste\u015b zainteresowany:<\/p>\n<ul>\n<li><strong><a href=\"http:\/\/dolinaraby.pl\/klon2024\/granty\/\">GRANTY OD 5 &#8211; 20 TYS. Z\u0141<\/a><\/strong><\/li>\n<li><strong><a href=\"http:\/\/dolinaraby.pl\/klon2024\/spoleczne\/\">PROJEKTY SPO\u0141ECZNE POW. 50 TYS. Z\u0141<\/a><\/strong><\/li>\n<li><strong><a href=\"http:\/\/dolinaraby.pl\/klon2024\/podejmowanie\/\">PODEJMOWANIE DZIA\u0141ALNO\u015aCI GOSPODARCZEJ<\/a><\/strong><\/li>\n<li><strong><a href=\"http:\/\/dolinaraby.pl\/klon2024\/rozwijanie\/\">ROZWIJANIE DZIA\u0141ALNO\u015aCI GOSPODARCZEJ<\/a><\/strong><\/li>\n<\/ul>\n","protected":false},"excerpt":{"rendered":"<p>Wybierz dzia\u0142anie, kt\u00f3rym jeste\u015b zainteresowany: GRANTY OD 5 &#8211; 20 TYS. Z\u0141 PROJEKTY SPO\u0141ECZNE POW. 50 TYS. Z\u0141 PODEJMOWANIE DZIA\u0141ALNO\u015aCI GOSPODARCZEJ ROZWIJANIE DZIA\u0141ALNO\u015aCI GOSPODARCZEJ<\/p>\n","protected":false},"author":1,"featured_media":0,"parent":0,"menu_order":0,"comment_status":"closed","ping_status":"closed","template":"","meta":{"_monsterinsights_skip_tracking":false,"_monsterinsights_sitenote_active":false,"_monsterinsights_sitenote_note":"","_monsterinsights_sitenote_category":0,"ngg_post_thumbnail":0,"footnotes":""},"class_list":["post-14","page","type-page","status-publish","hentry"],"_links":{"self":[{"href":"http:\/\/dolinaraby.pl\/klon2024\/wp-json\/wp\/v2\/pages\/14","targetHints":{"allow":["GET"]}}],"collection":[{"href":"http:\/\/dolinaraby.pl\/klon2024\/wp-json\/wp\/v2\/pages"}],"about":[{"href":"http:\/\/dolinaraby.pl\/klon2024\/wp-json\/wp\/v2\/types\/page"}],"author":[{"embeddable":true,"href":"http:\/\/dolinaraby.pl\/klon2024\/wp-json\/wp\/v2\/users\/1"}],"replies":[{"embeddable":true,"href":"http:\/\/dolinaraby.pl\/klon2024\/wp-json\/wp\/v2\/comments?post=14"}],"version-history":[{"count":4,"href":"http:\/\/dolinaraby.pl\/klon2024\/wp-json\/wp\/v2\/pages\/14\/revisions"}],"predecessor-version":[{"id":13605,"href":"http:\/\/dolinaraby.pl\/klon2024\/wp-json\/wp\/v2\/pages\/14\/revisions\/13605"}],"wp:attachment":[{"href":"http:\/\/dolinaraby.pl\/klon2024\/wp-json\/wp\/v2\/media?parent=14"}],"curies":[{"name":"wp","href":"https:\/\/api.w.org\/{rel}","templated":true}]}}