{"id":18,"date":"2012-12-01T12:36:17","date_gmt":"2012-12-01T11:36:17","guid":{"rendered":"http:\/\/dolinaraby.pl\/nowa_strona\/?page_id=18"},"modified":"2018-07-25T08:40:47","modified_gmt":"2018-07-25T06:40:47","slug":"galerie","status":"publish","type":"page","link":"http:\/\/dolinaraby.pl\/klon2024\/galerie\/","title":{"rendered":"Galerie"},"content":{"rendered":"<p style=\"text-align: justify;\">Zdj\u0119cia pochodz\u0105 z projektu &#8222;Lokalne dziedzictwo w obiektywie&#8221;&nbsp; Stowarzyszenia PRO-aktywni. Autorami zdj\u0119\u0107 s\u0105 Bogus\u0142aw Zdebski i El\u017cbieta Wo\u017aniak. Projekt zosta\u0142 wsp\u00f3\u0142finansowana za po\u015brednictwem LGD &#8222;Dolina Raby&#8221; ze \u015brodk\u00f3w Unii Europejskiej w ramach osi 4 LEADER \u2013 dzia\u0142anie 412 \u201eWdra\u017canie lokalnych strategii rozwoju\u201d Programu Rozwoju Obszar\u00f3w Wiejskich na lata 2007-2013.<\/p>\nngg_shortcode_0_placeholder\n","protected":false},"excerpt":{"rendered":"<p>Zdj\u0119cia pochodz\u0105 z projektu &#8222;Lokalne dziedzictwo w obiektywie&#8221;&nbsp; Stowarzyszenia PRO-aktywni. Autorami zdj\u0119\u0107 s\u0105 Bogus\u0142aw Zdebski i El\u017cbieta Wo\u017aniak. Projekt zosta\u0142 wsp\u00f3\u0142finansowana za po\u015brednictwem LGD &#8222;Dolina&hellip;<\/p>\n","protected":false},"author":1,"featured_media":0,"parent":0,"menu_order":0,"comment_status":"open","ping_status":"open","template":"","meta":{"_monsterinsights_skip_tracking":false,"_monsterinsights_sitenote_active":false,"_monsterinsights_sitenote_note":"","_monsterinsights_sitenote_category":0,"ngg_post_thumbnail":0,"footnotes":""},"class_list":["post-18","page","type-page","status-publish","hentry"],"_links":{"self":[{"href":"http:\/\/dolinaraby.pl\/klon2024\/wp-json\/wp\/v2\/pages\/18","targetHints":{"allow":["GET"]}}],"collection":[{"href":"http:\/\/dolinaraby.pl\/klon2024\/wp-json\/wp\/v2\/pages"}],"about":[{"href":"http:\/\/dolinaraby.pl\/klon2024\/wp-json\/wp\/v2\/types\/page"}],"author":[{"embeddable":true,"href":"http:\/\/dolinaraby.pl\/klon2024\/wp-json\/wp\/v2\/users\/1"}],"replies":[{"embeddable":true,"href":"http:\/\/dolinaraby.pl\/klon2024\/wp-json\/wp\/v2\/comments?post=18"}],"version-history":[{"count":7,"href":"http:\/\/dolinaraby.pl\/klon2024\/wp-json\/wp\/v2\/pages\/18\/revisions"}],"predecessor-version":[{"id":7546,"href":"http:\/\/dolinaraby.pl\/klon2024\/wp-json\/wp\/v2\/pages\/18\/revisions\/7546"}],"wp:attachment":[{"href":"http:\/\/dolinaraby.pl\/klon2024\/wp-json\/wp\/v2\/media?parent=18"}],"curies":[{"name":"wp","href":"https:\/\/api.w.org\/{rel}","templated":true}]}}