{"id":1866,"date":"2013-05-08T11:23:19","date_gmt":"2013-05-08T09:23:19","guid":{"rendered":"http:\/\/dolinaraby.pl\/nowa_strona\/?page_id=1866"},"modified":"2022-07-04T14:38:58","modified_gmt":"2022-07-04T12:38:58","slug":"znak-jakosci-doliny-raby-kogutek","status":"publish","type":"page","link":"http:\/\/dolinaraby.pl\/klon2024\/znak-jakosci-doliny-raby-kogutek\/","title":{"rendered":"Znak Jako\u015bci Doliny Raby &#8211; Kogutek"},"content":{"rendered":"<div class=\"wp-block-image\">\n<figure class=\"aligncenter size-full\"><img fetchpriority=\"high\" decoding=\"async\" width=\"497\" height=\"405\" src=\"http:\/\/dolinaraby.pl\/wp-content\/uploads\/2022\/06\/5.2.KOGUTEK-znak-jakosci-Doliny-Raby.jpg\" alt=\"\" class=\"wp-image-11215\" srcset=\"http:\/\/dolinaraby.pl\/klon2024\/wp-content\/uploads\/2022\/06\/5.2.KOGUTEK-znak-jakosci-Doliny-Raby.jpg 497w, http:\/\/dolinaraby.pl\/klon2024\/wp-content\/uploads\/2022\/06\/5.2.KOGUTEK-znak-jakosci-Doliny-Raby-300x244.jpg 300w\" sizes=\"(max-width: 497px) 100vw, 497px\" \/><\/figure>\n<\/div>\n\n\n<p>Znak Jako\u015bci LGD \u201eDolina Raby\u201d KOGUTEK zosta\u0142 stworzony aby m\u00f3c pokaza\u0107, i\u017c na terenie LGD \u201eDolina Raby\u201d istniej\u0105 produkty, us\u0142ugi oraz miejsca, kt\u00f3re wp\u0142ywaj\u0105 na rozw\u00f3j i aktywizacj\u0119 us\u0142ug turystycznych i kulinarnych.<span style=\"mso-spacerun: yes;\">&nbsp; <\/span>W pierwszej edycji KOGUTKA powsta\u0142 katalog<span style=\"mso-spacerun: yes;\">&nbsp; <\/span>z wybranymi produktami, natomiast w przysz\u0142o\u015bci dodatkowo b\u0119d\u0105 stworzone specjalne tablice, mapy oraz inne gad\u017cety zawieraj\u0105ce ww. znak jako\u015bci. Nazwa znaku jest bezpo\u015brednio zwi\u0105zana z najwa\u017cniejszymi obszarami promocji terenu. A przede wszystkim z produktem kulinarnym jakim jest ros\u00f3\u0142 polski, zarejestrowanym przez LGD \u201eDolina Raby\u201d na li\u015bcie produkt\u00f3w tradycyjnych MRiRW.<\/p>\n\n\n\n<p>Podmioty zainteresowane przyznaniem Znaku Jako\u015bci proszone s\u0105 o zapoznanie si\u0119 z regulaminem i wype\u0142nienie oraz odes\u0142aniem nam formularza zg\u0142oszeniowego (do pobrania poni\u017cej).<\/p>\n\n\n<div class=\"wp-block-image\">\n<figure class=\"aligncenter\"><a href=\"http:\/\/dolinaraby.pl\/nowa_strona\/wp-content\/uploads\/2013\/05\/1-strona-KOGUTKA2.jpg\" data-rel=\"penci-gallery-image-content\" ><img decoding=\"async\" width=\"477\" height=\"645\" src=\"http:\/\/dolinaraby.pl\/nowa_strona\/wp-content\/uploads\/2013\/05\/1-strona-KOGUTKA2.jpg\" alt=\"\" class=\"wp-image-1913\" title=\"1 strona KOGUTKA\" srcset=\"http:\/\/dolinaraby.pl\/klon2024\/wp-content\/uploads\/2013\/05\/1-strona-KOGUTKA2.jpg 477w, http:\/\/dolinaraby.pl\/klon2024\/wp-content\/uploads\/2013\/05\/1-strona-KOGUTKA2-221x300.jpg 221w\" sizes=\"(max-width: 477px) 100vw, 477px\" \/><\/a><\/figure>\n<\/div>\n\n\n<p class=\"has-text-align-center\"><span style=\"font-size: 14pt;\"><strong><span style=\"color: #008000;\"><a href=\"http:\/\/dolinaraby.pl\/wp-content\/uploads\/2013\/05\/Broszura-Kogutek-2014.pdf\">Broszura Kogutek 2014<\/a><\/span><\/strong><\/span><\/p>\n\n\n\n<p class=\"has-text-align-center\"><a href=\"http:\/\/dolinaraby.pl\/wp-content\/uploads\/2018\/01\/Formularz-zg\u0142oszeniowy_aktualny.doc\">Formularz zg\u0142oszeniowy<\/a><\/p>\n\n\n\n<p class=\"has-text-align-center\"><a href=\"http:\/\/dolinaraby.pl\/wp-content\/uploads\/2018\/01\/REGULAMIN-Znak-Jako\u015bci-KOGUTEK.pdf\">REGULAMIN &#8211; Znak Jako\u015bci KOGUTEK<\/a><\/p>\n\n\n\n<p class=\"has-text-align-left\">Ciekawostka:<\/p>\n\n\n\n<h3 class=\"wp-block-heading\"><span style=\"color: #ff0000;\"><strong><a style=\"color: #ff0000;\" href=\"http:\/\/zegocina.wkraj.pl\">Wirtualny spacer po gminie \u017begocina<\/a><\/strong><\/span><\/h3>\n\n\n\n<p class=\"has-text-align-left\">&nbsp;<\/p>\n","protected":false},"excerpt":{"rendered":"<p>Znak Jako\u015bci LGD \u201eDolina Raby\u201d KOGUTEK zosta\u0142 stworzony aby m\u00f3c pokaza\u0107, i\u017c na terenie LGD \u201eDolina Raby\u201d istniej\u0105 produkty, us\u0142ugi oraz miejsca, kt\u00f3re wp\u0142ywaj\u0105 na&hellip;<\/p>\n","protected":false},"author":1,"featured_media":0,"parent":0,"menu_order":0,"comment_status":"closed","ping_status":"closed","template":"","meta":{"_monsterinsights_skip_tracking":false,"_monsterinsights_sitenote_active":false,"_monsterinsights_sitenote_note":"","_monsterinsights_sitenote_category":0,"ngg_post_thumbnail":0,"footnotes":""},"class_list":["post-1866","page","type-page","status-publish","hentry"],"_links":{"self":[{"href":"http:\/\/dolinaraby.pl\/klon2024\/wp-json\/wp\/v2\/pages\/1866","targetHints":{"allow":["GET"]}}],"collection":[{"href":"http:\/\/dolinaraby.pl\/klon2024\/wp-json\/wp\/v2\/pages"}],"about":[{"href":"http:\/\/dolinaraby.pl\/klon2024\/wp-json\/wp\/v2\/types\/page"}],"author":[{"embeddable":true,"href":"http:\/\/dolinaraby.pl\/klon2024\/wp-json\/wp\/v2\/users\/1"}],"replies":[{"embeddable":true,"href":"http:\/\/dolinaraby.pl\/klon2024\/wp-json\/wp\/v2\/comments?post=1866"}],"version-history":[{"count":30,"href":"http:\/\/dolinaraby.pl\/klon2024\/wp-json\/wp\/v2\/pages\/1866\/revisions"}],"predecessor-version":[{"id":12221,"href":"http:\/\/dolinaraby.pl\/klon2024\/wp-json\/wp\/v2\/pages\/1866\/revisions\/12221"}],"wp:attachment":[{"href":"http:\/\/dolinaraby.pl\/klon2024\/wp-json\/wp\/v2\/media?parent=1866"}],"curies":[{"name":"wp","href":"https:\/\/api.w.org\/{rel}","templated":true}]}}