{"id":1868,"date":"2013-05-08T11:24:18","date_gmt":"2013-05-08T09:24:18","guid":{"rendered":"http:\/\/dolinaraby.pl\/nowa_strona\/?page_id=1868"},"modified":"2022-06-24T13:03:35","modified_gmt":"2022-06-24T11:03:35","slug":"konkursy-i-warsztaty","status":"publish","type":"page","link":"http:\/\/dolinaraby.pl\/klon2024\/konkursy-i-warsztaty\/","title":{"rendered":"Konkursy i warsztaty"},"content":{"rendered":"<p style=\"text-align: justify;\">Szanowni Pa\u0144stwo,<\/p>\n<p style=\"text-align: justify;\">Stowarzyszenie LGD &#8222;Dolina Raby&#8221; organizuje warsztaty i konkursy. Celem organizacji warsztat\u00f3w i szkole\u0144 jest aktywizacja i pobudzenie uczestnik\u00f3w by zdobyte umiej\u0119tno\u015bci i wiedza przerodzi\u0142y si\u0119 w realizacj\u0119 konkretnych projekt\u00f3w.<\/p>\n<p style=\"text-align: justify;\">W 2013 zorganizowali\u015bmy konkurs<strong>&nbsp;<span style=\"color: #ff0000;\"><a href=\"http:\/\/dolinaraby.pl\/?p=2643\"><span style=\"color: #ff0000;\">&#8222;LGD w kulturze ludowej&#8221;<\/span><\/a><\/span>&nbsp;. <\/strong>Nades\u0142ano prace zosta\u0142y wykonane r\u00f3\u017cnymi technikami oraz przy u\u017cyciu r\u00f3\u017cnych materia\u0142\u00f3w takich jak papierowa wiklina, kr\u0119powana bibu\u0142a oraz naturalne elementy. &nbsp;Konkurs mia\u0142 na celu piel\u0119gnowanie lokalnych tradycji oraz promocj\u0119 produkt\u00f3w lokalnych oraz tradycyjnych.<\/p>\n<p style=\"text-align: justify;\">Innym konkursem, kt\u00f3ry zosta\u0142 zorganizowany to konkurs fotograficzny<span style=\"color: #ff0000;\"><strong><a href=\"http:\/\/dolinaraby.pl\/?p=846\"><span style=\"color: #ff0000;\"> &#8222;Dolina Raby w obiektywie&#8221;<\/span><\/a><\/strong><\/span>. Konkurs mia\u0142 mia\u0142 na celu &nbsp;utrwalenie w fotografii pi\u0119kna krajobrazu Beskidu Wyspowego w czterech porach roku oraz&nbsp; ciekawych wydarze\u0144 prezentuj\u0105cych aktywne&nbsp; \u017cycie mieszka\u0144c\u00f3w &#8222;Doliny Raby&#8221;.<\/p>\n<p style=\"text-align: justify;\">Warsztaty z r\u0119kodzie\u0142a artystycznego ciesz\u0105 si\u0119 sporym zainteresowaniem. Pierwszy cykl<span style=\"color: #ff0000;\"> <strong><a href=\"http:\/\/dolinaraby.pl\/?p=521\"><span style=\"color: #ff0000;\">warsztat\u00f3w z bibu\u0142karstwa odby\u0142 si\u0119 27 i 28 wrze\u015bnia 2012 r<\/span><\/a>.<\/strong><\/span> uczestnicy przy pomocy no\u017cyczek i &nbsp;pracy w\u0142asnej stworzyli kompozycje kwiatowe. &nbsp;Warsztaty z bibu\u0142karstwa cieszy\u0142y si\u0119 sporym zainteresowaniem i w \u015blad za nimi odby\u0142y si\u0119 kolejne<strong><span style=\"color: #ff0000;\"> <a href=\"http:\/\/dolinaraby.pl\/?p=1219\"><span style=\"color: #ff0000;\">warsztaty z wikliny papierowej 22 marca 2013 r.<\/span><\/a><\/span><\/strong>&nbsp; Papierowa wiklina mo\u017ce wydawa\u0107 si\u0119 materia\u0142em nie trwa\u0142ym jednak przy zastosowaniu odpowiednich technik plecionkarskich nadaje si\u0119 do wyrobu rzeczy codziennego u\u017cytku takich jak bi\u017cuteria, galanteria, elementy wyposa\u017cenia domu. W przeprowadzonych warsztatach wzi\u0119\u0142y udzia\u0142 g\u0142\u00f3wnie &nbsp;panie dzia\u0142aj\u0105ce w ko\u0142ach gospody\u0144 wiejskich z terenu wszystkich sze\u015bciu gmin LGD byli te\u017c inni zainteresowani mieszka\u0144cy.<\/p>\n<p>&nbsp;Poni\u017cej prezentujemy galeri\u0119 wybranych prac konkursowych i warsztatowych:<\/p>\n<div data-sliderid=\"23631\" id=\"penci-post-gallery__23631\" class=\"penci-post-gallery-container justified column-4\" data-height=\"150\" data-margin=\"3\"><a class=\"penci-gallery-ite item-gallery-justified\" href=\"http:\/\/dolinaraby.pl\/klon2024\/wp-content\/uploads\/2013\/05\/SAM_3853.jpg\"><img decoding=\"async\" src=\"http:\/\/dolinaraby.pl\/klon2024\/wp-content\/uploads\/2013\/05\/SAM_3853.jpg\" alt=\"\" title=\"SAM_3853\"><\/a><a class=\"penci-gallery-ite item-gallery-justified\" href=\"http:\/\/dolinaraby.pl\/klon2024\/wp-content\/uploads\/2013\/05\/SAM_3854.jpg\"><img decoding=\"async\" src=\"http:\/\/dolinaraby.pl\/klon2024\/wp-content\/uploads\/2013\/05\/SAM_3854.jpg\" alt=\"\" title=\"SAM_3854\"><\/a><a class=\"penci-gallery-ite item-gallery-justified\" href=\"http:\/\/dolinaraby.pl\/klon2024\/wp-content\/uploads\/2013\/05\/SAM_3057-800x600.jpg\"><img decoding=\"async\" src=\"http:\/\/dolinaraby.pl\/klon2024\/wp-content\/uploads\/2013\/05\/SAM_3057-800x600.jpg\" alt=\"\" title=\"SAM_3057 [800&#215;600]\"><\/a><a class=\"penci-gallery-ite item-gallery-justified\" href=\"http:\/\/dolinaraby.pl\/klon2024\/wp-content\/uploads\/2013\/05\/SAM_3087-800x600.jpg\"><img decoding=\"async\" src=\"http:\/\/dolinaraby.pl\/klon2024\/wp-content\/uploads\/2013\/05\/SAM_3087-800x600.jpg\" alt=\"\" title=\"SAM_3087 [800&#215;600]\"><\/a><a class=\"penci-gallery-ite item-gallery-justified\" href=\"http:\/\/dolinaraby.pl\/klon2024\/wp-content\/uploads\/2013\/05\/SAM_3056-800x600.jpg\"><img decoding=\"async\" src=\"http:\/\/dolinaraby.pl\/klon2024\/wp-content\/uploads\/2013\/05\/SAM_3056-800x600.jpg\" alt=\"\" title=\"SAM_3056 [800&#215;600]\"><\/a><a class=\"penci-gallery-ite item-gallery-justified\" href=\"http:\/\/dolinaraby.pl\/klon2024\/wp-content\/uploads\/2013\/05\/SAM_3039-800x600.jpg\"><img decoding=\"async\" src=\"http:\/\/dolinaraby.pl\/klon2024\/wp-content\/uploads\/2013\/05\/SAM_3039-800x600.jpg\" alt=\"\" title=\"SAM_3039 [800&#215;600]\"><\/a><a class=\"penci-gallery-ite item-gallery-justified\" href=\"http:\/\/dolinaraby.pl\/klon2024\/wp-content\/uploads\/2013\/05\/Przyroda-Kopiowanie1.jpg\"><img decoding=\"async\" src=\"http:\/\/dolinaraby.pl\/klon2024\/wp-content\/uploads\/2013\/05\/Przyroda-Kopiowanie1.jpg\" alt=\"\" title=\"Przyroda (Kopiowanie)\"><\/a><a class=\"penci-gallery-ite item-gallery-justified\" href=\"http:\/\/dolinaraby.pl\/klon2024\/wp-content\/uploads\/2013\/05\/dsc_0273a-Kopiowanie1.jpg\"><img decoding=\"async\" src=\"http:\/\/dolinaraby.pl\/klon2024\/wp-content\/uploads\/2013\/05\/dsc_0273a-Kopiowanie1.jpg\" alt=\"\" title=\"dsc_0273a (Kopiowanie)\"><\/a><a class=\"penci-gallery-ite item-gallery-justified\" href=\"http:\/\/dolinaraby.pl\/klon2024\/wp-content\/uploads\/2013\/05\/dsc_0382-Kopiowanie1.jpg\"><img decoding=\"async\" src=\"http:\/\/dolinaraby.pl\/klon2024\/wp-content\/uploads\/2013\/05\/dsc_0382-Kopiowanie1.jpg\" alt=\"\" title=\"dsc_0382 (Kopiowanie)\"><\/a><a class=\"penci-gallery-ite item-gallery-justified\" href=\"http:\/\/dolinaraby.pl\/klon2024\/wp-content\/uploads\/2013\/05\/dscn5102-Kopiowanie1.jpg\"><img decoding=\"async\" src=\"http:\/\/dolinaraby.pl\/klon2024\/wp-content\/uploads\/2013\/05\/dscn5102-Kopiowanie1.jpg\" alt=\"\" title=\"dscn5102 (Kopiowanie)\"><\/a><a class=\"penci-gallery-ite item-gallery-justified\" href=\"http:\/\/dolinaraby.pl\/klon2024\/wp-content\/uploads\/2013\/05\/we_mgle-Kopiowanie1.jpg\"><img decoding=\"async\" src=\"http:\/\/dolinaraby.pl\/klon2024\/wp-content\/uploads\/2013\/05\/we_mgle-Kopiowanie1.jpg\" alt=\"\" title=\"we_mgle (Kopiowanie)\"><\/a><a class=\"penci-gallery-ite item-gallery-justified\" href=\"http:\/\/dolinaraby.pl\/klon2024\/wp-content\/uploads\/2013\/05\/dscn4976-Kopiowanie1.jpg\"><img decoding=\"async\" src=\"http:\/\/dolinaraby.pl\/klon2024\/wp-content\/uploads\/2013\/05\/dscn4976-Kopiowanie1.jpg\" alt=\"\" title=\"dscn4976 (Kopiowanie)\"><\/a><a class=\"penci-gallery-ite item-gallery-justified\" href=\"http:\/\/dolinaraby.pl\/klon2024\/wp-content\/uploads\/2013\/05\/Zamek-Kopiowanie.jpg\" data-cap=\"&quot;Zamek w Nowym Wi\u015bniczu&quot; - Dariusz Badyla\"><img decoding=\"async\" src=\"http:\/\/dolinaraby.pl\/klon2024\/wp-content\/uploads\/2013\/05\/Zamek-Kopiowanie.jpg\" alt=\"\" title=\"Zamek-Kopiowanie\"><div class=\"caption\">\"Zamek w Nowym Wi\u015bniczu\" - Dariusz Badyla<\/div><\/a><a class=\"penci-gallery-ite item-gallery-justified\" href=\"http:\/\/dolinaraby.pl\/klon2024\/wp-content\/uploads\/2013\/05\/Sobol\u00f3w-Kopiowanie.jpg\" data-cap=\"&quot;Sobol\u00f3w  - ko\u015bci\u00f3\u0142&quot; - Dariusz Badyla\"><img decoding=\"async\" src=\"http:\/\/dolinaraby.pl\/klon2024\/wp-content\/uploads\/2013\/05\/Sobol\u00f3w-Kopiowanie.jpg\" alt=\"\" title=\"Sobol\u00f3w-Kopiowanie\"><div class=\"caption\">\"Sobol\u00f3w  - ko\u015bci\u00f3\u0142\" - Dariusz Badyla<\/div><\/a><a class=\"penci-gallery-ite item-gallery-justified\" href=\"http:\/\/dolinaraby.pl\/klon2024\/wp-content\/uploads\/2013\/05\/Przyroda-Kopiowanie.jpg\" data-cap=\"&quot;Przyroda - Jaszczurka, Konie, Wiewi\u00f3rka, \u017baba&quot; - Dariusz Dabyla\"><img decoding=\"async\" src=\"http:\/\/dolinaraby.pl\/klon2024\/wp-content\/uploads\/2013\/05\/Przyroda-Kopiowanie.jpg\" alt=\"\" title=\"Przyroda-Kopiowanie\"><div class=\"caption\">\"Przyroda - Jaszczurka, Konie, Wiewi\u00f3rka, \u017baba\" - Dariusz Dabyla<\/div><\/a><a class=\"penci-gallery-ite item-gallery-justified\" href=\"http:\/\/dolinaraby.pl\/klon2024\/wp-content\/uploads\/2013\/05\/Grzyby-Kopiowanie.jpg\" data-cap=\"&quot;Grzyb&quot; - Dariusz Badyla\"><img decoding=\"async\" src=\"http:\/\/dolinaraby.pl\/klon2024\/wp-content\/uploads\/2013\/05\/Grzyby-Kopiowanie.jpg\" alt=\"\" title=\"Grzyby-Kopiowanie\"><div class=\"caption\">\"Grzyb\" - Dariusz Badyla<\/div><\/a><a class=\"penci-gallery-ite item-gallery-justified\" href=\"http:\/\/dolinaraby.pl\/klon2024\/wp-content\/uploads\/2013\/05\/jesien-Kopiowanie.jpg\" data-cap=\"&quot;Jesie\u0144 o poranku&quot; - Pawe\u0142 \u0141anoszka II miejsce\"><img decoding=\"async\" src=\"http:\/\/dolinaraby.pl\/klon2024\/wp-content\/uploads\/2013\/05\/jesien-Kopiowanie.jpg\" alt=\"\" title=\"jesien-Kopiowanie\"><div class=\"caption\">\"Jesie\u0144 o poranku\" - Pawe\u0142 \u0141anoszka II miejsce<\/div><\/a><a class=\"penci-gallery-ite item-gallery-justified\" href=\"http:\/\/dolinaraby.pl\/klon2024\/wp-content\/uploads\/2013\/05\/dsc_8444-Kopiowanie.jpg\" data-cap=\"&quot;Bia\u0142o wsz\u0119dzie, zimno wsz\u0119dzie&quot; - Pawe\u0142 \u0141anoszka\"><img decoding=\"async\" src=\"http:\/\/dolinaraby.pl\/klon2024\/wp-content\/uploads\/2013\/05\/dsc_8444-Kopiowanie.jpg\" alt=\"\" title=\"dsc_8444-Kopiowanie\"><div class=\"caption\">\"Bia\u0142o wsz\u0119dzie, zimno wsz\u0119dzie\" - Pawe\u0142 \u0141anoszka<\/div><\/a><a class=\"penci-gallery-ite item-gallery-justified\" href=\"http:\/\/dolinaraby.pl\/klon2024\/wp-content\/uploads\/2013\/05\/dsc_0273a-Kopiowanie.jpg\" data-cap=\"&quot;\u0141aza\u0144ska Z\u0142ota Jesie\u0144&quot; - Pawe\u0142 \u0141anoszka\"><img decoding=\"async\" src=\"http:\/\/dolinaraby.pl\/klon2024\/wp-content\/uploads\/2013\/05\/dsc_0273a-Kopiowanie.jpg\" alt=\"\" title=\"dsc_0273a-Kopiowanie\"><div class=\"caption\">\"\u0141aza\u0144ska Z\u0142ota Jesie\u0144\" - Pawe\u0142 \u0141anoszka<\/div><\/a><a class=\"penci-gallery-ite item-gallery-justified\" href=\"http:\/\/dolinaraby.pl\/klon2024\/wp-content\/uploads\/2013\/05\/we_mgle-Kopiowanie.jpg\" data-cap=\"&quot;Wi\u015bnickie pory roku&quot; - Niech no tylko zakwitn\u0105 jab\u0142onie ! - \u0141ukasz Jarosz\"><img decoding=\"async\" src=\"http:\/\/dolinaraby.pl\/klon2024\/wp-content\/uploads\/2013\/05\/we_mgle-Kopiowanie.jpg\" alt=\"\" title=\"we_mgle-Kopiowanie\"><div class=\"caption\">\"Wi\u015bnickie pory roku\" - Niech no tylko zakwitn\u0105 jab\u0142onie ! - \u0141ukasz Jarosz<\/div><\/a><a class=\"penci-gallery-ite item-gallery-justified\" href=\"http:\/\/dolinaraby.pl\/klon2024\/wp-content\/uploads\/2013\/05\/przyproszony_sniegiem-Kopiowanie.jpg\" data-cap=\"&quot;R\u00f3\u017cne oblicza jesieni&quot; - \u015anie\u017cna jesie\u0144  - \u0141ukasz Jarosz\"><img decoding=\"async\" src=\"http:\/\/dolinaraby.pl\/klon2024\/wp-content\/uploads\/2013\/05\/przyproszony_sniegiem-Kopiowanie.jpg\" alt=\"\" title=\"przyproszony_sniegiem-Kopiowanie\"><div class=\"caption\">\"R\u00f3\u017cne oblicza jesieni\" - \u015anie\u017cna jesie\u0144  - \u0141ukasz Jarosz<\/div><\/a><a class=\"penci-gallery-ite item-gallery-justified\" href=\"http:\/\/dolinaraby.pl\/klon2024\/wp-content\/uploads\/2013\/05\/nadciaga-Kopiowanie.jpg\" data-cap=\"&quot;Wi\u015bnickie pory roku&quot; - Nadci\u0105ga . .  - \u0141ukasz Jarosz\"><img decoding=\"async\" src=\"http:\/\/dolinaraby.pl\/klon2024\/wp-content\/uploads\/2013\/05\/nadciaga-Kopiowanie.jpg\" alt=\"\" title=\"nadciaga-Kopiowanie\"><div class=\"caption\">\"Wi\u015bnickie pory roku\" - Nadci\u0105ga . .  - \u0141ukasz Jarosz<\/div><\/a><a class=\"penci-gallery-ite item-gallery-justified\" href=\"http:\/\/dolinaraby.pl\/klon2024\/wp-content\/uploads\/2013\/05\/nad_polami-Kopiowanie.jpg\" data-cap=\"&quot;Wi\u015bnickie pory roku&quot;  - Mi\u0119dzy niebem a ziemi\u0105 - \u0141ukasz Jarosz\"><img decoding=\"async\" src=\"http:\/\/dolinaraby.pl\/klon2024\/wp-content\/uploads\/2013\/05\/nad_polami-Kopiowanie.jpg\" alt=\"\" title=\"nad_polami-Kopiowanie\"><div class=\"caption\">\"Wi\u015bnickie pory roku\"  - Mi\u0119dzy niebem a ziemi\u0105 - \u0141ukasz Jarosz<\/div><\/a><a class=\"penci-gallery-ite item-gallery-justified\" href=\"http:\/\/dolinaraby.pl\/klon2024\/wp-content\/uploads\/2013\/05\/moj_zimowy_las-Kopiowanie.jpg\" data-cap=\"&quot;Wi\u015bnickie pory roku&quot; - Zimowe odcienie bieli - \u0141ukasz Jarosz\"><img decoding=\"async\" src=\"http:\/\/dolinaraby.pl\/klon2024\/wp-content\/uploads\/2013\/05\/moj_zimowy_las-Kopiowanie.jpg\" alt=\"\" title=\"moj_zimowy_las-Kopiowanie\"><div class=\"caption\">\"Wi\u015bnickie pory roku\" - Zimowe odcienie bieli - \u0141ukasz Jarosz<\/div><\/a><a class=\"penci-gallery-ite item-gallery-justified\" href=\"http:\/\/dolinaraby.pl\/klon2024\/wp-content\/uploads\/2013\/05\/jesienne_strachy-Kopiowanie.jpg\" data-cap=\"&quot;R\u00f3\u017cne oblicza jesieni&quot; - Deszczowa jesie\u0144  - \u0141ukasz Jarosz\"><img decoding=\"async\" src=\"http:\/\/dolinaraby.pl\/klon2024\/wp-content\/uploads\/2013\/05\/jesienne_strachy-Kopiowanie.jpg\" alt=\"\" title=\"jesienne_strachy-Kopiowanie\"><div class=\"caption\">\"R\u00f3\u017cne oblicza jesieni\" - Deszczowa jesie\u0144  - \u0141ukasz Jarosz<\/div><\/a><a class=\"penci-gallery-ite item-gallery-justified\" href=\"http:\/\/dolinaraby.pl\/klon2024\/wp-content\/uploads\/2013\/05\/jesienne_mgly-Kopiowanie.jpg\" data-cap=\"&quot;Wi\u015bnickie pory roku&quot; - W porannej mgle - \u0141ukasz Jarosz\"><img decoding=\"async\" src=\"http:\/\/dolinaraby.pl\/klon2024\/wp-content\/uploads\/2013\/05\/jesienne_mgly-Kopiowanie.jpg\" alt=\"\" title=\"jesienne_mgly-Kopiowanie\"><div class=\"caption\">\"Wi\u015bnickie pory roku\" - W porannej mgle - \u0141ukasz Jarosz<\/div><\/a><a class=\"penci-gallery-ite item-gallery-justified\" href=\"http:\/\/dolinaraby.pl\/klon2024\/wp-content\/uploads\/2013\/05\/dscn5145-Kopiowanie.jpg\" data-cap=\"&quot;Moje trzy Wi\u015bnicze&quot;- Przydro\u017cna kapliczka w Wi\u015bniczu Ma\u0142ym - \u0141ukasz Jarosz\"><img decoding=\"async\" src=\"http:\/\/dolinaraby.pl\/klon2024\/wp-content\/uploads\/2013\/05\/dscn5145-Kopiowanie.jpg\" alt=\"\" title=\"dscn5145-Kopiowanie\"><div class=\"caption\">\"Moje trzy Wi\u015bnicze\"- Przydro\u017cna kapliczka w Wi\u015bniczu Ma\u0142ym - \u0141ukasz Jarosz<\/div><\/a><a class=\"penci-gallery-ite item-gallery-justified\" href=\"http:\/\/dolinaraby.pl\/klon2024\/wp-content\/uploads\/2013\/05\/dscn5102-Kopiowanie.jpg\" data-cap=\"&quot;Moje trzy Wi\u015bnicze&quot; - Zamek Kmit\u00f3w i Lubomirskich w Nowym Wi\u015bniczu - \u0141ukasz Jarosz\"><img decoding=\"async\" src=\"http:\/\/dolinaraby.pl\/klon2024\/wp-content\/uploads\/2013\/05\/dscn5102-Kopiowanie.jpg\" alt=\"\" title=\"dscn5102-Kopiowanie\"><div class=\"caption\">\"Moje trzy Wi\u015bnicze\" - Zamek Kmit\u00f3w i Lubomirskich w Nowym Wi\u015bniczu - \u0141ukasz Jarosz<\/div><\/a><a class=\"penci-gallery-ite item-gallery-justified\" href=\"http:\/\/dolinaraby.pl\/klon2024\/wp-content\/uploads\/2013\/05\/dscn5086-Kopiowanie.jpg\" data-cap=\"&quot;Moje trzy Wi\u015bnicze&quot;- Ko\u015bci\u00f3\u0142 \u015bw. Wojciecha w Starym Wi\u015bniczu - \u0141ukasz Jarosz\"><img decoding=\"async\" src=\"http:\/\/dolinaraby.pl\/klon2024\/wp-content\/uploads\/2013\/05\/dscn5086-Kopiowanie.jpg\" alt=\"\" title=\"dscn5086-Kopiowanie\"><div class=\"caption\">\"Moje trzy Wi\u015bnicze\"- Ko\u015bci\u00f3\u0142 \u015bw. Wojciecha w Starym Wi\u015bniczu - \u0141ukasz Jarosz<\/div><\/a><a class=\"penci-gallery-ite item-gallery-justified\" href=\"http:\/\/dolinaraby.pl\/klon2024\/wp-content\/uploads\/2013\/05\/dscn5040-Kopiowanie.jpg\" data-cap=\"&quot;R\u00f3\u017cne oblicza jesieni&quot; - Mro\u017ana jesie\u0144 - \u0141ukasz Jarosz\"><img decoding=\"async\" src=\"http:\/\/dolinaraby.pl\/klon2024\/wp-content\/uploads\/2013\/05\/dscn5040-Kopiowanie.jpg\" alt=\"\" title=\"dscn5040-Kopiowanie\"><div class=\"caption\">\"R\u00f3\u017cne oblicza jesieni\" - Mro\u017ana jesie\u0144 - \u0141ukasz Jarosz<\/div><\/a><a class=\"penci-gallery-ite item-gallery-justified\" href=\"http:\/\/dolinaraby.pl\/klon2024\/wp-content\/uploads\/2013\/05\/dscn4976-Kopiowanie.jpg\" data-cap=\"&quot;R\u00f3\u017cne oblicza jesieni&quot; - Z\u0142ota jesie\u0144  - \u0141ukasz Jarosz\"><img decoding=\"async\" src=\"http:\/\/dolinaraby.pl\/klon2024\/wp-content\/uploads\/2013\/05\/dscn4976-Kopiowanie.jpg\" alt=\"\" title=\"dscn4976-Kopiowanie\"><div class=\"caption\">\"R\u00f3\u017cne oblicza jesieni\" - Z\u0142ota jesie\u0144  - \u0141ukasz Jarosz<\/div><\/a><a class=\"penci-gallery-ite item-gallery-justified\" href=\"http:\/\/dolinaraby.pl\/klon2024\/wp-content\/uploads\/2013\/05\/dscn4461-Kopiowanie.jpg\" data-cap=\"&quot;Wi\u015bnickie pory roku&quot; - W cieniu kolor\u00f3w - \u0141ukasz Jarosz\"><img decoding=\"async\" src=\"http:\/\/dolinaraby.pl\/klon2024\/wp-content\/uploads\/2013\/05\/dscn4461-Kopiowanie.jpg\" alt=\"\" title=\"dscn4461-Kopiowanie\"><div class=\"caption\">\"Wi\u015bnickie pory roku\" - W cieniu kolor\u00f3w - \u0141ukasz Jarosz<\/div><\/a><a class=\"penci-gallery-ite item-gallery-justified\" href=\"http:\/\/dolinaraby.pl\/klon2024\/wp-content\/uploads\/2013\/05\/dscn3636-Kopiowanie.jpg\" data-cap=\"&quot;Wi\u015bnickie pory roku&quot; - Stra\u017cniczka \u015bpi\u0105cego lasu - \u0141ukasz Jarosz\"><img decoding=\"async\" src=\"http:\/\/dolinaraby.pl\/klon2024\/wp-content\/uploads\/2013\/05\/dscn3636-Kopiowanie.jpg\" alt=\"\" title=\"dscn3636-Kopiowanie\"><div class=\"caption\">\"Wi\u015bnickie pory roku\" - Stra\u017cniczka \u015bpi\u0105cego lasu - \u0141ukasz Jarosz<\/div><\/a><\/div>\n","protected":false},"excerpt":{"rendered":"<p>Szanowni Pa\u0144stwo, Stowarzyszenie LGD &#8222;Dolina Raby&#8221; organizuje warsztaty i konkursy. Celem organizacji warsztat\u00f3w i szkole\u0144 jest aktywizacja i pobudzenie uczestnik\u00f3w by zdobyte umiej\u0119tno\u015bci i wiedza&hellip;<\/p>\n","protected":false},"author":1,"featured_media":0,"parent":0,"menu_order":0,"comment_status":"open","ping_status":"open","template":"","meta":{"_monsterinsights_skip_tracking":false,"_monsterinsights_sitenote_active":false,"_monsterinsights_sitenote_note":"","_monsterinsights_sitenote_category":0,"ngg_post_thumbnail":0,"footnotes":""},"class_list":["post-1868","page","type-page","status-publish","hentry"],"_links":{"self":[{"href":"http:\/\/dolinaraby.pl\/klon2024\/wp-json\/wp\/v2\/pages\/1868","targetHints":{"allow":["GET"]}}],"collection":[{"href":"http:\/\/dolinaraby.pl\/klon2024\/wp-json\/wp\/v2\/pages"}],"about":[{"href":"http:\/\/dolinaraby.pl\/klon2024\/wp-json\/wp\/v2\/types\/page"}],"author":[{"embeddable":true,"href":"http:\/\/dolinaraby.pl\/klon2024\/wp-json\/wp\/v2\/users\/1"}],"replies":[{"embeddable":true,"href":"http:\/\/dolinaraby.pl\/klon2024\/wp-json\/wp\/v2\/comments?post=1868"}],"version-history":[{"count":20,"href":"http:\/\/dolinaraby.pl\/klon2024\/wp-json\/wp\/v2\/pages\/1868\/revisions"}],"predecessor-version":[{"id":11958,"href":"http:\/\/dolinaraby.pl\/klon2024\/wp-json\/wp\/v2\/pages\/1868\/revisions\/11958"}],"wp:attachment":[{"href":"http:\/\/dolinaraby.pl\/klon2024\/wp-json\/wp\/v2\/media?parent=1868"}],"curies":[{"name":"wp","href":"https:\/\/api.w.org\/{rel}","templated":true}]}}