{"id":20,"date":"2012-12-01T12:36:25","date_gmt":"2012-12-01T11:36:25","guid":{"rendered":"http:\/\/dolinaraby.pl\/nowa_strona\/?page_id=20"},"modified":"2021-04-15T13:33:58","modified_gmt":"2021-04-15T11:33:58","slug":"kontakt","status":"publish","type":"page","link":"http:\/\/dolinaraby.pl\/klon2024\/kontakt\/","title":{"rendered":"Kontakt"},"content":{"rendered":"<p><strong>Biuro LGD &#8222;Dolina Raby&#8221;<\/strong><\/p>\n<p><strong>Adres:<\/strong><br \/>\nChrostowa 1B (budynek warsztat\u00f3w gastronomicznych by\u0142ego ZS w D\u0105browicy), 32-742 Sobol\u00f3w, Gm. \u0141apan\u00f3w.<\/p>\n<p><a href=\"http:\/\/dolinaraby.pl\/wp-content\/uploads\/2019\/01\/Mapa.png\" data-rel=\"penci-gallery-image-content\" ><img fetchpriority=\"high\" decoding=\"async\" class=\"wp-image-9178 size-full aligncenter\" src=\"http:\/\/dolinaraby.pl\/wp-content\/uploads\/2019\/01\/Mapa.png\" alt=\"\" width=\"959\" height=\"558\" srcset=\"http:\/\/dolinaraby.pl\/klon2024\/wp-content\/uploads\/2019\/01\/Mapa.png 959w, http:\/\/dolinaraby.pl\/klon2024\/wp-content\/uploads\/2019\/01\/Mapa-300x175.png 300w, http:\/\/dolinaraby.pl\/klon2024\/wp-content\/uploads\/2019\/01\/Mapa-768x447.png 768w\" sizes=\"(max-width: 959px) 100vw, 959px\" \/><\/a><\/p>\n<p>&nbsp;<\/p>\n<p>\u21d2 <span style=\"text-decoration: underline;\">Biuro LGD przyjmuje strony od pon &#8211; pt w godzinach <strong>9.00 &#8211; 14.00.&nbsp;<\/strong><\/span><\/p>\n<p style=\"text-align: justify;\">\u21d2 W pozosta\u0142ych godzinach praca wewn\u0119trzna lub praca w terenie, delegacje, spotkania, za\u0142atwianie spraw wyjazdowych w zwi\u0105zku z powy\u017cszym w godz. 8.00 &#8211; 9.00 i 14.00 &#8211; 16.00 Biuro LGD mo\u017ce by\u0107 zamkni\u0119te.<\/p>\n<p style=\"text-align: left;\"><strong>Biuro Tel\/faks<\/strong>: 14 685 44 44<br \/>\n<strong>email:<\/strong>&nbsp;<a title=\"wy\u015blij email\" href=\"mailto:biuro@dolinaraby.pl\">biuro@dolinaraby.pl<\/a><\/p>\n<p><a title=\"raba\" href=\"http:\/\/www.dolinaraby.pl\">http:\/\/www.dolinaraby.pl<\/a><\/p>\n<p><strong>Nr konta bankowego dla wp\u0142acaj\u0105cych sk\u0142adki cz\u0142onkowskie:<br \/>\n<\/strong><strong>Ma\u0142opolski Bank Sp\u00f3\u0142dzielczy w Wieliczce<\/strong>: 20 8619 0006 0010 0200 8833 0001<\/p>\n<p><strong>NIP<\/strong> 6832029170<\/p>\n<p><strong>REGON<\/strong> 120847752<\/p>\n<p><strong>KRS<\/strong> 0000316230<\/p>\n","protected":false},"excerpt":{"rendered":"<p>Biuro LGD &#8222;Dolina Raby&#8221; Adres: Chrostowa 1B (budynek warsztat\u00f3w gastronomicznych by\u0142ego ZS w D\u0105browicy), 32-742 Sobol\u00f3w, Gm. \u0141apan\u00f3w. &nbsp; \u21d2 Biuro LGD przyjmuje strony od&hellip;<\/p>\n","protected":false},"author":1,"featured_media":0,"parent":0,"menu_order":0,"comment_status":"closed","ping_status":"closed","template":"","meta":{"_monsterinsights_skip_tracking":false,"_monsterinsights_sitenote_active":false,"_monsterinsights_sitenote_note":"","_monsterinsights_sitenote_category":0,"ngg_post_thumbnail":0,"footnotes":""},"class_list":["post-20","page","type-page","status-publish","hentry"],"_links":{"self":[{"href":"http:\/\/dolinaraby.pl\/klon2024\/wp-json\/wp\/v2\/pages\/20","targetHints":{"allow":["GET"]}}],"collection":[{"href":"http:\/\/dolinaraby.pl\/klon2024\/wp-json\/wp\/v2\/pages"}],"about":[{"href":"http:\/\/dolinaraby.pl\/klon2024\/wp-json\/wp\/v2\/types\/page"}],"author":[{"embeddable":true,"href":"http:\/\/dolinaraby.pl\/klon2024\/wp-json\/wp\/v2\/users\/1"}],"replies":[{"embeddable":true,"href":"http:\/\/dolinaraby.pl\/klon2024\/wp-json\/wp\/v2\/comments?post=20"}],"version-history":[{"count":23,"href":"http:\/\/dolinaraby.pl\/klon2024\/wp-json\/wp\/v2\/pages\/20\/revisions"}],"predecessor-version":[{"id":10585,"href":"http:\/\/dolinaraby.pl\/klon2024\/wp-json\/wp\/v2\/pages\/20\/revisions\/10585"}],"wp:attachment":[{"href":"http:\/\/dolinaraby.pl\/klon2024\/wp-json\/wp\/v2\/media?parent=20"}],"curies":[{"name":"wp","href":"https:\/\/api.w.org\/{rel}","templated":true}]}}