{"id":24,"date":"2012-12-01T12:37:57","date_gmt":"2012-12-01T11:37:57","guid":{"rendered":"http:\/\/dolinaraby.pl\/nowa_strona\/?page_id=24"},"modified":"2022-06-22T14:03:00","modified_gmt":"2022-06-22T12:03:00","slug":"co-to-jest-lgd","status":"publish","type":"page","link":"http:\/\/dolinaraby.pl\/klon2024\/co-to-jest-lgd\/","title":{"rendered":"Kim jeste\u015bmy"},"content":{"rendered":"<p style=\"text-align: justify;\"><strong>Stowarzyszenie Lokalna Grupa Dzia\u0142ania<\/strong> poswata\u0142o z ko\u0144cem 2008 roku. Inicjatorem poswatania stowarzyszenia by\u0142y w\u0142adze samorz\u0105dowe gminy Gd\u00f3w. LGD skupia przedstawicieli 3 sektor\u00f3w tj. publicznego, gospodarczego i spo\u0142ecznego z terenu 6 gmin cz\u0142onkowskich tj. Biskupice, Gd\u00f3w, \u0141apan\u00f3w, Trzciana, Nowy Wi\u015bnicz, \u017begocina.&nbsp; Od ko\u0144ca roku 2009 dzia\u0142a biuro Stowarzyszenia, kt\u00f3re organizuje prac\u0119 partnerstwa.<\/p>\n<p style=\"text-align: justify;\"><strong>LGD \u201eDolina Raby\u201d<\/strong> jest jedn\u0105 z 32 takich organizacji w wojew\u00f3dztwie ma\u0142opolskim i jedn\u0105 z 335 w ca\u0142ej Polsce wybranych do realizacji swoich Lokalnych Strategii Rozwoju. Lokalna Grupa Dzia\u0142ania dzia\u0142a w ramach dzia\u0142ania M19 Programu Rozwoju Obszar\u00f3w Wiejskich &#8211; Wsparcie dla rozwoju lokalnego ramach inicjatywy Leader. LEADER to rozw\u00f3j lokalny kierowany przez spo\u0142eczno\u015b\u0107 (RLKS), wspierany ze \u015brodk\u00f3w EFRROW. Jest nadzorowana przez Marsza\u0142ka Wojew\u00f3dztwa Ma\u0142opolskiego, a instytucj\u0105 zarz\u0105dzaj\u0105c\u0105 programem jest Ministerstwo Rolnictwa i Rozwoju Wsi. Bud\u017cet Lokalnej Grupy Dzia\u0142ania przeznaczony jest na wspieranie i stymulowanie rozwoju obszar\u00f3w wiejskich, a tak\u017ce na szkolenia, nabywanie umiej\u0119tno\u015bci i aktywizacj\u0119 lokalnej spo\u0142eczno\u015bci.<\/p>\n<p style=\"text-align: justify;\"><strong><u>Status prawny<\/u>:<\/strong> stowarzyszenie \u201especjalne\u201d dzia\u0142a w oparciu o zapisy ustawy z dnia 7 kwietnia 1989 r. Prawo<br \/>\no stowarzyszeniach (Dz.U.z 2015, poz. 1393 z p\u00f3\u017a.zm.), ustawy z dnia 7 marca 2007 r. o wspieraniu rozwoju obszar\u00f3w wiejskich z udzia\u0142em \u015brodk\u00f3w Europejskiego Funduszu Rolnego na rzecz Rozwoju Obszar\u00f3w Wiejskich (Dz.U. z 2013 r. poz.173 z p\u00f3\u017an. Zm.), ustawy z dnia 20 lutego 2015r. o wspieraniu rozwoju obszar\u00f3w wiejskich z udzia\u0142em \u015brodk\u00f3w Europejskiego Funduszu Rolnego na rzecz Rozwoju Obszar\u00f3w Wiejskich w ramach Programu Rozwoju Obszar\u00f3w Wiejskich na lata 2014-2020 (Dz. U. z 2015 r., poz. 349), ustawy z dnia 20 lutego 2015r. o rozwoju lokalnym z udzia\u0142em lokalnej spo\u0142eczno\u015bci (Dz. U. 2015r., poz.378). <u>Data wpisu w KRS<\/u>: 22 pa\u017adziernika 2008 r. <u>Numer KRS<\/u>: 0000316230<\/p>\n<p><strong>W ramach LSR na lata 2014 &#8211; 2020, przy wsparciu \u015brodk\u00f3w z Dzia\u0142ania M19 PROW osi\u0105gane b\u0119d\u0105 nast\u0119puj\u0105ce cele:<\/strong><\/p>\n<p>Cel og\u00f3lny 1: Zachowanie lokalnych zasob\u00f3w przyrodniczych i kulturowych oraz poprawa jako\u015bci \u017cycia.&nbsp;<\/p>\n<p>Cele szczeg\u00f3\u0142owe:<\/p>\n<ol>\n<li>Ochrona \u015brodowiska i przeciwdzia\u0142anie zmianom klimatu; zachowanie walor\u00f3w przyrodniczo-krajobrazowych<br \/>\ni kulturowo-historycznych, w tym tradycji regionalnych<\/li>\n<li>Poprawa oferty o\u015bwiatowej, szczeg\u00f3lnie w zakresie uczenia si\u0119 przez ca\u0142e \u017cycie oraz rekreacyjno-kulturalnej.<\/li>\n<li>Aktywizacja spo\u0142eczno\u015bci do dzia\u0142a\u0144 prorozwojowych oraz rozw\u00f3j wsp\u00f3\u0142pracy na obszarze LGD, mi\u0119dzyregionalnej i mi\u0119dzynarodowej<\/li>\n<\/ol>\n<p>Cel og\u00f3lny 2: Poprawa warunk\u00f3w zatrudnienia i rozw\u00f3j gospodarczy<\/p>\n<p>Cele szczeg\u00f3\u0142owe:<\/p>\n<ol>\n<li>Rozw\u00f3j markowej \u017cywno\u015bci tradycyjnej i kana\u0142\u00f3w dystrybucji tych produkt\u00f3w, w tym kr\u00f3tkich \u0142a\u0144cuch\u00f3w \u017cywno\u015bciowych<\/li>\n<li>Rozw\u00f3j turystyki i produkt\u00f3w turystycznych, szczeg\u00f3lnie w zakresie turystyki aktywnej<br \/>\ni weekendowej<\/li>\n<li>Rozw\u00f3j pozosta\u0142ej dzia\u0142alno\u015bci gospodarczej, szczeg\u00f3lnie innowacyjnej i przyjaznej dla \u015brodowiska, w sferach wytw\u00f3rczo\u015bci, budownictwa i us\u0142ug dla ludno\u015bci, bez dzia\u0142alno\u015bci handlowej.<\/li>\n<\/ol>\n<p>Wizja naszego obszaru przedstawia si\u0119 nast\u0119puj\u0105co (na podstawie LSR na lata 2007 &#8211; 2014):<\/p>\n<p style=\"text-align: justify;\"><strong><em>Chcieliby\u015bmy, aby w przysz\u0142o\u015bci \u201eDolina Raby\u201d by\u0142a obszarem zintegrowanym wewn\u0119trznie; regionem turystycznym, rozwijaj\u0105cym si\u0119 tak\u017ce w innych dziedzinach gospodarki, obszarem ma\u0142ych i \u015brednich przedsi\u0119biorstw oraz us\u0142ug, miejscem produkcji i sprzeda\u017cy zdrowej \u017cywno\u015bci przy jak najlepszym wykorzystaniu jego walor\u00f3w &#8211; materialnych i duchowych, rozwoju przedsi\u0119biorczo\u015bci; ekologicznie czystym i energooszcz\u0119dnym, z wykorzystaniem energii odnawialnej; miejscem ludzi dbaj\u0105cych o zdrowie, o mo\u017cliwo\u015bciach uprawiania sport\u00f3w i rekreacji, obszarem bezpiecznym.<\/em><\/strong><\/p>\n","protected":false},"excerpt":{"rendered":"<p>Stowarzyszenie Lokalna Grupa Dzia\u0142ania poswata\u0142o z ko\u0144cem 2008 roku. Inicjatorem poswatania stowarzyszenia by\u0142y w\u0142adze samorz\u0105dowe gminy Gd\u00f3w. LGD skupia przedstawicieli 3 sektor\u00f3w tj. publicznego, gospodarczego&hellip;<\/p>\n","protected":false},"author":1,"featured_media":0,"parent":0,"menu_order":0,"comment_status":"closed","ping_status":"closed","template":"","meta":{"_monsterinsights_skip_tracking":false,"_monsterinsights_sitenote_active":false,"_monsterinsights_sitenote_note":"","_monsterinsights_sitenote_category":0,"ngg_post_thumbnail":0,"footnotes":""},"class_list":["post-24","page","type-page","status-publish","hentry"],"_links":{"self":[{"href":"http:\/\/dolinaraby.pl\/klon2024\/wp-json\/wp\/v2\/pages\/24","targetHints":{"allow":["GET"]}}],"collection":[{"href":"http:\/\/dolinaraby.pl\/klon2024\/wp-json\/wp\/v2\/pages"}],"about":[{"href":"http:\/\/dolinaraby.pl\/klon2024\/wp-json\/wp\/v2\/types\/page"}],"author":[{"embeddable":true,"href":"http:\/\/dolinaraby.pl\/klon2024\/wp-json\/wp\/v2\/users\/1"}],"replies":[{"embeddable":true,"href":"http:\/\/dolinaraby.pl\/klon2024\/wp-json\/wp\/v2\/comments?post=24"}],"version-history":[{"count":19,"href":"http:\/\/dolinaraby.pl\/klon2024\/wp-json\/wp\/v2\/pages\/24\/revisions"}],"predecessor-version":[{"id":11665,"href":"http:\/\/dolinaraby.pl\/klon2024\/wp-json\/wp\/v2\/pages\/24\/revisions\/11665"}],"wp:attachment":[{"href":"http:\/\/dolinaraby.pl\/klon2024\/wp-json\/wp\/v2\/media?parent=24"}],"curies":[{"name":"wp","href":"https:\/\/api.w.org\/{rel}","templated":true}]}}