{"id":42,"date":"2012-12-01T12:39:59","date_gmt":"2012-12-01T11:39:59","guid":{"rendered":"http:\/\/dolinaraby.pl\/nowa_strona\/?page_id=42"},"modified":"2024-02-02T12:16:30","modified_gmt":"2024-02-02T11:16:30","slug":"strategia","status":"publish","type":"page","link":"http:\/\/dolinaraby.pl\/klon2024\/strategia\/","title":{"rendered":"Strategia Rozwoju Lokalnego Kierowanego przez Spo\u0142eczno\u015b\u0107"},"content":{"rendered":"\n<p><strong>PROW 2014-2020<\/strong><\/p>\n\n\n\n<p>Za\u0142\u0105cznik nr 1 do Umowy o Warunkach i Sposobie Realizacji Strategii Rozwoju Lokalnego Kierowanego przez Spo\u0142eczno\u015b\u0107 zmieniony w dniu 18.01.2024 r., zatwierdzony Aneksem nr 21 z dnia 24.01.2024 r. :<strong><br><\/strong><\/p>\n\n\n\n<p><strong>Strategia Rozwoju Lokalnego Kierowanego przez Spo\u0142eczno\u015b\u0107 na lata 2016 &#8211; 2022<\/strong><\/p>\n\n\n\n<div class=\"wp-block-file\"><a id=\"wp-block-file--media-cf2b2478-a1c9-4fa7-97bc-ef088c3279e2\" href=\"http:\/\/dolinaraby.pl\/klon2024\/wp-content\/uploads\/2024\/02\/LSR-Dolina-Raby-__01-2024.pdf\">LSR-Dolina-Raby-__01-2024<\/a><a href=\"http:\/\/dolinaraby.pl\/klon2024\/wp-content\/uploads\/2024\/02\/LSR-Dolina-Raby-__01-2024.pdf\" class=\"wp-block-file__button wp-element-button\" download aria-describedby=\"wp-block-file--media-cf2b2478-a1c9-4fa7-97bc-ef088c3279e2\">Pobierz<\/a><\/div>\n\n\n\n<hr class=\"wp-block-separator has-alpha-channel-opacity\"\/>\n\n\n\n<p><strong>Sprawozdania z monitoringu LSR:<\/strong><\/p>\n\n\n\n<p><a href=\"http:\/\/dolinaraby.pl\/wp-content\/uploads\/2019\/12\/Sprawozdanie-z-realizacji-Lokalnej-Strategii-Rozwoju-LGD-za-okres-od-12.05.2016r.-do-22.06.2017r..pdf\">Sprawozdanie z realizacji Lokalnej Strategii Rozwoju LGD za okres od 12.05.2016r. do 22.06.2017r.<\/a><\/p>\n\n\n\n<p><a href=\"http:\/\/dolinaraby.pl\/wp-content\/uploads\/2019\/12\/Sprawozdanie-z-realizacji-Lokalnej-Strategii-Rozwoju-LGD-za-okres-od-23.06.2017r.-do-31.10.2017r..pdf\">Sprawozdanie z realizacji Lokalnej Strategii Rozwoju LGD za okres od 23.06.2017r. do 31.10.2017r.<\/a><\/p>\n\n\n\n<p><a href=\"http:\/\/dolinaraby.pl\/wp-content\/uploads\/2019\/12\/Sprawozdanie-z-monitoringu-LSR-LGD-za-okres-od-01.11.2017r.-do-25.06.2018r..pdf\">Sprawozdanie z monitoringu LSR LGD za okres od 01.11.2017r. do 25.06.2018r.<\/a><\/p>\n\n\n\n<p><a href=\"http:\/\/dolinaraby.pl\/wp-content\/uploads\/2019\/12\/Sprawozdanie-z-monitoringu-LSR-LGD-za-okres-od-26.06.2018r.-do-25.11.2018r..pdf\">Sprawozdanie z monitoringu LSR LGD za okres od 26.06.2018r. do 25.11.2018r.<\/a><\/p>\n\n\n\n<p><a href=\"http:\/\/dolinaraby.pl\/wp-content\/uploads\/2019\/07\/Sprawozdanie-z-monitoringu-LSR-LGD-za-okres-od-26.11.2018r.-do-26.06.2019r..pdf\">Sprawozdanie z monitoringu LSR LGD za okres od 26.11.2018r. do 26.06.2019r.<\/a><\/p>\n\n\n\n<p><a href=\"http:\/\/dolinaraby.pl\/wp-content\/uploads\/2019\/12\/Sprawozdanie-z-monitoringu-LSR-LGD-za-okres-od-27.06.2019r.-do-02.12.2019r..pdf\">Sprawozdanie z monitoringu LSR LGD za okres od 27.06.2019r. do 02.12.2019r.<\/a><\/p>\n\n\n\n<p><a href=\"http:\/\/dolinaraby.pl\/wp-content\/uploads\/2021\/07\/Sprawozdanie-z-monitoringu-LSR-3.12.2019-do-8.09.2020.pdf\">Sprawozdanie z monitoringu LSR 3.12.2019 do 8.09.2020<\/a><\/p>\n\n\n\n<p><a href=\"http:\/\/dolinaraby.pl\/wp-content\/uploads\/2021\/07\/Sprawozdanie-z-monitoringu-LSR-09.09.2020-do-30.06.2021.pdf\">Sprawozdanie z monitoringu LSR 09.09.2020 do 30.06.2021<\/a><\/p>\n\n\n\n<p><a href=\"http:\/\/dolinaraby.pl\/wp-content\/uploads\/2022\/12\/Sprawozdanie-z-monitoringu-LSR-LGD-za-okres-od-01.07.2021-26.09.2022.pdf\">Sprawozdanie z monitoringu LSR za okres od 01.07.2021-26.09.2022<\/a><\/p>\n\n\n\n<div class=\"wp-block-file\"><a id=\"wp-block-file--media-1ba1d87a-b6ee-4253-b51a-e8d16784654b\" href=\"http:\/\/dolinaraby.pl\/wp-content\/uploads\/2023\/11\/Sprawozdanie-z-monitoringu-LSR-LGD-za-okres-od-27.09.2022-25.09.2023.docx.pdf\">Sprawozdanie z monitoringu LSR za okres od 27.09.2022-25.09.2023<\/a><a href=\"http:\/\/dolinaraby.pl\/wp-content\/uploads\/2023\/11\/Sprawozdanie-z-monitoringu-LSR-LGD-za-okres-od-27.09.2022-25.09.2023.docx.pdf\" class=\"wp-block-file__button wp-element-button\" download aria-describedby=\"wp-block-file--media-1ba1d87a-b6ee-4253-b51a-e8d16784654b\">Pobierz<\/a><\/div>\n\n\n\n<p>&#8212;&#8212;&#8212;&#8212;&#8212;&#8212;&#8212;&#8212;&#8212;&#8212;&#8212;&#8212;&#8212;&#8212;&#8212;&#8212;&#8212;&#8212;&#8212;&#8212;&#8212;&#8212;&#8212;&#8212;&#8212;&#8212;&#8212;&#8212;&#8212;&#8212;&#8212;&#8212;&#8212;&#8212;&#8212;&#8212;&#8212;&#8212;&#8212;&#8212;&#8212;&#8212;&#8212;&#8212;&#8212;&#8212;-<\/p>\n\n\n\n<p><strong>Ewaluacja zewn\u0119trzna &#8211; raport z badania LSR<\/strong><\/p>\n\n\n\n<div class=\"wp-block-file\"><a id=\"wp-block-file--media-821b3a50-dfab-49a1-9eef-00f311edd374\" href=\"http:\/\/dolinaraby.pl\/wp-content\/uploads\/2023\/01\/Raport-z-badania-LSR-Dolina-Raby_16.11.pdf\">Raport-z-badania-LSR-Dolina-Raby_16.11<\/a><a href=\"http:\/\/dolinaraby.pl\/wp-content\/uploads\/2023\/01\/Raport-z-badania-LSR-Dolina-Raby_16.11.pdf\" class=\"wp-block-file__button wp-element-button\" download aria-describedby=\"wp-block-file--media-821b3a50-dfab-49a1-9eef-00f311edd374\">Pobierz<\/a><\/div>\n","protected":false},"excerpt":{"rendered":"<p>PROW 2014-2020 Za\u0142\u0105cznik nr 1 do Umowy o Warunkach i Sposobie Realizacji Strategii Rozwoju Lokalnego Kierowanego przez Spo\u0142eczno\u015b\u0107 zmieniony w dniu 18.01.2024 r., zatwierdzony Aneksem&hellip;<\/p>\n","protected":false},"author":1,"featured_media":0,"parent":0,"menu_order":0,"comment_status":"closed","ping_status":"closed","template":"","meta":{"_monsterinsights_skip_tracking":false,"_monsterinsights_sitenote_active":false,"_monsterinsights_sitenote_note":"","_monsterinsights_sitenote_category":0,"ngg_post_thumbnail":0,"footnotes":""},"class_list":["post-42","page","type-page","status-publish","hentry"],"_links":{"self":[{"href":"http:\/\/dolinaraby.pl\/klon2024\/wp-json\/wp\/v2\/pages\/42","targetHints":{"allow":["GET"]}}],"collection":[{"href":"http:\/\/dolinaraby.pl\/klon2024\/wp-json\/wp\/v2\/pages"}],"about":[{"href":"http:\/\/dolinaraby.pl\/klon2024\/wp-json\/wp\/v2\/types\/page"}],"author":[{"embeddable":true,"href":"http:\/\/dolinaraby.pl\/klon2024\/wp-json\/wp\/v2\/users\/1"}],"replies":[{"embeddable":true,"href":"http:\/\/dolinaraby.pl\/klon2024\/wp-json\/wp\/v2\/comments?post=42"}],"version-history":[{"count":81,"href":"http:\/\/dolinaraby.pl\/klon2024\/wp-json\/wp\/v2\/pages\/42\/revisions"}],"predecessor-version":[{"id":13644,"href":"http:\/\/dolinaraby.pl\/klon2024\/wp-json\/wp\/v2\/pages\/42\/revisions\/13644"}],"wp:attachment":[{"href":"http:\/\/dolinaraby.pl\/klon2024\/wp-json\/wp\/v2\/media?parent=42"}],"curies":[{"name":"wp","href":"https:\/\/api.w.org\/{rel}","templated":true}]}}