{"id":44,"date":"2012-12-01T12:40:13","date_gmt":"2012-12-01T11:40:13","guid":{"rendered":"http:\/\/dolinaraby.pl\/nowa_strona\/?page_id=44"},"modified":"2021-01-28T13:37:12","modified_gmt":"2021-01-28T12:37:12","slug":"regulaminy","status":"publish","type":"page","link":"http:\/\/dolinaraby.pl\/klon2024\/regulaminy\/","title":{"rendered":"Regulaminy"},"content":{"rendered":"<p><a href=\"http:\/\/dolinaraby.pl\/wp-content\/uploads\/2017\/12\/Regulamin-Obrad-Walnego-Zebrania-Cz\u0142onk\u00f3w.pdf\">Regulamin Obrad Walnego Zebrania Cz\u0142onk\u00f3w<\/a><\/p>\n<p><a href=\"http:\/\/dolinaraby.pl\/wp-content\/uploads\/2018\/03\/Regulamin-Zarz\u0105du.pdf\">Regulamin Zarz\u0105du<\/a><\/p>\n<p><a href=\"http:\/\/dolinaraby.pl\/wp-content\/uploads\/2021\/01\/Regulamin-Rady_22.12.2020.pdf\">Regulamin Rady_22.12.2020<\/a>&nbsp;(Za\u0142\u0105cznik nr 4 do Umowy Ramowej, zmieniony w dniu 22.12.2020 r., uzgodniony z ZW w dniu 25.01.2021 r.)<\/p>\n<p><a href=\"http:\/\/dolinaraby.pl\/wp-content\/uploads\/2018\/03\/Regulamin-Pracy-Komisji-Rewizyjnej.pdf\">Regulamin Pracy Komisji Rewizyjnej<\/a><\/p>\n","protected":false},"excerpt":{"rendered":"<p>Regulamin Obrad Walnego Zebrania Cz\u0142onk\u00f3w Regulamin Zarz\u0105du Regulamin Rady_22.12.2020&nbsp;(Za\u0142\u0105cznik nr 4 do Umowy Ramowej, zmieniony w dniu 22.12.2020 r., uzgodniony z ZW w dniu 25.01.2021&hellip;<\/p>\n","protected":false},"author":1,"featured_media":0,"parent":0,"menu_order":0,"comment_status":"open","ping_status":"open","template":"","meta":{"_monsterinsights_skip_tracking":false,"_monsterinsights_sitenote_active":false,"_monsterinsights_sitenote_note":"","_monsterinsights_sitenote_category":0,"ngg_post_thumbnail":0,"footnotes":""},"class_list":["post-44","page","type-page","status-publish","hentry"],"_links":{"self":[{"href":"http:\/\/dolinaraby.pl\/klon2024\/wp-json\/wp\/v2\/pages\/44","targetHints":{"allow":["GET"]}}],"collection":[{"href":"http:\/\/dolinaraby.pl\/klon2024\/wp-json\/wp\/v2\/pages"}],"about":[{"href":"http:\/\/dolinaraby.pl\/klon2024\/wp-json\/wp\/v2\/types\/page"}],"author":[{"embeddable":true,"href":"http:\/\/dolinaraby.pl\/klon2024\/wp-json\/wp\/v2\/users\/1"}],"replies":[{"embeddable":true,"href":"http:\/\/dolinaraby.pl\/klon2024\/wp-json\/wp\/v2\/comments?post=44"}],"version-history":[{"count":12,"href":"http:\/\/dolinaraby.pl\/klon2024\/wp-json\/wp\/v2\/pages\/44\/revisions"}],"predecessor-version":[{"id":10483,"href":"http:\/\/dolinaraby.pl\/klon2024\/wp-json\/wp\/v2\/pages\/44\/revisions\/10483"}],"wp:attachment":[{"href":"http:\/\/dolinaraby.pl\/klon2024\/wp-json\/wp\/v2\/media?parent=44"}],"curies":[{"name":"wp","href":"https:\/\/api.w.org\/{rel}","templated":true}]}}