{"id":50,"date":"2012-12-01T12:40:40","date_gmt":"2012-12-01T11:40:40","guid":{"rendered":"http:\/\/dolinaraby.pl\/nowa_strona\/?page_id=50"},"modified":"2023-07-18T12:19:11","modified_gmt":"2023-07-18T10:19:11","slug":"rada","status":"publish","type":"page","link":"http:\/\/dolinaraby.pl\/klon2024\/rada\/","title":{"rendered":"Rada"},"content":{"rendered":"<p style=\"text-align: center;\"><strong>Sk\u0142ad Rady&nbsp;<\/strong><\/p>\n<p><span style=\"font-size: 10pt;\"><strong>SEKTOR PUBLICZNY<\/strong><\/span><\/p>\n<p><span style=\"font-size: 10pt;\">1. Powiat Boche\u0144ski reprezentowany przez Wicestarost\u0119 Powiatu Boche\u0144skiego<\/span><br \/>\n<span style=\"font-size: 10pt;\">2. Gmina Biskupice reprezentowana przez W\u00f3jta Gminy Biskupice<\/span><br \/>\n<span style=\"font-size: 10pt;\">3. Gmina Gd\u00f3w reprezentowana przez W\u00f3jta Gminy Gd\u00f3w<\/span><br \/>\n<span style=\"font-size: 10pt;\">4. Gmina \u0141apan\u00f3w reprezentowana przez W\u00f3jta Gminy \u0141apan\u00f3w<\/span><br \/>\n<span style=\"font-size: 10pt;\">5. Gmina Trzciana reprezentowana przez W\u00f3jta Gminy Trzciana &#8211; <strong>Wiceprzewodnicz\u0105cy Rady<\/strong><\/span><br \/>\n<span style=\"font-size: 10pt;\">6. Gmina Nowy Wi\u015bnicz reprezentowana przez Burmistrza Nowego Wi\u015bnicza<\/span><br \/>\n<span style=\"font-size: 10pt;\">7. Gmina \u017begocina reprezentowana przez W\u00f3jta Gminy \u017begocina &#8211; <strong>Wiceprzewodnicz\u0105cy Rady<\/strong><\/span><\/p>\n<p><span style=\"font-size: 10pt;\"><strong>SEKTOR SPO\u0141ECZNY<\/strong><\/span><\/p>\n<p><span style=\"font-size: 10pt;\">8. Stowarzyszenie Przyjaci\u00f3\u0142 Ziemi \u017begoci\u0144skiej reprezentowane przez Tadeusza Olszewskiego &#8211; <strong>Wiceprzewodnicz\u0105cy Rady<\/strong><\/span><br \/>\n<span style=\"font-size: 10pt;\">9. Ochotnicza Stra\u017c Po\u017carna w \u0141azanach reprezentowana przez Ma\u0142gorzat\u0119 Wyrob\u0119<\/span><br \/>\n<span style=\"font-size: 10pt;\">10. Ochotnicza Stra\u017c Po\u017carna w Gdowie reprezentowana przez Mari\u0119 Kasprzyk<\/span><br \/>\n<span style=\"font-size: 10pt;\">11. Stowarzyszenie Gospody\u0144 Wiejskich Gminy Gd\u00f3w reprezentowane przez Lucyn\u0119 W\u0142odarz<\/span><br \/>\n<span style=\"font-size: 10pt;\">12. Stowarzyszenie Rozwoju Ma\u0142ych Miejscowo\u015bci \u201eNasz Kamyk\u201d reprezentowane przez Mari\u0119 W\u0119glarz<\/span><br \/>\n<span style=\"font-size: 10pt;\">13. Stowarzyszenie Gospody\u0144 i Gospodarzy Wiejskich pod nazw\u0105 \u201eGo\u015bcinna Kamionna\u201d reprezentowane przez Renat\u0119 Paruch<\/span><br \/>\n<span style=\"font-size: 10pt;\">14. Stowarzyszenie \u201eNasza Leszczyna\u201d reprezentowane przez Marka Dudzika<\/span><br \/>\n<span style=\"font-size: 10pt;\">15. Ko\u0142o Gospody\u0144 Wiejskich \u0141\u0105kta G\u00f3rna reprezentowane przez J\u00f3zefa Kowalczyka<\/span><br \/>\n<span style=\"font-size: 10pt;\">16. Stowarzyszenie Ko\u0142o Gospody\u0144 Wiejskich Ma\u0142y Wi\u015bnicz reprezentowane przez Lucyn\u0119 Su\u0142ek &#8211; <strong>Przewodnicz\u0105cy Rady<\/strong><\/span><\/p>\n<p><span style=\"font-size: 10pt;\"><strong>SEKTOR GOSPODARCZY<\/strong><\/span><\/p>\n<p><span style=\"font-size: 10pt;\">17. Firma pn. Rados\u0142aw Florek PPHU Beskidzkie Klimaty reprezentowana przez Rados\u0142awa Florka&nbsp;<\/span><br \/>\n<span style=\"font-size: 10pt;\">18. Firma pn. Tomasz Nowak Firma Handlowo Us\u0142ugowa \u2013 Nowak reprezentowana przez Tomasz Nowaka<\/span><br \/>\n<span style=\"font-size: 10pt;\">19. Firma pn. Danuta Kasprzyk Niepubliczny \u201eT\u0119czowy \u017b\u0142obek\u201d reprezentowany przez Danut\u0119 Kasprzyk<\/span><br \/>\n<span style=\"font-size: 10pt;\">20. Firma pn. Ada D\u0142ugosz Caffeton reprezentowana przez Ad\u0119 D\u0142ugosz<\/span><br \/>\n<span style=\"font-size: 10pt;\">21. Firma pn. Firma \u201eMAGI\u201d Maria Zdebska reprezentowana przez Mari\u0119 Zdebsk\u0105<\/span><br \/>\n<span style=\"font-size: 10pt;\">22. Firma pn. Grabska Zofia DFHlive reprezentowana przez Zofi\u0119 Grabsk\u0105<\/span><br \/>\n<span style=\"font-size: 10pt;\">23. Firma pn. Mateusz Kwinta F.P.H.U. WI-STAL reprezentowana przez Mateusza Kwint\u0119<br \/>\n24. Rolnik &#8211; Tadeusz Kozio\u0142<\/span><\/p>\n","protected":false},"excerpt":{"rendered":"<p>Sk\u0142ad Rady&nbsp; SEKTOR PUBLICZNY 1. Powiat Boche\u0144ski reprezentowany przez Wicestarost\u0119 Powiatu Boche\u0144skiego 2. Gmina Biskupice reprezentowana przez W\u00f3jta Gminy Biskupice 3. Gmina Gd\u00f3w reprezentowana przez&hellip;<\/p>\n","protected":false},"author":1,"featured_media":0,"parent":0,"menu_order":0,"comment_status":"open","ping_status":"open","template":"","meta":{"_monsterinsights_skip_tracking":false,"_monsterinsights_sitenote_active":false,"_monsterinsights_sitenote_note":"","_monsterinsights_sitenote_category":0,"ngg_post_thumbnail":0,"footnotes":""},"class_list":["post-50","page","type-page","status-publish","hentry"],"_links":{"self":[{"href":"http:\/\/dolinaraby.pl\/klon2024\/wp-json\/wp\/v2\/pages\/50","targetHints":{"allow":["GET"]}}],"collection":[{"href":"http:\/\/dolinaraby.pl\/klon2024\/wp-json\/wp\/v2\/pages"}],"about":[{"href":"http:\/\/dolinaraby.pl\/klon2024\/wp-json\/wp\/v2\/types\/page"}],"author":[{"embeddable":true,"href":"http:\/\/dolinaraby.pl\/klon2024\/wp-json\/wp\/v2\/users\/1"}],"replies":[{"embeddable":true,"href":"http:\/\/dolinaraby.pl\/klon2024\/wp-json\/wp\/v2\/comments?post=50"}],"version-history":[{"count":17,"href":"http:\/\/dolinaraby.pl\/klon2024\/wp-json\/wp\/v2\/pages\/50\/revisions"}],"predecessor-version":[{"id":13164,"href":"http:\/\/dolinaraby.pl\/klon2024\/wp-json\/wp\/v2\/pages\/50\/revisions\/13164"}],"wp:attachment":[{"href":"http:\/\/dolinaraby.pl\/klon2024\/wp-json\/wp\/v2\/media?parent=50"}],"curies":[{"name":"wp","href":"https:\/\/api.w.org\/{rel}","templated":true}]}}