{"id":52,"date":"2012-12-01T12:40:54","date_gmt":"2012-12-01T11:40:54","guid":{"rendered":"http:\/\/dolinaraby.pl\/nowa_strona\/?page_id=52"},"modified":"2020-09-23T09:33:52","modified_gmt":"2020-09-23T07:33:52","slug":"komisja-rewizyjna","status":"publish","type":"page","link":"http:\/\/dolinaraby.pl\/klon2024\/komisja-rewizyjna\/","title":{"rendered":"Komisja Rewizyjna"},"content":{"rendered":"<p><strong>Cz\u0142onkowie Komisji Rewizyjnej<\/strong><\/p>\n<p>Krzysztof Kluba &#8211; Przewodnicz\u0105cy<br \/>\nMaria Pietro\u0144 &#8211; Wiceprzewodnicz\u0105ca<br \/>\nMariusz Bratek &#8211; Cz\u0142onek<\/p>\n","protected":false},"excerpt":{"rendered":"<p>Cz\u0142onkowie Komisji Rewizyjnej Krzysztof Kluba &#8211; Przewodnicz\u0105cy Maria Pietro\u0144 &#8211; Wiceprzewodnicz\u0105ca Mariusz Bratek &#8211; Cz\u0142onek<\/p>\n","protected":false},"author":1,"featured_media":0,"parent":0,"menu_order":0,"comment_status":"open","ping_status":"open","template":"","meta":{"_monsterinsights_skip_tracking":false,"_monsterinsights_sitenote_active":false,"_monsterinsights_sitenote_note":"","_monsterinsights_sitenote_category":0,"ngg_post_thumbnail":0,"footnotes":""},"class_list":["post-52","page","type-page","status-publish","hentry"],"_links":{"self":[{"href":"http:\/\/dolinaraby.pl\/klon2024\/wp-json\/wp\/v2\/pages\/52","targetHints":{"allow":["GET"]}}],"collection":[{"href":"http:\/\/dolinaraby.pl\/klon2024\/wp-json\/wp\/v2\/pages"}],"about":[{"href":"http:\/\/dolinaraby.pl\/klon2024\/wp-json\/wp\/v2\/types\/page"}],"author":[{"embeddable":true,"href":"http:\/\/dolinaraby.pl\/klon2024\/wp-json\/wp\/v2\/users\/1"}],"replies":[{"embeddable":true,"href":"http:\/\/dolinaraby.pl\/klon2024\/wp-json\/wp\/v2\/comments?post=52"}],"version-history":[{"count":9,"href":"http:\/\/dolinaraby.pl\/klon2024\/wp-json\/wp\/v2\/pages\/52\/revisions"}],"predecessor-version":[{"id":10333,"href":"http:\/\/dolinaraby.pl\/klon2024\/wp-json\/wp\/v2\/pages\/52\/revisions\/10333"}],"wp:attachment":[{"href":"http:\/\/dolinaraby.pl\/klon2024\/wp-json\/wp\/v2\/media?parent=52"}],"curies":[{"name":"wp","href":"https:\/\/api.w.org\/{rel}","templated":true}]}}