{"id":54,"date":"2012-12-01T12:41:04","date_gmt":"2012-12-01T11:41:04","guid":{"rendered":"http:\/\/dolinaraby.pl\/nowa_strona\/?page_id=54"},"modified":"2013-01-13T17:32:37","modified_gmt":"2013-01-13T16:32:37","slug":"polozenie","status":"publish","type":"page","link":"http:\/\/dolinaraby.pl\/klon2024\/polozenie\/","title":{"rendered":"Po\u0142o\u017cenie"},"content":{"rendered":"<p>Obszar LGD nale\u017cy do dw\u00f3ch powiat\u00f3w, zachodnia cz\u0119\u015b\u0107 do wielickiego a wschodnia do boche\u0144skiego. Do pierwszego z nich nale\u017c\u0105 gminy Gd\u00f3w i Biskupice, do drugiego \u0141apan\u00f3w, Trzciana, Nowy Wi\u015bnicz i \u017begocina. Oba powiaty znajduj\u0105 si\u0119 na terenie wojew\u00f3dztwa ma\u0142opolskiego.<\/p>\n<p>Powierzchnia terenu LGD wynosi 383 km2. Obszar ten stanowi odpowiednio 35,9% powiatu boche\u0144skiego oraz 36,5% powiatu wielickiego. Ca\u0142e LGD zajmuje 2,52% wojew\u00f3dztwa ma\u0142opolskiego.<\/p>\n<p>Zgodnie z regionalizacj\u0105 fizyczno-geograficzn\u0105 obszar LGD znajduje si\u0119 w regionie Karpackim w prowincji Karpaty Zachodnie oraz nale\u017cy do czterech mezoregion\u00f3w: Pog\u00f3rza Wi\u015bnickiego, Wielickiego i Boche\u0144skiego oraz do Beskidu Wyspowego.<\/p>\n<p><a href=\"http:\/\/dolinaraby.pl\/nowa_strona\/wp-content\/uploads\/2012\/12\/obraz1.jpg\" data-rel=\"penci-gallery-image-content\" ><img fetchpriority=\"high\" decoding=\"async\" class=\"aligncenter size-full wp-image-985\" title=\"obraz1\" src=\"http:\/\/dolinaraby.pl\/nowa_strona\/wp-content\/uploads\/2012\/12\/obraz1.jpg\" alt=\"\" width=\"671\" height=\"549\" srcset=\"http:\/\/dolinaraby.pl\/klon2024\/wp-content\/uploads\/2012\/12\/obraz1.jpg 671w, http:\/\/dolinaraby.pl\/klon2024\/wp-content\/uploads\/2012\/12\/obraz1-300x245.jpg 300w\" sizes=\"(max-width: 671px) 100vw, 671px\" \/><\/a><\/p>\n","protected":false},"excerpt":{"rendered":"<p>Obszar LGD nale\u017cy do dw\u00f3ch powiat\u00f3w, zachodnia cz\u0119\u015b\u0107 do wielickiego a wschodnia do boche\u0144skiego. Do pierwszego z nich nale\u017c\u0105 gminy Gd\u00f3w i Biskupice, do drugiego&hellip;<\/p>\n","protected":false},"author":1,"featured_media":0,"parent":0,"menu_order":0,"comment_status":"open","ping_status":"open","template":"","meta":{"_monsterinsights_skip_tracking":false,"_monsterinsights_sitenote_active":false,"_monsterinsights_sitenote_note":"","_monsterinsights_sitenote_category":0,"ngg_post_thumbnail":0,"footnotes":""},"class_list":["post-54","page","type-page","status-publish","hentry"],"_links":{"self":[{"href":"http:\/\/dolinaraby.pl\/klon2024\/wp-json\/wp\/v2\/pages\/54","targetHints":{"allow":["GET"]}}],"collection":[{"href":"http:\/\/dolinaraby.pl\/klon2024\/wp-json\/wp\/v2\/pages"}],"about":[{"href":"http:\/\/dolinaraby.pl\/klon2024\/wp-json\/wp\/v2\/types\/page"}],"author":[{"embeddable":true,"href":"http:\/\/dolinaraby.pl\/klon2024\/wp-json\/wp\/v2\/users\/1"}],"replies":[{"embeddable":true,"href":"http:\/\/dolinaraby.pl\/klon2024\/wp-json\/wp\/v2\/comments?post=54"}],"version-history":[{"count":2,"href":"http:\/\/dolinaraby.pl\/klon2024\/wp-json\/wp\/v2\/pages\/54\/revisions"}],"predecessor-version":[{"id":986,"href":"http:\/\/dolinaraby.pl\/klon2024\/wp-json\/wp\/v2\/pages\/54\/revisions\/986"}],"wp:attachment":[{"href":"http:\/\/dolinaraby.pl\/klon2024\/wp-json\/wp\/v2\/media?parent=54"}],"curies":[{"name":"wp","href":"https:\/\/api.w.org\/{rel}","templated":true}]}}