{"id":56,"date":"2012-12-01T12:41:11","date_gmt":"2012-12-01T11:41:11","guid":{"rendered":"http:\/\/dolinaraby.pl\/nowa_strona\/?page_id=56"},"modified":"2024-01-24T08:50:07","modified_gmt":"2024-01-24T07:50:07","slug":"czlonkowie","status":"publish","type":"page","link":"http:\/\/dolinaraby.pl\/klon2024\/czlonkowie\/","title":{"rendered":"Cz\u0142onkowie"},"content":{"rendered":"\n<p>LGD jest partnerstwem tr\u00f3jsektorowym, skupiaj\u0105cym osoby fizyczne i prawne reprezentuj\u0105ce trzy sektory publiczny, gospodarczy i spo\u0142eczny.<\/p>\n\n\n\n<p>\u0141\u0105czna liczba zameldowanych mieszka\u0144c\u00f3w obszaru LGD na dzie\u0144 31 grudnia 2020 roku wynosi 84 301 mieszka\u0144c\u00f3w.<\/p>\n\n\n\n<div class=\"wp-block-file\"><a id=\"wp-block-file--media-fa39d2a9-1c6b-4652-b6fa-c96f679887a4\" href=\"http:\/\/dolinaraby.pl\/wp-content\/uploads\/2023\/06\/Deklaracja-przystapienia-do-LGD_czysty-wzor.doc\">Deklaracja-przyst\u0105pienia-do-LGD_wz\u00f3r<\/a><a href=\"http:\/\/dolinaraby.pl\/wp-content\/uploads\/2023\/06\/Deklaracja-przystapienia-do-LGD_czysty-wzor.doc\" class=\"wp-block-file__button wp-element-button\" download aria-describedby=\"wp-block-file--media-fa39d2a9-1c6b-4652-b6fa-c96f679887a4\">Pobierz<\/a><\/div>\n\n\n\n<p>(dla os\u00f3b fizycznych i prawnych)<\/p>\n\n\n\n<div class=\"wp-block-file\"><a id=\"wp-block-file--media-0940e886-2e58-4124-993f-d131a57efe1e\" href=\"http:\/\/dolinaraby.pl\/wp-content\/uploads\/2023\/06\/Uchwala-o-przystapieniu-do-LGD_czysty-wzor.doc\">Uchwala-o-przyst\u0105pieniu-do-LGD_wz\u00f3r<\/a><a href=\"http:\/\/dolinaraby.pl\/wp-content\/uploads\/2023\/06\/Uchwala-o-przystapieniu-do-LGD_czysty-wzor.doc\" class=\"wp-block-file__button wp-element-button\" download aria-describedby=\"wp-block-file--media-0940e886-2e58-4124-993f-d131a57efe1e\">Pobierz<\/a><\/div>\n\n\n\n<p>(wz\u00f3r, tylko dla os\u00f3b prawnych)<\/p>\n\n\n\n<div class=\"wp-block-file\"><a id=\"wp-block-file--media-fc0cd463-ed3c-40c9-8bc9-6265ddbfad0a\" href=\"http:\/\/dolinaraby.pl\/wp-content\/uploads\/2024\/01\/Lista-czlonkow_stan-na-10.01.2024.pdf\">Lista-czlonkow_stan-na-10.01.2024<\/a><a href=\"http:\/\/dolinaraby.pl\/wp-content\/uploads\/2024\/01\/Lista-czlonkow_stan-na-10.01.2024.pdf\" class=\"wp-block-file__button wp-element-button\" download aria-describedby=\"wp-block-file--media-fc0cd463-ed3c-40c9-8bc9-6265ddbfad0a\">Pobierz<\/a><\/div>\n","protected":false},"excerpt":{"rendered":"<p>LGD jest partnerstwem tr\u00f3jsektorowym, skupiaj\u0105cym osoby fizyczne i prawne reprezentuj\u0105ce trzy sektory publiczny, gospodarczy i spo\u0142eczny. \u0141\u0105czna liczba zameldowanych mieszka\u0144c\u00f3w obszaru LGD na dzie\u0144 31&hellip;<\/p>\n","protected":false},"author":1,"featured_media":0,"parent":0,"menu_order":0,"comment_status":"open","ping_status":"open","template":"","meta":{"_monsterinsights_skip_tracking":false,"_monsterinsights_sitenote_active":false,"_monsterinsights_sitenote_note":"","_monsterinsights_sitenote_category":0,"ngg_post_thumbnail":0,"footnotes":""},"class_list":["post-56","page","type-page","status-publish","hentry"],"_links":{"self":[{"href":"http:\/\/dolinaraby.pl\/klon2024\/wp-json\/wp\/v2\/pages\/56","targetHints":{"allow":["GET"]}}],"collection":[{"href":"http:\/\/dolinaraby.pl\/klon2024\/wp-json\/wp\/v2\/pages"}],"about":[{"href":"http:\/\/dolinaraby.pl\/klon2024\/wp-json\/wp\/v2\/types\/page"}],"author":[{"embeddable":true,"href":"http:\/\/dolinaraby.pl\/klon2024\/wp-json\/wp\/v2\/users\/1"}],"replies":[{"embeddable":true,"href":"http:\/\/dolinaraby.pl\/klon2024\/wp-json\/wp\/v2\/comments?post=56"}],"version-history":[{"count":25,"href":"http:\/\/dolinaraby.pl\/klon2024\/wp-json\/wp\/v2\/pages\/56\/revisions"}],"predecessor-version":[{"id":13548,"href":"http:\/\/dolinaraby.pl\/klon2024\/wp-json\/wp\/v2\/pages\/56\/revisions\/13548"}],"wp:attachment":[{"href":"http:\/\/dolinaraby.pl\/klon2024\/wp-json\/wp\/v2\/media?parent=56"}],"curies":[{"name":"wp","href":"https:\/\/api.w.org\/{rel}","templated":true}]}}