{"id":60,"date":"2012-12-01T12:41:41","date_gmt":"2012-12-01T11:41:41","guid":{"rendered":"http:\/\/dolinaraby.pl\/nowa_strona\/?page_id=60"},"modified":"2018-02-13T17:45:36","modified_gmt":"2018-02-13T16:45:36","slug":"spoleczne","status":"publish","type":"page","link":"http:\/\/dolinaraby.pl\/klon2024\/spoleczne\/","title":{"rendered":"Projekty spo\u0142eczne"},"content":{"rendered":"<p style=\"text-align: center;\"><strong>Zakresy realizacji operacji spo\u0142ecznych<\/strong><\/p>\n<p style=\"text-align: justify;\">1.Wzmocnienie kapita\u0142u spo\u0142ecznego, w tym przez podnoszenie wiedzy spo\u0142eczno\u015bci lokalnej w zakresie ochrony \u015brodowiska i zmian klimatycznych, tak\u017ce z wykorzystaniem rozwi\u0105za\u0144 innowacyjnych<\/p>\n<p style=\"text-align: justify;\">2. Rozw\u00f3j rynk\u00f3w zbytu produkt\u00f3w i us\u0142ug lokalnych, z wy\u0142\u0105czeniem operacji polegaj\u0105cych na budowie lub modernizacji&nbsp;targowisk obj\u0119tych zakresem wsparcia w ramach dzia\u0142ania, o kt\u00f3rym mowa w art. 3 ust. 1 pkt 7 ustawy z dnia 20 lutego 2015 r. o wspieraniu rozwoju obszar\u00f3w wiejskich z udzia\u0142em \u015brodk\u00f3w Europejskiego Funduszu Rolnego na rzecz Rozwoju Obszar\u00f3w Wiejskich w ramach Programu Rozwoju Obszar\u00f3w Wiejskich na lata 2014\u20132020<\/p>\n<p style=\"text-align: justify;\">3. Zachowanie dziedzictwa lokalnego<\/p>\n<p style=\"text-align: justify;\">4. Budowa lub przebudowa og\u00f3lnodost\u0119pnej i niekomercyjnej infrastruktury turystycznej lub rekreacyjnej, lub kulturalnej<\/p>\n<p style=\"text-align: justify;\">5. Budowa lub przebudowa publicznych dr\u00f3g gminnych lub powiatowych, kt\u00f3re:<br \/>\na) umo\u017cliwiaj\u0105 po\u0142\u0105czenie obiekt\u00f3w u\u017cyteczno\u015bci publicznej, w kt\u00f3rych s\u0105 \u015bwiadczone us\u0142ugi spo\u0142eczne, zdrowotne,&nbsp;opieku\u0144czo-wychowawcze lub edukacyjne dla ludno\u015bci lokalnej, z sieci\u0105 dr\u00f3g publicznych albo<br \/>\nb) skracaj\u0105 dystans lub czas dojazdu do tych obiekt\u00f3w<\/p>\n<p style=\"text-align: justify;\">6. Promowania obszaru obj\u0119tego LSR, w tym produkt\u00f3w lub us\u0142ug lokalnych<\/p>\n<p style=\"text-align: center;\"><strong>Podstawowe warunki udzielenia pomocy<\/strong><\/p>\n<p style=\"text-align: left;\"><strong>Beneficjent:<\/strong><\/p>\n<p style=\"text-align: justify;\">1. O pomoc mo\u017ce ubiega\u0107 si\u0119 podmiot b\u0119d\u0105cy:<br \/>\n1) osob\u0105 fizyczn\u0105, je\u017celi:<br \/>\na) jest obywatelem pa\u0144stwa cz\u0142onkowskiego Unii Europejskiej,<br \/>\nb) jest pe\u0142noletnia,<br \/>\nc) ma miejsce zamieszkania na obszarze wiejskim obj\u0119tym LSR \u2013 w przypadku gdy osoba fizyczna nie wykonuje&nbsp;dzia\u0142alno\u015bci gospodarczej, do kt\u00f3rej stosuje si\u0119 przepisy ustawy z dnia 2 lipca 2004 r. o swobodzie dzia\u0142alno\u015bci&nbsp;gospodarczej (Dz. U. z 2015 r. poz. 584, z p\u00f3\u017an. zm.2)),<br \/>\nd) miejsce oznaczone adresem, pod kt\u00f3rym wykonuje dzia\u0142alno\u015b\u0107 gospodarcz\u0105, wpisanym do Centralnej Ewidencji&nbsp;i Informacji o Dzia\u0142alno\u015bci Gospodarczej, znajduje si\u0119 na obszarze wiejskim obj\u0119tym LSR \u2013 w przypadku gdy&nbsp;osoba fizyczna wykonuje dzia\u0142alno\u015b\u0107 gospodarcz\u0105, do kt\u00f3rej stosuje si\u0119 przepisy ustawy z dnia 2 lipca 2004 r.&nbsp;o swobodzie dzia\u0142alno\u015bci gospodarczej, albo<br \/>\n2) osob\u0105 prawn\u0105, z wy\u0142\u0105czeniem wojew\u00f3dztwa, je\u017celi siedziba tej osoby lub jej oddzia\u0142u znajduje si\u0119 na obszarze wiejskim&nbsp;obj\u0119tym LSR, albo<br \/>\n3) jednostk\u0105 organizacyjn\u0105 nieposiadaj\u0105c\u0105 osobowo\u015bci prawnej, kt\u00f3rej ustawa przyznaje zdolno\u015b\u0107 prawn\u0105, je\u017celi siedziba&nbsp;tej jednostki lub jej oddzia\u0142u znajduje si\u0119 na obszarze wiejskim obj\u0119tym LSR.<\/p>\n<p style=\"text-align: left;\"><strong>Pozosta\u0142e warunki:<\/strong><\/p>\n<p style=\"text-align: left;\">Pomoc jest przyznawana podmiotowi kt\u00f3remu zosta\u0142 nadany numer identyfikacyjny w trybie przepis\u00f3w o krajowym systemie ewidencji producent\u00f3w, ewidencji gospodarstw rolnych oraz&nbsp;ewidencji wniosk\u00f3w o przyznanie p\u0142atno\u015bci, zwany dalej \u201enumerem identyfikacyjnym\u201d, je\u017celi:<\/p>\n<p style=\"text-align: justify;\">1) koszty kwalifikowalne operacji nie s\u0105 wsp\u00f3\u0142finansowane z innych \u015brodk\u00f3w publicznych (<span style=\"text-decoration: underline;\">nie dotyczy jednostek sektora finans\u00f3w publicznych i organizacji po\u017cytku publicznego b\u0119d\u0105cej organizacj\u0105 pozarz\u0105dow\u0105<\/span>);<br \/>\n2) operacja b\u0119dzie realizowana nie wi\u0119cej ni\u017c w 2 etapach, a wykonanie zakresu rzeczowego zgodnie z zestawieniem rzeczowo-finansowym operacji, w tym poniesienie przez beneficjenta koszt\u00f3w kwalifikowalnych operacji oraz z\u0142o\u017cenie wniosku o p\u0142atno\u015b\u0107 ko\u0144cow\u0105 wyp\u0142acan\u0105 po zrealizowaniu ca\u0142ej operacji, nast\u0105pi w terminie 2 lat od dnia zawarcia umowy, lecz nie p\u00f3\u017aniej ni\u017c do dnia 31 grudnia 2022 r.;<br \/>\n3) operacja, kt\u00f3ra obejmuje koszty inwestycyjne, zak\u0142ada realizacj\u0119 inwestycji na obszarze wiejskim obj\u0119tym LSR, chyba \u017ce operacja dotyczy inwestycji polegaj\u0105cej na budowie albo przebudowie liniowego obiektu budowlanego, kt\u00f3rego odcinek b\u0119dzie zlokalizowany poza tym obszarem;<br \/>\n4) inwestycje w ramach operacji b\u0119d\u0105 realizowane na nieruchomo\u015bci b\u0119d\u0105cej w\u0142asno\u015bci\u0105 lub wsp\u00f3\u0142w\u0142asno\u015bci\u0105 podmiotu ubiegaj\u0105cego si\u0119 o przyznanie pomocy lub podmiot ten posiada udokumentowane prawo do dysponowania nieruchomo\u015bci\u0105 na cele okre\u015blone we wniosku o przyznanie pomocy co najmniej przez okres realizacji operacji oraz okres podlegania zobowi\u0105zaniu do zapewnienia trwa\u0142o\u015bci operacji zgodnie z art. 71 ust. 1 rozporz\u0105dzenia Parlamentu Europejskiego&nbsp;i Rady (UE) nr 1303\/2013 z dnia 17 grudnia 2013 r. ustanawiaj\u0105cego wsp\u00f3lne przepisy dotycz\u0105ce Europejskiego Funduszu Rozwoju Regionalnego, Europejskiego Funduszu Spo\u0142ecznego, Funduszu Sp\u00f3jno\u015bci, Europejskiego Funduszu Rolnego na rzecz Rozwoju Obszar\u00f3w Wiejskich oraz Europejskiego Funduszu Morskiego i Rybackiego oraz ustanawiaj\u0105cego przepisy og\u00f3lne dotycz\u0105ce Europejskiego Funduszu Rozwoju Regionalnego, Europejskiego Funduszu Spo\u0142ecznego, Funduszu Sp\u00f3jno\u015bci i Europejskiego Funduszu Morskiego i Rybackiego oraz uchylaj\u0105cego rozporz\u0105dzenie Rady (WE) nr 1083\/2006, zwanego dalej \u201erozporz\u0105dzeniem nr 1303\/2013\u201d;<br \/>\n5) operacja jest uzasadniona ekonomicznie i b\u0119dzie realizowana zgodnie z biznesplanem (<span style=\"text-decoration: underline;\">wy\u0142\u0105cznie dla projekt\u00f3w gospodarczych<\/span>);<br \/>\n6) minimalna ca\u0142kowita warto\u015b\u0107 operacji wynosi <strong>nie mniej ni\u017c 50 tys. z\u0142otych<\/strong>;<br \/>\n7) podmiot ten wyka\u017ce, \u017ce: (<span style=\"text-decoration: underline;\">nie dotyczy podejmowania dzia\u0142alno\u015bci gospodarczej<\/span>)<br \/>\na) posiada do\u015bwiadczenie w realizacji projekt\u00f3w o charakterze podobnym do operacji, kt\u00f3r\u0105 zamierza realizowa\u0107,<br \/>\nlub<br \/>\nb) posiada zasoby odpowiednie do przedmiotu operacji, kt\u00f3r\u0105 zamierza realizowa\u0107, lub<br \/>\nc) posiada kwalifikacje odpowiednie do przedmiotu operacji, kt\u00f3r\u0105 zamierza realizowa\u0107, je\u017celi jest osob\u0105 fizyczn\u0105,<br \/>\nlub<br \/>\nd) wykonuje dzia\u0142alno\u015b\u0107 odpowiedni\u0105 do przedmiotu operacji, kt\u00f3r\u0105 zamierza realizowa\u0107;<br \/>\n8) realizacja operacji nie jest mo\u017cliwa bez udzia\u0142u \u015brodk\u00f3w publicznych.<\/p>\n<p><strong>Kryteria w LGD:<\/strong><\/p>\n<ul>\n<li>Zgodno\u015b\u0107 operacji z warunkami przyznania pomocy okre\u015blonymi w PROW na lata 2014-2020!<\/li>\n<li>Zgodno\u015b\u0107 operacji z Lokaln\u0105 Strategi\u0105 Rozwoju!<\/li>\n<li>Uzyskania przynajmniej po\u0142owy sumy punkt\u00f3w dla danego rodzaju operacji wg. lokalnych kryteri\u00f3w wyboru!<\/li>\n<li>Zgodno\u015b\u0107 operacji z warunkami okre\u015blonymi w og\u0142oszeniu o naborze!<\/li>\n<\/ul>\n<p><strong>Prezentacja nt. zachowania dziedzictwa lokalnego (projekty pow. 50 tys. z\u0142):<\/strong><\/p>\n<p><a href=\"http:\/\/dolinaraby.pl\/wp-content\/uploads\/2018\/02\/Zachowanie-dziedzictwa-lokalnego_prezentacja_stycze\u0144-2018.pdf\">Zachowanie dziedzictwa lokalnego_prezentacja_stycze\u0144 2018<\/a><\/p>\n","protected":false},"excerpt":{"rendered":"<p>Zakresy realizacji operacji spo\u0142ecznych 1.Wzmocnienie kapita\u0142u spo\u0142ecznego, w tym przez podnoszenie wiedzy spo\u0142eczno\u015bci lokalnej w zakresie ochrony \u015brodowiska i zmian klimatycznych, tak\u017ce z wykorzystaniem rozwi\u0105za\u0144&hellip;<\/p>\n","protected":false},"author":1,"featured_media":0,"parent":0,"menu_order":0,"comment_status":"open","ping_status":"open","template":"","meta":{"_monsterinsights_skip_tracking":false,"_monsterinsights_sitenote_active":false,"_monsterinsights_sitenote_note":"","_monsterinsights_sitenote_category":0,"ngg_post_thumbnail":0,"footnotes":""},"class_list":["post-60","page","type-page","status-publish","hentry"],"_links":{"self":[{"href":"http:\/\/dolinaraby.pl\/klon2024\/wp-json\/wp\/v2\/pages\/60","targetHints":{"allow":["GET"]}}],"collection":[{"href":"http:\/\/dolinaraby.pl\/klon2024\/wp-json\/wp\/v2\/pages"}],"about":[{"href":"http:\/\/dolinaraby.pl\/klon2024\/wp-json\/wp\/v2\/types\/page"}],"author":[{"embeddable":true,"href":"http:\/\/dolinaraby.pl\/klon2024\/wp-json\/wp\/v2\/users\/1"}],"replies":[{"embeddable":true,"href":"http:\/\/dolinaraby.pl\/klon2024\/wp-json\/wp\/v2\/comments?post=60"}],"version-history":[{"count":15,"href":"http:\/\/dolinaraby.pl\/klon2024\/wp-json\/wp\/v2\/pages\/60\/revisions"}],"predecessor-version":[{"id":7850,"href":"http:\/\/dolinaraby.pl\/klon2024\/wp-json\/wp\/v2\/pages\/60\/revisions\/7850"}],"wp:attachment":[{"href":"http:\/\/dolinaraby.pl\/klon2024\/wp-json\/wp\/v2\/media?parent=60"}],"curies":[{"name":"wp","href":"https:\/\/api.w.org\/{rel}","templated":true}]}}