{"id":6246,"date":"2016-06-16T14:17:05","date_gmt":"2016-06-16T12:17:05","guid":{"rendered":"http:\/\/dolinaraby.pl\/?page_id=6246"},"modified":"2021-12-03T13:36:13","modified_gmt":"2021-12-03T12:36:13","slug":"procedury","status":"publish","type":"page","link":"http:\/\/dolinaraby.pl\/klon2024\/procedury\/","title":{"rendered":"Procedury"},"content":{"rendered":"<p style=\"text-align: justify;\"><span style=\"color: #000000;\">Za\u0142\u0105cznik nr 3 do Umowy o Warunkach i Sposobie Realizacji Strategii Rozwoju Lokalnego Kierowanego przez Spo\u0142eczno\u015b\u0107 zmieniony w dniu 18.11.2021 r., uzgodniony z ZW w dniu 2.12.2021 r. :<\/span><strong><br \/>\n<\/strong><\/p>\n<p><span style=\"color: #000000;\"><strong>Procedura wyboru i oceny operacji inne i w\u0142asne<\/strong><\/span><\/p>\n<p><a href=\"http:\/\/dolinaraby.pl\/wp-content\/uploads\/2021\/12\/Procedury-wyboru-i-oceny-operacji-inne-i-wlasne.pdf\">Procedury wyboru i oceny operacji inne i w\u0142asne<\/a><\/p>\n<p><span style=\"color: #000000;\">(Procedura dotyczy oceny projekt\u00f3w powy\u017cej 50 tys. w tym podejmowania dzia\u0142alno\u015bci gospodarczej, rozwoju dzia\u0142alno\u015bci gospodarczej, projekt\u00f3w w\u0142asnych LGD.)<\/span><\/p>\n<hr>\n<p style=\"text-align: justify;\"><span style=\"color: #000000;\">Za\u0142\u0105cznik nr 8 do Umowy o Warunkach i Sposobie Realizacji Strategii Rozwoju Lokalnego Kierowanego przez Spo\u0142eczno\u015b\u0107 zmieniony w dniu 31.12.2019 r., uzgodniony z ZW w dniu 6.02.2020 r. :<\/span><\/p>\n<p><span style=\"color: #000000;\"><strong>Procedura oceny i wyboru grantobiorc\u00f3w<\/strong><\/span><\/p>\n<p><a href=\"http:\/\/dolinaraby.pl\/wp-content\/uploads\/2020\/02\/Procedura-grantowa-Dolina-Raby_za\u0142\u0105cznik-do-uchwa\u0142y.pdf\">Procedura wyboru i oceny grantobiorc\u00f3w w ramach projekt\u00f3w grantowych_31.12.2019<\/a><\/p>\n<p><a href=\"http:\/\/dolinaraby.pl\/wp-content\/uploads\/2020\/02\/Za\u0142\u0105czniki-do-Procedury-wyboru-i-oceny-grantobiorc\u00f3w-w-ramach-projekt\u00f3w-grantowych-31.12.2019.pdf\">Za\u0142\u0105czniki do Procedury wyboru i oceny grantobiorc\u00f3w w ramach projekt\u00f3w grantowych 31.12.2019<\/a><\/p>\n<p><span style=\"color: #000000;\">(Procedura dotyczy oceny projekt\u00f3w grantowych czyli projekt\u00f3w spo\u0142ecznych od 5 tys. z\u0142 &#8211; 20 tys. z\u0142)<\/span><\/p>\n<p style=\"text-align: center;\">&nbsp;<\/p>\n<p>&nbsp;<\/p>\n<p>&nbsp;<\/p>\n<p>&nbsp;<\/p>\n","protected":false},"excerpt":{"rendered":"<p>Za\u0142\u0105cznik nr 3 do Umowy o Warunkach i Sposobie Realizacji Strategii Rozwoju Lokalnego Kierowanego przez Spo\u0142eczno\u015b\u0107 zmieniony w dniu 18.11.2021 r., uzgodniony z ZW w&hellip;<\/p>\n","protected":false},"author":1,"featured_media":0,"parent":0,"menu_order":0,"comment_status":"closed","ping_status":"closed","template":"","meta":{"_monsterinsights_skip_tracking":false,"_monsterinsights_sitenote_active":false,"_monsterinsights_sitenote_note":"","_monsterinsights_sitenote_category":0,"ngg_post_thumbnail":0,"footnotes":""},"class_list":["post-6246","page","type-page","status-publish","hentry"],"_links":{"self":[{"href":"http:\/\/dolinaraby.pl\/klon2024\/wp-json\/wp\/v2\/pages\/6246","targetHints":{"allow":["GET"]}}],"collection":[{"href":"http:\/\/dolinaraby.pl\/klon2024\/wp-json\/wp\/v2\/pages"}],"about":[{"href":"http:\/\/dolinaraby.pl\/klon2024\/wp-json\/wp\/v2\/types\/page"}],"author":[{"embeddable":true,"href":"http:\/\/dolinaraby.pl\/klon2024\/wp-json\/wp\/v2\/users\/1"}],"replies":[{"embeddable":true,"href":"http:\/\/dolinaraby.pl\/klon2024\/wp-json\/wp\/v2\/comments?post=6246"}],"version-history":[{"count":47,"href":"http:\/\/dolinaraby.pl\/klon2024\/wp-json\/wp\/v2\/pages\/6246\/revisions"}],"predecessor-version":[{"id":10939,"href":"http:\/\/dolinaraby.pl\/klon2024\/wp-json\/wp\/v2\/pages\/6246\/revisions\/10939"}],"wp:attachment":[{"href":"http:\/\/dolinaraby.pl\/klon2024\/wp-json\/wp\/v2\/media?parent=6246"}],"curies":[{"name":"wp","href":"https:\/\/api.w.org\/{rel}","templated":true}]}}