{"id":64,"date":"2012-12-01T12:42:09","date_gmt":"2012-12-01T11:42:09","guid":{"rendered":"http:\/\/dolinaraby.pl\/nowa_strona\/?page_id=64"},"modified":"2022-01-10T12:37:02","modified_gmt":"2022-01-10T11:37:02","slug":"rozwijanie","status":"publish","type":"page","link":"http:\/\/dolinaraby.pl\/klon2024\/rozwijanie\/","title":{"rendered":"Rozwijanie dzia\u0142alno\u015bci gospodarczej"},"content":{"rendered":"<p style=\"text-align: justify;\">Pomoc na operacje w zakresie rozwoju dzia\u0142alno\u015bci gospodarczej jest przyznawana je\u017celi podmiot ubiegaj\u0105cy si\u0119 o jej przyznanie <b>w okresie 3 lat<\/b> poprzedzaj\u0105cych dzie\u0144 z\u0142o\u017cenia wniosku o przyznanie pomocy wykonywa\u0142 <b>\u0142\u0105cznie przez co najmniej 365 dni dzia\u0142alno\u015b\u0107 gospodarcz\u0105<\/b>, do kt\u00f3rej stosuje si\u0119 przepisy ustawy z dnia 2 lipca 2004 r. o swobodzie dzia\u0142alno\u015bci gospodarczej oraz <span style=\"text-decoration: underline;\">nadal wykonuje t\u0119 dzia\u0142alno\u015b\u0107<\/span>.<br \/>\nOperacja zak\u0142ada utworzenie co najmniej jednego miejsca pracy w przeliczeniu na \u015brednioroczne etaty i jest to uzasadnione zakresem realizacji operacji.<br \/>\nUtrzymanie miejsca pracy, przez co najmniej 3 lata od dnia wyp\u0142aty p\u0142atno\u015bci ko\u0144cowej.<\/p>\n<p style=\"text-align: justify;\">Podmiotowi nie przyznano dotychczas pomocy na rozpocz\u0119cie dzia\u0142alno\u015bci gospodarczej w ramach poddzia\u0142ania 19.2-Leader lub up\u0142yn\u0119\u0142y 2 lata od dnia przyznania temu podmiotowi pomocy.<br \/>\nNie ma wymogu tworzenia miejsca pracy w przypadku gdy kwota pomocy o kt\u00f3r\u0105 ubiega si\u0119 podmiot nie przekracza 25 000,00 z\u0142.<\/p>\n<p style=\"text-align: justify;\">Pomoc jest przyznawana do wysoko\u015bci limitu, kt\u00f3ry w okresie realizacji PROW 2014-2020 wynosi 500 000,00 z\u0142.<br \/>\nWysoko\u015b\u0107 pomocy na jedn\u0105 operacj\u0119 nie mo\u017ce przekroczy\u0107 <span style=\"text-decoration: underline;\">limit\u00f3w okre\u015blonych w og\u0142oszeniach o naborze.<\/span><br \/>\nPomoc przyznawana jest w wysoko\u015bci do 70 % koszt\u00f3w kwalifikowalnych mikro i ma\u0142ym przedsi\u0119biorcom.&nbsp;<\/p>\n<p><strong>Koszty kwalifikowalne<\/strong><\/p>\n<ul>\n<li>Koszty og\u00f3lne w wysoko\u015bci nieprzekraczaj\u0105cej 10% pozosta\u0142ych koszt\u00f3w kwalifikowalnych operacji<\/li>\n<li>Zakup \u015brodk\u00f3w transportu w wysoko\u015bci nieprzekraczaj\u0105cej 30% pozosta\u0142ych koszt\u00f3w kwalifikowalnych operacji, pomniejszonych o koszty og\u00f3lne.<\/li>\n<li>Zakupu rob\u00f3t budowlanych lub us\u0142ug<\/li>\n<li>Zakupu lub rozwoju oprogramowania komputerowego oraz zakupu patent\u00f3w, licencji lub wynagrodze\u0144 za przeniesienie maj\u0105tkowych lub znak\u00f3w towarowych<\/li>\n<li>Najmu lub dzier\u017cawy maszyn, wyposa\u017cenia lub nieruchomo\u015bci<\/li>\n<li>Zakupu nowych maszyn lub wyposa\u017cenia,<\/li>\n<li>Zakupu \u015brodk\u00f3w transportu, z wy\u0142\u0105czaniem zakupu samochod\u00f3w osobowych przeznaczonych do przewozu mniej ni\u017c 8 os\u00f3b \u0142\u0105cznie z kierowc\u0105<\/li>\n<li>Zakupu rzeczy innych w tym materia\u0142\u00f3w<\/li>\n<li>Podatku od towar\u00f3w i us\u0142ug VAT<\/li>\n<li>Koszty musz\u0105 by\u0107 uzasadnione zakresem operacji, niezb\u0119dne do osi\u0105gni\u0119cia jej celu oraz racjonalne.<\/li>\n<li>Warto\u015b\u0107 wk\u0142adu rzeczowego (art.68 ust. 1 rozp. 1303\/2013)<\/li>\n<li>Warto\u015b\u0107 pracy w\u0142asnej ustala si\u0119 jako iloczyn liczby przepracowanych godzin oraz iloraz przeci\u0119tnego wynagrodzenia w gospodarce narodowej w drugim roku poprzedzaj\u0105cym rok, w kt\u00f3rym z\u0142o\u017cono wniosek o przyznanie pomocy i liczby 168.<\/li>\n<\/ul>\n<p><strong>Pozosta\u0142e warunki:<\/strong><\/p>\n<p>Pomoc jest przyznawana podmiotowi kt\u00f3remu zosta\u0142 nadany numer identyfikacyjny w trybie przepis\u00f3w o krajowym systemie ewidencji producent\u00f3w, ewidencji gospodarstw rolnych oraz&nbsp;ewidencji wniosk\u00f3w o przyznanie p\u0142atno\u015bci, zwany dalej \u201enumerem identyfikacyjnym\u201d, je\u017celi:<\/p>\n<p>1) koszty kwalifikowalne operacji nie s\u0105 wsp\u00f3\u0142finansowane z innych \u015brodk\u00f3w publicznych (nie dotyczy jednostek sektora finans\u00f3w publicznych i organizacji po\u017cytku publicznego b\u0119d\u0105cej organizacj\u0105 pozarz\u0105dow\u0105);<br \/>\n2) operacja b\u0119dzie realizowana nie wi\u0119cej ni\u017c w 2 etapach, a wykonanie zakresu rzeczowego zgodnie z zestawieniem rzeczowo-finansowym operacji, w tym poniesienie przez beneficjenta koszt\u00f3w kwalifikowalnych operacji oraz z\u0142o\u017cenie wniosku o p\u0142atno\u015b\u0107 ko\u0144cow\u0105 wyp\u0142acan\u0105 po zrealizowaniu ca\u0142ej operacji, nast\u0105pi w terminie 2 lat od dnia zawarcia umowy, lecz nie p\u00f3\u017aniej ni\u017c do dnia 30 czerwca 2024 r.;<br \/>\n3) operacja, kt\u00f3ra obejmuje koszty inwestycyjne, <span style=\"text-decoration: underline;\">zak\u0142ada realizacj\u0119 inwestycji na obszarze wiejskim obj\u0119tym LSR<\/span>, chyba \u017ce operacja dotyczy inwestycji polegaj\u0105cej na budowie albo przebudowie liniowego obiektu budowlanego, kt\u00f3rego odcinek b\u0119dzie zlokalizowany poza tym obszarem;<br \/>\n4) inwestycje w ramach operacji b\u0119d\u0105 realizowane na nieruchomo\u015bci b\u0119d\u0105cej w\u0142asno\u015bci\u0105 lub wsp\u00f3\u0142w\u0142asno\u015bci\u0105 podmiotu ubiegaj\u0105cego si\u0119 o przyznanie pomocy lub podmiot ten posiada udokumentowane prawo do dysponowania nieruchomo\u015bci\u0105 na cele okre\u015blone we wniosku o przyznanie pomocy co najmniej przez okres realizacji operacji oraz okres podlegania zobowi\u0105zaniu do zapewnienia trwa\u0142o\u015bci operacji zgodnie z art. 71 ust. 1 rozporz\u0105dzenia Parlamentu Europejskiego&nbsp;i Rady (UE) nr 1303\/2013 z dnia 17 grudnia 2013 r. ustanawiaj\u0105cego wsp\u00f3lne przepisy dotycz\u0105ce Europejskiego Funduszu Rozwoju Regionalnego, Europejskiego Funduszu Spo\u0142ecznego, Funduszu Sp\u00f3jno\u015bci, Europejskiego Funduszu Rolnego na rzecz Rozwoju Obszar\u00f3w Wiejskich oraz Europejskiego Funduszu Morskiego i Rybackiego oraz ustanawiaj\u0105cego przepisy og\u00f3lne dotycz\u0105ce Europejskiego Funduszu Rozwoju Regionalnego, Europejskiego Funduszu Spo\u0142ecznego, Funduszu Sp\u00f3jno\u015bci i Europejskiego Funduszu Morskiego i Rybackiego oraz uchylaj\u0105cego rozporz\u0105dzenie Rady (WE) nr 1083\/2006, zwanego dalej \u201erozporz\u0105dzeniem nr 1303\/2013\u201d;<br \/>\n5) operacja jest uzasadniona ekonomicznie i b\u0119dzie realizowana zgodnie z biznesplanem (wy\u0142\u0105cznie dla projekt\u00f3w gospodarczych);<br \/>\n6) minimalna ca\u0142kowita warto\u015b\u0107 operacji wynosi <strong>nie mniej ni\u017c 50 tys. z\u0142otych<\/strong>;<br \/>\n7) podmiot ten wyka\u017ce, \u017ce: (nie dotyczy podejmowania dzia\u0142alno\u015bci gospodarczej)<br \/>\na) posiada do\u015bwiadczenie w realizacji projekt\u00f3w o charakterze podobnym do operacji, kt\u00f3r\u0105 zamierza realizowa\u0107,<br \/>\nlub<br \/>\nb) posiada zasoby odpowiednie do przedmiotu operacji, kt\u00f3r\u0105 zamierza realizowa\u0107, lub<br \/>\nc) posiada kwalifikacje odpowiednie do przedmiotu operacji, kt\u00f3r\u0105 zamierza realizowa\u0107, je\u017celi jest osob\u0105 fizyczn\u0105,<br \/>\nlub<br \/>\nd) wykonuje dzia\u0142alno\u015b\u0107 odpowiedni\u0105 do przedmiotu operacji, kt\u00f3r\u0105 zamierza realizowa\u0107;<br \/>\n8) realizacja operacji nie jest mo\u017cliwa bez udzia\u0142u \u015brodk\u00f3w publicznych.<\/p>\n<p>Miejsce oznaczone adresem, pod kt\u00f3rym wykonuje si\u0119 dzia\u0142alno\u015b\u0107 gospodarcz\u0105 znajduje si\u0119 na obszarze wiejskim obj\u0119tym LSR<br \/>\nOsoba prawna \u2013 je\u017celi jej siedziba lub oddzia\u0142 znajduje si\u0119 na obszarze wiejskim obj\u0119tym LSR<\/p>\n<p><strong>Kryteria w LGD:<\/strong><\/p>\n<ul>\n<li>Zgodno\u015b\u0107 operacji z warunkami przyznania pomocy okre\u015blonymi w PROW na lata 2014-2020!<\/li>\n<li>Zgodno\u015b\u0107 operacji z Lokaln\u0105 Strategi\u0105 Rozwoju!<\/li>\n<li>Uzyskania przynajmniej po\u0142owy sumy punkt\u00f3w dla danego rodzaju operacji wg. lokalnych kryteri\u00f3w wyboru!<\/li>\n<li>Zgodno\u015b\u0107 operacji z warunkami okre\u015blonymi w og\u0142oszeniu o naborze!<\/li>\n<\/ul>\n<p><strong>Wi\u0119cej informacji dost\u0119pnych w prezentacji na temat rozwijania dzia\u0142alno\u015bci gospodarczej:<\/strong><\/p>\n<p><a href=\"http:\/\/dolinaraby.pl\/wp-content\/uploads\/2021\/12\/Prezentacja_rozwijanie-dzial.-gosp_30.12.2021.pdf\">Prezentacja_rozwijanie dzia\u0142. gosp_30.12.2021<\/a><\/p>\n","protected":false},"excerpt":{"rendered":"<p>Pomoc na operacje w zakresie rozwoju dzia\u0142alno\u015bci gospodarczej jest przyznawana je\u017celi podmiot ubiegaj\u0105cy si\u0119 o jej przyznanie w okresie 3 lat poprzedzaj\u0105cych dzie\u0144 z\u0142o\u017cenia wniosku&hellip;<\/p>\n","protected":false},"author":1,"featured_media":0,"parent":0,"menu_order":0,"comment_status":"closed","ping_status":"closed","template":"","meta":{"_monsterinsights_skip_tracking":false,"_monsterinsights_sitenote_active":false,"_monsterinsights_sitenote_note":"","_monsterinsights_sitenote_category":0,"ngg_post_thumbnail":0,"footnotes":""},"class_list":["post-64","page","type-page","status-publish","hentry"],"_links":{"self":[{"href":"http:\/\/dolinaraby.pl\/klon2024\/wp-json\/wp\/v2\/pages\/64","targetHints":{"allow":["GET"]}}],"collection":[{"href":"http:\/\/dolinaraby.pl\/klon2024\/wp-json\/wp\/v2\/pages"}],"about":[{"href":"http:\/\/dolinaraby.pl\/klon2024\/wp-json\/wp\/v2\/types\/page"}],"author":[{"embeddable":true,"href":"http:\/\/dolinaraby.pl\/klon2024\/wp-json\/wp\/v2\/users\/1"}],"replies":[{"embeddable":true,"href":"http:\/\/dolinaraby.pl\/klon2024\/wp-json\/wp\/v2\/comments?post=64"}],"version-history":[{"count":18,"href":"http:\/\/dolinaraby.pl\/klon2024\/wp-json\/wp\/v2\/pages\/64\/revisions"}],"predecessor-version":[{"id":11061,"href":"http:\/\/dolinaraby.pl\/klon2024\/wp-json\/wp\/v2\/pages\/64\/revisions\/11061"}],"wp:attachment":[{"href":"http:\/\/dolinaraby.pl\/klon2024\/wp-json\/wp\/v2\/media?parent=64"}],"curies":[{"name":"wp","href":"https:\/\/api.w.org\/{rel}","templated":true}]}}