{"id":66,"date":"2012-12-01T12:42:21","date_gmt":"2012-12-01T11:42:21","guid":{"rendered":"http:\/\/dolinaraby.pl\/nowa_strona\/?page_id=66"},"modified":"2021-12-30T15:15:43","modified_gmt":"2021-12-30T14:15:43","slug":"podejmowanie","status":"publish","type":"page","link":"http:\/\/dolinaraby.pl\/klon2024\/podejmowanie\/","title":{"rendered":"Podejmowanie dzia\u0142alno\u015bci gospodarczej"},"content":{"rendered":"<ul>\n<li style=\"text-align: justify;\">Pomoc na operacje jest przyznawana je\u017celi podmiot ubiegaj\u0105cy si\u0119 o jej przyznanie nie podlega ubezpieczeniu spo\u0142ecznemu rolnik\u00f3w z mocy ustawy i w pe\u0142nym zakresie chyba, \u017ce podejmuje dzia\u0142alno\u015b\u0107 gospodarcz\u0105 w zakresie produkcji artyku\u0142\u00f3w spo\u017cywczych lub produkcji napoj\u00f3w.<\/li>\n<li style=\"text-align: justify;\">W okresie 3 miesi\u0119cy poprzedzaj\u0105cych dzie\u0144 z\u0142o\u017cenia wniosku nie wykonywa\u0142a dzia\u0142alno\u015bci gospodarczej i nie zosta\u0142a mu dotychczas udzielona pomoc na operacje w tym zakresie.<\/li>\n<li style=\"text-align: justify;\">Operacja zak\u0142ada podj\u0119cie we w\u0142asnym imieniu dzia\u0142alno\u015bci gospodarczej, do kt\u00f3rej stosuje si\u0119 przepisy ustawy z dnia 6 marca 2018 r. \u2013 Prawo przedsi\u0119biorc\u00f3w oraz:<br \/>\na) zg\u0142oszenie podmiotu ubiegaj\u0105cego si\u0119 o przyznanie pomocy do ubezpieczenia emerytalnego, ubezpiecze\u0144 rentowych i ubezpieczenia wypadkowego na podstawie przepis\u00f3w o systemie ubezpiecze\u0144 spo\u0142ecznych z tytu\u0142u wykonywania tej dzia\u0142alno\u015bci i podleganie tym ubezpieczeniom lub<br \/>\nb) utworzenia co najmniej jednego miejsca pracy w przeliczeniu na pe\u0142ne etaty \u015brednioroczne, gdy jest to uzasadnione zakresem realizacji operacji, i zatrudnienia osoby, dla kt\u00f3rej zostanie utworzone to miejsce pracy, na podstawie umowy o prac\u0119, a tak\u017ce utrzymania tego miejsca pracy w przeliczeniu na pe\u0142ne etaty \u015brednioroczne;<\/li>\n<\/ul>\n<p>przez \u0142\u0105cznie co najmniej 2 lata w okresie od dnia zawarcia umowy do dnia, w kt\u00f3rym up\u0142ywaj\u0105 2 lata od dnia wyp\u0142aty p\u0142atno\u015bci ko\u0144cowej.<\/p>\n<ul>\n<li>Pomoc na operacje w zakresie podejmowania dzia\u0142alno\u015bci jest przyznawana w wysoko\u015bci okre\u015blonej w LSR tj. 55 000,00 z\u0142.<\/li>\n<li>\u015arodki finansowe z tytu\u0142u pomocy s\u0105 wyp\u0142acane w dw\u00f3ch transzach, z tym \u017ce pierwsza transza obejmuje 80% kwoty przyznanej pomocy, a druga transza obejmuje 20 % kwoty przyznanej pomocy i jest wyp\u0142acana, je\u017celi operacja zosta\u0142a zrealizowana zgodnie z biznesplanem.<\/li>\n<li>Operacja b\u0119dzie realizowana w nie wi\u0119cej ni\u017c 2 etapach, a wykonanie zakresu rzeczowo-finansowego nast\u0105pi w terminie 2 lat od dnia zawarcia umowy nie p\u00f3\u017aniej ni\u017c do 30 czerwca 2024 r.<\/li>\n<li>Inwestycja b\u0119dzie realizowana na obszarze wiejskim obj\u0119tym LSR<\/li>\n<li>Miejsce zamieszkania osoby fizycznej musi by\u0107 na obszarze wiejskim obj\u0119tym LSR<\/li>\n<\/ul>\n<p><strong>Kryteria w LGD:<\/strong><\/p>\n<ul>\n<li>Zgodno\u015b\u0107 operacji z warunkami przyznania pomocy okre\u015blonymi w PROW na lata 2014-2020!<\/li>\n<li>Zgodno\u015b\u0107 operacji z Lokaln\u0105 Strategi\u0105 Rozwoju!<\/li>\n<li>Uzyskania przynajmniej po\u0142owy sumy punkt\u00f3w dla danego rodzaju operacji wg. lokalnych kryteri\u00f3w wyboru!<\/li>\n<li>Zgodno\u015b\u0107 operacji z warunkami okre\u015blonymi w og\u0142oszeniu o naborze!<\/li>\n<\/ul>\n<p><strong>Wi\u0119cej informacji dost\u0119pnych w prezentacja na temat podejmowania dzia\u0142alno\u015bci gospodarczej:<\/strong><\/p>\n<p><a href=\"http:\/\/dolinaraby.pl\/wp-content\/uploads\/2021\/12\/Prezentacja_podejmowanie-dzialalnosci-gosp._30.12.2021.pdf\">Prezentacja_podejmowanie dzia\u0142alno\u015bci gosp._30.12.2021<\/a><\/p>\n","protected":false},"excerpt":{"rendered":"<p>Pomoc na operacje jest przyznawana je\u017celi podmiot ubiegaj\u0105cy si\u0119 o jej przyznanie nie podlega ubezpieczeniu spo\u0142ecznemu rolnik\u00f3w z mocy ustawy i w pe\u0142nym zakresie chyba,&hellip;<\/p>\n","protected":false},"author":1,"featured_media":0,"parent":0,"menu_order":0,"comment_status":"closed","ping_status":"closed","template":"","meta":{"_monsterinsights_skip_tracking":false,"_monsterinsights_sitenote_active":false,"_monsterinsights_sitenote_note":"","_monsterinsights_sitenote_category":0,"ngg_post_thumbnail":0,"footnotes":""},"class_list":["post-66","page","type-page","status-publish","hentry"],"_links":{"self":[{"href":"http:\/\/dolinaraby.pl\/klon2024\/wp-json\/wp\/v2\/pages\/66","targetHints":{"allow":["GET"]}}],"collection":[{"href":"http:\/\/dolinaraby.pl\/klon2024\/wp-json\/wp\/v2\/pages"}],"about":[{"href":"http:\/\/dolinaraby.pl\/klon2024\/wp-json\/wp\/v2\/types\/page"}],"author":[{"embeddable":true,"href":"http:\/\/dolinaraby.pl\/klon2024\/wp-json\/wp\/v2\/users\/1"}],"replies":[{"embeddable":true,"href":"http:\/\/dolinaraby.pl\/klon2024\/wp-json\/wp\/v2\/comments?post=66"}],"version-history":[{"count":19,"href":"http:\/\/dolinaraby.pl\/klon2024\/wp-json\/wp\/v2\/pages\/66\/revisions"}],"predecessor-version":[{"id":10976,"href":"http:\/\/dolinaraby.pl\/klon2024\/wp-json\/wp\/v2\/pages\/66\/revisions\/10976"}],"wp:attachment":[{"href":"http:\/\/dolinaraby.pl\/klon2024\/wp-json\/wp\/v2\/media?parent=66"}],"curies":[{"name":"wp","href":"https:\/\/api.w.org\/{rel}","templated":true}]}}