{"id":68,"date":"2012-12-01T12:42:53","date_gmt":"2012-12-01T11:42:53","guid":{"rendered":"http:\/\/dolinaraby.pl\/nowa_strona\/?page_id=68"},"modified":"2018-02-13T18:18:14","modified_gmt":"2018-02-13T17:18:14","slug":"granty","status":"publish","type":"page","link":"http:\/\/dolinaraby.pl\/klon2024\/granty\/","title":{"rendered":"Granty"},"content":{"rendered":"<p><strong>Definicje:<\/strong><\/p>\n<p><strong>Projektem grantowym<\/strong> jest projekt, kt\u00f3rego beneficjent udziela grant\u00f3w na realizacj\u0119 zada\u0144 s\u0142u\u017c\u0105cych osi\u0105gni\u0119ciu celu tego projektu przez grantobiorc\u00f3w.<br \/>\n-Projekt musi zak\u0142ada\u0107 wykonanie co najmniej 2 zada\u0144 s\u0142u\u017c\u0105cych osi\u0105gnieciu celu projektu<br \/>\n-Suma koszt\u00f3w w ramach projektu grantowego (udzielone granty) musi wynosi\u0107 min. 50 tys. z\u0142<\/p>\n<p><strong>Grantobiorc\u0105<\/strong> jest podmiot publiczny albo prywatny, inny ni\u017c beneficjent projektu grantowego (LGD), wybrany w drodze otwartego naboru og\u0142oszonego przez beneficjenta projektu grantowego (LGD) w ramach realizacji projektu grantowego. Grantobiorc\u0105 nie mo\u017ce by\u0107 podmiot wykluczony z mo\u017cliwo\u015bci otrzymania dofinansowania.<\/p>\n<p><strong>Grantem<\/strong> s\u0105 \u015brodki finansowe kt\u00f3re beneficjent projektu grantowego (LGD) powierzy\u0142 grantobiorcy, na realizacj\u0119 konkretnych zada\u0144 (zadania grantowego)<\/p>\n<p><strong>Podstawowe informacje:<\/strong><\/p>\n<p>Wysoko\u015b\u0107 grantu: od 5 do 20 tys. z\u0142<br \/>\nIntensywno\u015b\u0107 pomocy : do 90 % koszt\u00f3w zwi\u0105zanych z realizacj\u0105 zadania (praca w\u0142asna wlicza si\u0119 w koszt realizacji zadania)<br \/>\nSuma grant\u00f3w udzielonych jednostkom sektora finans\u00f3w publicznych w ramach danego projektu grantowego (naboru) nie mo\u017ce przekroczy\u0107 20 % kwoty pomocy na ten projekt<br \/>\nLimit dost\u0119pnych \u015brodk\u00f3w w naborze: 100 tys. z\u0142<br \/>\nForma wsparcia: poprzedzaj\u0105ce finansowanie<\/p>\n<p><strong>Zakresy tematyczne wsparcia z LSR:<\/strong><\/p>\n<p>Przedsi\u0119wzi\u0119cie1.1.2 Inne dzia\u0142ania na rzecz zachowania walor\u00f3w przyrodniczo-krajobrazowych i kulturowo-historycznych, w tym tradycji regionalnych<br \/>\nPrzedsi\u0119wzi\u0119cie 2.1.5 Poprawa markowej \u017cywno\u015bci<br \/>\nPrzedsi\u0119wzi\u0119cie 2.2.5 Promocja turystyczna obszaru<\/p>\n<p><strong>Kryteria w LGD:<\/strong><\/p>\n<ul>\n<li>Zgodno\u015b\u0107 zadania z warunkami przyznania pomocy okre\u015blonymi w PROW na lata 2014-2020!<\/li>\n<li>Zgodno\u015b\u0107 zadania z Lokaln\u0105 Strategi\u0105 Rozwoju!<\/li>\n<li>Uzyskanie przez zadanie przynajmniej po\u0142owy sumy punkt\u00f3w wg. lokalnych kryteri\u00f3w wyboru!<\/li>\n<li>Zgodno\u015b\u0107 zadania z warunkami okre\u015blonymi w og\u0142oszeniu o naborze!<\/li>\n<\/ul>\n<p><strong>Wi\u0119cej informacji dost\u0119pnych w prezentacji na temat projekt\u00f3w grantowych:<\/strong><\/p>\n<p><a href=\"http:\/\/dolinaraby.pl\/wp-content\/uploads\/2018\/02\/Projekty-grantowe_prezentacja_stycze\u0144-2018.pdf\">Projekty grantowe_prezentacja_stycze\u0144 2018<\/a><\/p>\n","protected":false},"excerpt":{"rendered":"<p>Definicje: Projektem grantowym jest projekt, kt\u00f3rego beneficjent udziela grant\u00f3w na realizacj\u0119 zada\u0144 s\u0142u\u017c\u0105cych osi\u0105gni\u0119ciu celu tego projektu przez grantobiorc\u00f3w. -Projekt musi zak\u0142ada\u0107 wykonanie co najmniej&hellip;<\/p>\n","protected":false},"author":1,"featured_media":0,"parent":0,"menu_order":0,"comment_status":"open","ping_status":"open","template":"","meta":{"_monsterinsights_skip_tracking":false,"_monsterinsights_sitenote_active":false,"_monsterinsights_sitenote_note":"","_monsterinsights_sitenote_category":0,"ngg_post_thumbnail":0,"footnotes":""},"class_list":["post-68","page","type-page","status-publish","hentry"],"_links":{"self":[{"href":"http:\/\/dolinaraby.pl\/klon2024\/wp-json\/wp\/v2\/pages\/68","targetHints":{"allow":["GET"]}}],"collection":[{"href":"http:\/\/dolinaraby.pl\/klon2024\/wp-json\/wp\/v2\/pages"}],"about":[{"href":"http:\/\/dolinaraby.pl\/klon2024\/wp-json\/wp\/v2\/types\/page"}],"author":[{"embeddable":true,"href":"http:\/\/dolinaraby.pl\/klon2024\/wp-json\/wp\/v2\/users\/1"}],"replies":[{"embeddable":true,"href":"http:\/\/dolinaraby.pl\/klon2024\/wp-json\/wp\/v2\/comments?post=68"}],"version-history":[{"count":10,"href":"http:\/\/dolinaraby.pl\/klon2024\/wp-json\/wp\/v2\/pages\/68\/revisions"}],"predecessor-version":[{"id":7851,"href":"http:\/\/dolinaraby.pl\/klon2024\/wp-json\/wp\/v2\/pages\/68\/revisions\/7851"}],"wp:attachment":[{"href":"http:\/\/dolinaraby.pl\/klon2024\/wp-json\/wp\/v2\/media?parent=68"}],"curies":[{"name":"wp","href":"https:\/\/api.w.org\/{rel}","templated":true}]}}