{"id":72,"date":"2012-12-01T12:43:20","date_gmt":"2012-12-01T11:43:20","guid":{"rendered":"http:\/\/dolinaraby.pl\/nowa_strona\/?page_id=72"},"modified":"2021-09-24T13:13:42","modified_gmt":"2021-09-24T11:13:42","slug":"wnioski-inne","status":"publish","type":"page","link":"http:\/\/dolinaraby.pl\/klon2024\/wnioski-inne\/","title":{"rendered":"Wnioski i dokumenty &#8211; inne"},"content":{"rendered":"<p style=\"text-align: justify;\">Formularze wszystkich dokument\u00f3w aplikacyjnych oraz formularze um\u00f3w o przyznanie pomocy i formularze wniosk\u00f3w o p\u0142atno\u015b\u0107 w zakresie poddzia\u0142ania 19.2 (podejmowanie dzia\u0142alno\u015bci gospodarczej, rozwijanie dzia\u0142alno\u015bci gospodarczej, operacje inne) dost\u0119pne s\u0105 na stronie Agencji Restrukturyzacji i Modernizacji Rolnictwa.<\/p>\n<p><a href=\"https:\/\/www.gov.pl\/web\/arimr\/poddzialanie-192-wsparcie-na-wdrazanie-operacji-w-ramach-strategii-rozwoju-lokalnego-kierowanego-przez-spolecznosc3\">Formularze wszystkich dokument\u00f3w na stronie ARiMR<\/a><\/p>\n<p>&nbsp;<\/p>\n<p>&nbsp;<\/p>\n","protected":false},"excerpt":{"rendered":"<p>Formularze wszystkich dokument\u00f3w aplikacyjnych oraz formularze um\u00f3w o przyznanie pomocy i formularze wniosk\u00f3w o p\u0142atno\u015b\u0107 w zakresie poddzia\u0142ania 19.2 (podejmowanie dzia\u0142alno\u015bci gospodarczej, rozwijanie dzia\u0142alno\u015bci gospodarczej,&hellip;<\/p>\n","protected":false},"author":1,"featured_media":0,"parent":0,"menu_order":0,"comment_status":"closed","ping_status":"closed","template":"","meta":{"_monsterinsights_skip_tracking":false,"_monsterinsights_sitenote_active":false,"_monsterinsights_sitenote_note":"","_monsterinsights_sitenote_category":0,"ngg_post_thumbnail":0,"footnotes":""},"class_list":["post-72","page","type-page","status-publish","hentry"],"_links":{"self":[{"href":"http:\/\/dolinaraby.pl\/klon2024\/wp-json\/wp\/v2\/pages\/72","targetHints":{"allow":["GET"]}}],"collection":[{"href":"http:\/\/dolinaraby.pl\/klon2024\/wp-json\/wp\/v2\/pages"}],"about":[{"href":"http:\/\/dolinaraby.pl\/klon2024\/wp-json\/wp\/v2\/types\/page"}],"author":[{"embeddable":true,"href":"http:\/\/dolinaraby.pl\/klon2024\/wp-json\/wp\/v2\/users\/1"}],"replies":[{"embeddable":true,"href":"http:\/\/dolinaraby.pl\/klon2024\/wp-json\/wp\/v2\/comments?post=72"}],"version-history":[{"count":18,"href":"http:\/\/dolinaraby.pl\/klon2024\/wp-json\/wp\/v2\/pages\/72\/revisions"}],"predecessor-version":[{"id":10827,"href":"http:\/\/dolinaraby.pl\/klon2024\/wp-json\/wp\/v2\/pages\/72\/revisions\/10827"}],"wp:attachment":[{"href":"http:\/\/dolinaraby.pl\/klon2024\/wp-json\/wp\/v2\/media?parent=72"}],"curies":[{"name":"wp","href":"https:\/\/api.w.org\/{rel}","templated":true}]}}