{"id":7496,"date":"2017-11-14T10:14:02","date_gmt":"2017-11-14T09:14:02","guid":{"rendered":"http:\/\/dolinaraby.pl\/?page_id=7496"},"modified":"2025-02-25T09:41:43","modified_gmt":"2025-02-25T08:41:43","slug":"ankiety","status":"publish","type":"page","link":"http:\/\/dolinaraby.pl\/klon2024\/ankiety\/","title":{"rendered":"Inne dokumenty"},"content":{"rendered":"\n<p>&nbsp;<\/p>\n\n\n\n<p><span style=\"color: #000000;\"><strong>Harmonogram realizacji planu komunikacji<\/strong><\/span><\/p>\n\n\n\n<div class=\"wp-block-file\"><a id=\"wp-block-file--media-6cf5cf05-2852-466f-9e05-5bf05b52d211\" href=\"http:\/\/dolinaraby.pl\/klon2024\/wp-content\/uploads\/2024\/11\/1-Harmonogram-realizacji-planu-komunikacji-na-rok-2021.pdf\">1 Harmonogram realizacji planu komunikacji aktualizacja na rok 2024<\/a><a href=\"http:\/\/dolinaraby.pl\/klon2024\/wp-content\/uploads\/2024\/11\/1-Harmonogram-realizacji-planu-komunikacji-na-rok-2021.pdf\" class=\"wp-block-file__button wp-element-button\" download aria-describedby=\"wp-block-file--media-6cf5cf05-2852-466f-9e05-5bf05b52d211\">Pobierz<\/a><\/div>\n\n\n\n<figure class=\"wp-block-gallery has-nested-images columns-default is-cropped wp-block-gallery-1 is-layout-flex wp-block-gallery-is-layout-flex\"><\/figure>\n\n\n\n<hr class=\"wp-block-separator has-alpha-channel-opacity\"\/>\n\n\n\n<p><span style=\"color: #000000; text-align: justify;\">Za\u0142\u0105cznik nr 7 do Umowy o Warunkach i Sposobie Realizacji Strategii Rozwoju Lokalnego Kierowanego przez Spo\u0142eczno\u015b\u0107:<\/span><\/p>\n\n\n\n<p><span style=\"color: #000000;\"><strong>Plan szkole\u0144 dla cz\u0142onk\u00f3w organu decyzyjnego i pracownik\u00f3w biura<\/strong><\/span><\/p>\n\n\n\n<div class=\"wp-block-file\"><a id=\"wp-block-file--media-747949fb-cd03-440d-8c69-82f8d798d6a1\" href=\"http:\/\/dolinaraby.pl\/wp-content\/uploads\/2023\/09\/plan-szkolen-23.06.2023.pdf\">Plan szkole\u0144 aktualizacja 23.06.2023<\/a><a href=\"http:\/\/dolinaraby.pl\/wp-content\/uploads\/2023\/09\/plan-szkolen-23.06.2023.pdf\" class=\"wp-block-file__button wp-element-button\" download aria-describedby=\"wp-block-file--media-747949fb-cd03-440d-8c69-82f8d798d6a1\">Pobierz<\/a><\/div>\n\n\n\n<hr class=\"wp-block-separator has-alpha-channel-opacity\"\/>\n\n\n\n<p><span style=\"color: #000000; text-align: justify;\">Za\u0142\u0105cznik nr 6 do Umowy o Warunkach i Sposobie Realizacji Strategii Rozwoju Lokalnego Kierowanego przez Spo\u0142eczno\u015b\u0107:<\/span><\/p>\n\n\n\n<p><span style=\"color: #000000;\"><strong>Opis stanowisk<\/strong><\/span><\/p>\n\n\n\n<p><a href=\"http:\/\/dolinaraby.pl\/wp-content\/uploads\/2021\/07\/Opis-stanowisk.pdf\">Opis stanowisk<\/a><\/p>\n\n\n\n<hr class=\"wp-block-separator has-alpha-channel-opacity\"\/>\n\n\n\n<p><strong style=\"color: #000000;\">Zestawienie rzeczowo-finansowe<\/strong><\/p>\n\n\n\n<p><a href=\"http:\/\/dolinaraby.pl\/wp-content\/uploads\/2016\/06\/Zestawienie-rzeczowo-finansowe.pdf\">Zestawienie rzeczowo &#8211; finansowe<\/a><\/p>\n\n\n\n<hr class=\"wp-block-separator has-alpha-channel-opacity\"\/>\n\n\n\n<p><strong style=\"color: #000000;\">Informacja o sposobie wyk. \u015brod. finansowych, o kt\u00f3rych mowa w \u00a7 4 ust.3<\/strong> <strong style=\"color: #000000;\">Umowy Ramowej<\/strong><\/p>\n\n\n\n<p><a href=\"http:\/\/dolinaraby.pl\/wp-content\/uploads\/2018\/03\/spos\u00f3b-wykorzystania-\u015brodk\u00f3w-finansowych-1.pdf\">Spos\u00f3b wykorzystania \u015brodk\u00f3w finansowych w 2016r. (od podpisania umowy do ko\u0144ca roku)<\/a><\/p>\n\n\n\n<p><a href=\"http:\/\/dolinaraby.pl\/wp-content\/uploads\/2018\/02\/Spos\u00f3b-wykorzystania-\u015brodk\u00f3w-finansowanych-w-2017r.-1.pdf\">Spos\u00f3b wykorzystania \u015brodk\u00f3w finansowych w 2017r.<\/a><\/p>\n\n\n\n<p><a href=\"http:\/\/dolinaraby.pl\/wp-content\/uploads\/2019\/02\/Spos\u00f3b-wykorzystania-\u015brodk\u00f3w-finansowych-w-2018r.-1.pdf\">Spos\u00f3b wykorzystania \u015brodk\u00f3w finansowych w 2018r.<\/a><\/p>\n\n\n\n<p><a href=\"http:\/\/dolinaraby.pl\/wp-content\/uploads\/2020\/02\/Informacja-o-sposobie-wykorzystania-w-2019-r..pdf\">Informacja o sposobie wykorzystania \u015brodk\u00f3w finansowych w 2019 r.<\/a><\/p>\n\n\n\n<p><a href=\"http:\/\/dolinaraby.pl\/wp-content\/uploads\/2021\/02\/Informacja-o-sposobie-wykorzystania2020.pdf\">Informacja o sposobie wykorzystania \u015brodk\u00f3w finansowych w 2020 r.<\/a><\/p>\n\n\n\n<p><a href=\"http:\/\/dolinaraby.pl\/wp-content\/uploads\/2022\/02\/sposob-wykorzystania-srodkow-finansowych.doc\">Informacja o sposobie wykorzystania \u015brodk\u00f3w finansowych w 2021r.&nbsp;<\/a><\/p>\n\n\n\n<div class=\"wp-block-file\"><a id=\"wp-block-file--media-35d96bfd-2b31-4d8b-97a5-99ef6eeec03c\" href=\"http:\/\/dolinaraby.pl\/wp-content\/uploads\/2023\/02\/sposob-wykorzystania-srodkow-finansowych-1.doc\"> Informacja o sposobie wykorzystania \u015brodk\u00f3w finansowych w 2022r.<\/a><a href=\"http:\/\/dolinaraby.pl\/wp-content\/uploads\/2023\/02\/sposob-wykorzystania-srodkow-finansowych-1.doc\" class=\"wp-block-file__button wp-element-button\" download aria-describedby=\"wp-block-file--media-35d96bfd-2b31-4d8b-97a5-99ef6eeec03c\">Pobierz<\/a><\/div>\n\n\n\n<div class=\"wp-block-file\"><a id=\"wp-block-file--media-bf79fafd-69cd-4de5-8996-ca993951c622\" href=\"http:\/\/dolinaraby.pl\/klon2024\/wp-content\/uploads\/2024\/02\/sposob-wykorzystania-srodkow-finansowych-w-2023r.doc\">Informacja o sposobie wykorzystania \u015brodk\u00f3w finansowych w 2023r.<\/a><a href=\"http:\/\/dolinaraby.pl\/klon2024\/wp-content\/uploads\/2024\/02\/sposob-wykorzystania-srodkow-finansowych-w-2023r.doc\" class=\"wp-block-file__button wp-element-button\" download aria-describedby=\"wp-block-file--media-bf79fafd-69cd-4de5-8996-ca993951c622\">Pobierz<\/a><\/div>\n\n\n\n<div class=\"wp-block-file\"><a id=\"wp-block-file--media-50d59342-a82b-4ad9-8d7c-90347107087e\" href=\"http:\/\/dolinaraby.pl\/klon2024\/wp-content\/uploads\/2025\/02\/sposob-wykorzystania-srodkow-finansowych-w-2024r.doc\">Informacja o sposobie  wykorzystania \u015brodk\u00f3w finansowych w 2024r.<\/a><a href=\"http:\/\/dolinaraby.pl\/klon2024\/wp-content\/uploads\/2025\/02\/sposob-wykorzystania-srodkow-finansowych-w-2024r.doc\" class=\"wp-block-file__button wp-element-button\" download aria-describedby=\"wp-block-file--media-50d59342-a82b-4ad9-8d7c-90347107087e\">Pobierz<\/a><\/div>\n\n\n\n<p><\/p>\n","protected":false},"excerpt":{"rendered":"<p>&nbsp; Harmonogram realizacji planu komunikacji Za\u0142\u0105cznik nr 7 do Umowy o Warunkach i Sposobie Realizacji Strategii Rozwoju Lokalnego Kierowanego przez Spo\u0142eczno\u015b\u0107: Plan szkole\u0144 dla cz\u0142onk\u00f3w&hellip;<\/p>\n","protected":false},"author":1,"featured_media":0,"parent":0,"menu_order":0,"comment_status":"closed","ping_status":"closed","template":"","meta":{"_monsterinsights_skip_tracking":false,"_monsterinsights_sitenote_active":false,"_monsterinsights_sitenote_note":"","_monsterinsights_sitenote_category":0,"ngg_post_thumbnail":0,"footnotes":""},"class_list":["post-7496","page","type-page","status-publish","hentry"],"_links":{"self":[{"href":"http:\/\/dolinaraby.pl\/klon2024\/wp-json\/wp\/v2\/pages\/7496","targetHints":{"allow":["GET"]}}],"collection":[{"href":"http:\/\/dolinaraby.pl\/klon2024\/wp-json\/wp\/v2\/pages"}],"about":[{"href":"http:\/\/dolinaraby.pl\/klon2024\/wp-json\/wp\/v2\/types\/page"}],"author":[{"embeddable":true,"href":"http:\/\/dolinaraby.pl\/klon2024\/wp-json\/wp\/v2\/users\/1"}],"replies":[{"embeddable":true,"href":"http:\/\/dolinaraby.pl\/klon2024\/wp-json\/wp\/v2\/comments?post=7496"}],"version-history":[{"count":75,"href":"http:\/\/dolinaraby.pl\/klon2024\/wp-json\/wp\/v2\/pages\/7496\/revisions"}],"predecessor-version":[{"id":13797,"href":"http:\/\/dolinaraby.pl\/klon2024\/wp-json\/wp\/v2\/pages\/7496\/revisions\/13797"}],"wp:attachment":[{"href":"http:\/\/dolinaraby.pl\/klon2024\/wp-json\/wp\/v2\/media?parent=7496"}],"curies":[{"name":"wp","href":"https:\/\/api.w.org\/{rel}","templated":true}]}}