{"id":8505,"date":"2018-07-13T08:49:07","date_gmt":"2018-07-13T06:49:07","guid":{"rendered":"http:\/\/dolinaraby.pl\/?page_id=8505"},"modified":"2024-02-02T12:10:50","modified_gmt":"2024-02-02T11:10:50","slug":"umowa-ramowa","status":"publish","type":"page","link":"http:\/\/dolinaraby.pl\/klon2024\/umowa-ramowa\/","title":{"rendered":"Umowa ramowa"},"content":{"rendered":"\n<p><span style=\"color: #000000;\"><strong>PROW 2014-2020<\/strong><\/span><\/p>\n\n\n\n<p><strong><span style=\"color: #000000;\">Umowy o Warunkach i Sposobie Realizacji Strategii Rozwoju Lokalnego Kierowanego przez Spo\u0142eczno\u015b\u0107:<\/span><br><\/strong><\/p>\n\n\n\n<p><a href=\"http:\/\/dolinaraby.pl\/wp-content\/uploads\/2016\/06\/umowa-ramowa.pdf\">Umowa Ramowa<\/a><\/p>\n\n\n\n<p><a href=\"http:\/\/dolinaraby.pl\/wp-content\/uploads\/2016\/06\/Aneks-nr-1.pdf\">Aneks nr 1<\/a><\/p>\n\n\n\n<p><a href=\"http:\/\/dolinaraby.pl\/wp-content\/uploads\/2016\/06\/Aneks-nr-2.pdf\">Aneks nr 2<\/a><\/p>\n\n\n\n<p><a href=\"http:\/\/dolinaraby.pl\/wp-content\/uploads\/2016\/06\/Aneks-nr-3.pdf\">Aneks nr 3<\/a><\/p>\n\n\n\n<p><a href=\"http:\/\/dolinaraby.pl\/wp-content\/uploads\/2016\/06\/Aneks-nr-4.pdf\">Aneks nr 4<\/a><\/p>\n\n\n\n<p><a href=\"http:\/\/dolinaraby.pl\/wp-content\/uploads\/2018\/01\/Aneks-nr-5.pdf\">Aneks nr 5<\/a><\/p>\n\n\n\n<p><a href=\"http:\/\/dolinaraby.pl\/wp-content\/uploads\/2019\/01\/Aneks-nr-6.pdf\">Aneks nr 6<\/a><\/p>\n\n\n\n<p><a href=\"http:\/\/dolinaraby.pl\/wp-content\/uploads\/2019\/02\/Aneks-nr-7.pdf\">Aneks nr 7<\/a><\/p>\n\n\n\n<p><a href=\"http:\/\/dolinaraby.pl\/wp-content\/uploads\/2019\/04\/Aneks-nr-8.pdf\">Aneks nr 8<\/a><\/p>\n\n\n\n<p><a href=\"http:\/\/dolinaraby.pl\/wp-content\/uploads\/2020\/02\/Aneks-nr-9.pdf\">Aneks nr 9<\/a><\/p>\n\n\n\n<p><a href=\"http:\/\/dolinaraby.pl\/wp-content\/uploads\/2020\/04\/Aneks-nr-10.pdf\">Aneks nr 10<\/a><\/p>\n\n\n\n<p><a href=\"http:\/\/dolinaraby.pl\/wp-content\/uploads\/2020\/09\/Aneks-11.pdf\">Aneks nr 11<\/a><\/p>\n\n\n\n<p><a href=\"http:\/\/dolinaraby.pl\/wp-content\/uploads\/2020\/09\/Aneks-12.pdf\">Aneks nr 12<\/a><\/p>\n\n\n\n<p><a href=\"http:\/\/dolinaraby.pl\/wp-content\/uploads\/2021\/03\/Aneks-nr-13.pdf\">Aneks nr 13<\/a><\/p>\n\n\n\n<p><a href=\"http:\/\/dolinaraby.pl\/wp-content\/uploads\/2021\/07\/Aneks-nr-14.pdf\">Aneks nr 14<\/a><\/p>\n\n\n\n<p><a href=\"http:\/\/dolinaraby.pl\/wp-content\/uploads\/2021\/11\/Aneks-nr-15.pdf\">Aneks nr 15<\/a><\/p>\n\n\n\n<p><a href=\"http:\/\/dolinaraby.pl\/wp-content\/uploads\/2022\/12\/Aneks-nr-16.pdf\">Aneks nr 16<\/a><\/p>\n\n\n\n<div class=\"wp-block-file\"><a id=\"wp-block-file--media-94ca08c8-15aa-4909-ae69-2ef4e9310c5f\" href=\"http:\/\/dolinaraby.pl\/wp-content\/uploads\/2023\/02\/Aneks-nr-17.pdf\">Aneks-nr-17<\/a><\/div>\n\n\n\n<div class=\"wp-block-file\"><a id=\"wp-block-file--media-fd1f7fd0-0296-4935-916a-eef01e0550f6\" href=\"http:\/\/dolinaraby.pl\/wp-content\/uploads\/2023\/04\/SKMBT_22323042009430.pdf\">Aneks nr 18<\/a><a href=\"http:\/\/dolinaraby.pl\/wp-content\/uploads\/2023\/04\/SKMBT_22323042009430.pdf\" class=\"wp-block-file__button wp-element-button\" download aria-describedby=\"wp-block-file--media-fd1f7fd0-0296-4935-916a-eef01e0550f6\">Pobierz<\/a><\/div>\n\n\n\n<div class=\"wp-block-file\"><a id=\"wp-block-file--media-d68c6377-2028-4927-963b-1601eec0ad00\" href=\"http:\/\/dolinaraby.pl\/wp-content\/uploads\/2023\/06\/Aneks-nr-19.pdf\">Aneks-nr-19<\/a><a href=\"http:\/\/dolinaraby.pl\/wp-content\/uploads\/2023\/06\/Aneks-nr-19.pdf\" class=\"wp-block-file__button wp-element-button\" download aria-describedby=\"wp-block-file--media-d68c6377-2028-4927-963b-1601eec0ad00\">Pobierz<\/a><\/div>\n\n\n\n<div class=\"wp-block-file\"><a id=\"wp-block-file--media-cc06be96-8b8e-4b7c-aa9f-6c99f93f2e1b\" href=\"http:\/\/dolinaraby.pl\/wp-content\/uploads\/2023\/12\/Aneks-nr-20.pdf\">Aneks-nr-20<\/a><a href=\"http:\/\/dolinaraby.pl\/wp-content\/uploads\/2023\/12\/Aneks-nr-20.pdf\" class=\"wp-block-file__button wp-element-button\" download aria-describedby=\"wp-block-file--media-cc06be96-8b8e-4b7c-aa9f-6c99f93f2e1b\">Pobierz<\/a><\/div>\n\n\n\n<div class=\"wp-block-file\"><a id=\"wp-block-file--media-67b6ad9e-34ef-4f62-a566-3ec7c022ca5e\" href=\"http:\/\/dolinaraby.pl\/klon2024\/wp-content\/uploads\/2024\/02\/Aneks-nr-21.pdf\">Aneks-nr-21<\/a><a href=\"http:\/\/dolinaraby.pl\/klon2024\/wp-content\/uploads\/2024\/02\/Aneks-nr-21.pdf\" class=\"wp-block-file__button wp-element-button\" download aria-describedby=\"wp-block-file--media-67b6ad9e-34ef-4f62-a566-3ec7c022ca5e\">Pobierz<\/a><\/div>\n","protected":false},"excerpt":{"rendered":"<p>PROW 2014-2020 Umowy o Warunkach i Sposobie Realizacji Strategii Rozwoju Lokalnego Kierowanego przez Spo\u0142eczno\u015b\u0107: Umowa Ramowa Aneks nr 1 Aneks nr 2 Aneks nr 3&hellip;<\/p>\n","protected":false},"author":1,"featured_media":0,"parent":0,"menu_order":0,"comment_status":"closed","ping_status":"closed","template":"","meta":{"_monsterinsights_skip_tracking":false,"_monsterinsights_sitenote_active":false,"_monsterinsights_sitenote_note":"","_monsterinsights_sitenote_category":0,"ngg_post_thumbnail":0,"footnotes":""},"class_list":["post-8505","page","type-page","status-publish","hentry"],"_links":{"self":[{"href":"http:\/\/dolinaraby.pl\/klon2024\/wp-json\/wp\/v2\/pages\/8505","targetHints":{"allow":["GET"]}}],"collection":[{"href":"http:\/\/dolinaraby.pl\/klon2024\/wp-json\/wp\/v2\/pages"}],"about":[{"href":"http:\/\/dolinaraby.pl\/klon2024\/wp-json\/wp\/v2\/types\/page"}],"author":[{"embeddable":true,"href":"http:\/\/dolinaraby.pl\/klon2024\/wp-json\/wp\/v2\/users\/1"}],"replies":[{"embeddable":true,"href":"http:\/\/dolinaraby.pl\/klon2024\/wp-json\/wp\/v2\/comments?post=8505"}],"version-history":[{"count":18,"href":"http:\/\/dolinaraby.pl\/klon2024\/wp-json\/wp\/v2\/pages\/8505\/revisions"}],"predecessor-version":[{"id":13641,"href":"http:\/\/dolinaraby.pl\/klon2024\/wp-json\/wp\/v2\/pages\/8505\/revisions\/13641"}],"wp:attachment":[{"href":"http:\/\/dolinaraby.pl\/klon2024\/wp-json\/wp\/v2\/media?parent=8505"}],"curies":[{"name":"wp","href":"https:\/\/api.w.org\/{rel}","templated":true}]}}