{"id":8522,"date":"2018-07-13T09:28:04","date_gmt":"2018-07-13T07:28:04","guid":{"rendered":"http:\/\/dolinaraby.pl\/?page_id=8522"},"modified":"2024-01-31T11:17:54","modified_gmt":"2024-01-31T10:17:54","slug":"nabory-wnioskow","status":"publish","type":"page","link":"http:\/\/dolinaraby.pl\/klon2024\/nabory-wnioskow\/","title":{"rendered":"Nabory wniosk\u00f3w"},"content":{"rendered":"\t\t<div data-elementor-type=\"wp-page\" data-elementor-id=\"8522\" class=\"elementor elementor-8522\">\n\t\t\t\t\t\t<section class=\"penci-section penci-disSticky penci-structure-10 elementor-section elementor-top-section elementor-element elementor-element-23eb0354 elementor-section-boxed elementor-section-height-default elementor-section-height-default\" data-id=\"23eb0354\" data-element_type=\"section\" data-e-type=\"section\">\n\t\t\t\t\t\t<div class=\"elementor-container elementor-column-gap-no\">\n\t\t\t\t\t<div class=\"penci-ercol-100 penci-ercol-order-1 penci-sticky-ct    elementor-column elementor-col-100 elementor-top-column elementor-element elementor-element-5b6f7906\" data-id=\"5b6f7906\" data-element_type=\"column\" data-e-type=\"column\">\n\t\t\t<div class=\"elementor-widget-wrap elementor-element-populated\">\n\t\t\t\t\t\t<div class=\"elementor-element elementor-element-25a11e53 elementor-widget elementor-widget-penci-fancy_heading\" data-id=\"25a11e53\" data-element_type=\"widget\" data-e-type=\"widget\" data-widget_type=\"penci-fancy_heading.default\">\n\t\t\t\t<div class=\"elementor-widget-container\">\n\t\t\t\t\t\t\t<div class=\"penci-fancy-heading penci-heading-text-center\">\r\n\t\t\t<div class=\"penci-fancy-heading-inner\">\r\n\t\t\t\t<h2 class=\"penci-heading-title\"><span class=\"inner-tit\">Wybierz interesuj\u0105cy Ci\u0119 temat<\/span><\/h2>\t\t\t<\/div>\r\n\t\t<\/div>\r\n\t\t\t\t\t\t<\/div>\n\t\t\t\t<\/div>\n\t\t\t\t\t<\/div>\n\t\t<\/div>\n\t\t\t\t\t<\/div>\n\t\t<\/section>\n\t\t\t\t<section class=\"penci-section penci-disSticky penci-structure-30 elementor-section elementor-top-section elementor-element elementor-element-c78d90f elementor-section-boxed elementor-section-height-default elementor-section-height-default\" data-id=\"c78d90f\" data-element_type=\"section\" data-e-type=\"section\">\n\t\t\t\t\t\t<div class=\"elementor-container elementor-column-gap-extended\">\n\t\t\t\t\t<div class=\"penci-ercol-33 penci-ercol-order-1 penci-sticky-sb penci-sidebarSC   elementor-column elementor-col-33 elementor-top-column elementor-element elementor-element-1d3f0040\" data-id=\"1d3f0040\" data-element_type=\"column\" data-e-type=\"column\">\n\t\t\t<div class=\"elementor-widget-wrap elementor-element-populated\">\n\t\t\t\t\t\t<div class=\"elementor-element elementor-element-998825a elementor-widget elementor-widget-penci-info-box\" data-id=\"998825a\" data-element_type=\"widget\" data-e-type=\"widget\" data-widget_type=\"penci-info-box.default\">\n\t\t\t\t<div class=\"elementor-widget-container\">\n\t\t\t\t\t        <div id=\"penci_info_box_64513\" class=\"penci-block-vc penci-info-box penci-ibox-top-center penci-view-stacked penci-shape-circle\">\r\n            <div class=\"penci-ibox-inner penci-animation-grow\">\r\n\t\t\t\t<a class=\"penci-iboxwrap-overlay\" href=\"http:\/\/dolinaraby.pl\/klon2024\/category\/nabory-wnioskow\/\"><\/a>\t\t\t\t<div class=\"penci-ibox-icon penci-ibox-icon--icon penci-icon penci-tibox-svg\"><a class=\"penci-ibox-icon-fa-fix\" href=\"http:\/\/dolinaraby.pl\/klon2024\/category\/nabory-wnioskow\/\"><\/a><a class=\"penci-ibox-icon-fa\" href=\"http:\/\/dolinaraby.pl\/klon2024\/category\/nabory-wnioskow\/\"><i aria-hidden=\"true\" class=\"fas fa-user-edit\"><\/i><\/a><\/div>                <div class=\"penci-ibox-content-wrap\">\r\n\t\t\t\t\t\t\t\t\t\t<h3\r\n                            class=\"penci-ibox-title\">Og\u0142oszenia o naborze wniosk\u00f3w<\/h3>\t\t\t\t\t                        <div class=\"pc-ibox-wpline\"><span class=\"penci-ibox-line\"><\/span><\/div>\t\t\t\t\t\t\t\t\t\t<div class=\"penci-ibox-readmore\"><a class=\"penci-ibox-btn\" href=\"http:\/\/dolinaraby.pl\/klon2024\/category\/nabory-wnioskow\/\">Wejd\u017a<\/a><\/div>                <\/div>\r\n            <\/div>\r\n        <\/div>\r\n\t\t\t\t\t\t<\/div>\n\t\t\t\t<\/div>\n\t\t\t\t\t<\/div>\n\t\t<\/div>\n\t\t\t\t<div class=\"penci-ercol-33 penci-ercol-order-2 penci-sticky-sb penci-sidebarSC   elementor-column elementor-col-33 elementor-top-column elementor-element elementor-element-6d9d99c3\" data-id=\"6d9d99c3\" data-element_type=\"column\" data-e-type=\"column\">\n\t\t\t<div class=\"elementor-widget-wrap elementor-element-populated\">\n\t\t\t\t\t\t<div class=\"elementor-element elementor-element-7342485 elementor-widget elementor-widget-penci-info-box\" data-id=\"7342485\" data-element_type=\"widget\" data-e-type=\"widget\" data-widget_type=\"penci-info-box.default\">\n\t\t\t\t<div class=\"elementor-widget-container\">\n\t\t\t\t\t        <div id=\"penci_info_box_57118\" class=\"penci-block-vc penci-info-box penci-ibox-top-center penci-view-stacked penci-shape-circle\">\r\n            <div class=\"penci-ibox-inner penci-animation-grow\">\r\n\t\t\t\t<a class=\"penci-iboxwrap-overlay\" href=\"http:\/\/dolinaraby.pl\/klon2024\/category\/wyniki-naborow\/\"><\/a>\t\t\t\t<div class=\"penci-ibox-icon penci-ibox-icon--icon penci-icon penci-tibox-svg\"><a class=\"penci-ibox-icon-fa-fix\" href=\"http:\/\/dolinaraby.pl\/klon2024\/category\/wyniki-naborow\/\"><\/a><a class=\"penci-ibox-icon-fa\" href=\"http:\/\/dolinaraby.pl\/klon2024\/category\/wyniki-naborow\/\"><i aria-hidden=\"true\" class=\"fas fa-thumbs-up\"><\/i><\/a><\/div>                <div class=\"penci-ibox-content-wrap\">\r\n\t\t\t\t\t\t\t\t\t\t<h3\r\n                            class=\"penci-ibox-title\">Wyniki nabor\u00f3w\nwniosk\u00f3w<\/h3>\t\t\t\t\t                        <div class=\"pc-ibox-wpline\"><span class=\"penci-ibox-line\"><\/span><\/div>\t\t\t\t\t\t\t\t\t\t<div class=\"penci-ibox-readmore\"><a class=\"penci-ibox-btn\" href=\"http:\/\/dolinaraby.pl\/klon2024\/category\/wyniki-naborow\/\">Wejd\u017a<\/a><\/div>                <\/div>\r\n            <\/div>\r\n        <\/div>\r\n\t\t\t\t\t\t<\/div>\n\t\t\t\t<\/div>\n\t\t\t\t\t<\/div>\n\t\t<\/div>\n\t\t\t\t<div class=\"penci-ercol-33 penci-ercol-order-3 penci-sticky-sb penci-sidebarSC   elementor-column elementor-col-33 elementor-top-column elementor-element elementor-element-2a46dfd5\" data-id=\"2a46dfd5\" data-element_type=\"column\" data-e-type=\"column\">\n\t\t\t<div class=\"elementor-widget-wrap elementor-element-populated\">\n\t\t\t\t\t\t<div class=\"elementor-element elementor-element-7f7dd12c elementor-widget elementor-widget-penci-info-box\" data-id=\"7f7dd12c\" data-element_type=\"widget\" data-e-type=\"widget\" data-widget_type=\"penci-info-box.default\">\n\t\t\t\t<div class=\"elementor-widget-container\">\n\t\t\t\t\t        <div id=\"penci_info_box_16206\" class=\"penci-block-vc penci-info-box penci-ibox-top-center penci-view-stacked penci-shape-circle\">\r\n            <div class=\"penci-ibox-inner penci-animation-grow\">\r\n\t\t\t\t<a class=\"penci-iboxwrap-overlay\" href=\"http:\/\/dolinaraby.pl\/klon2024\/harmonogram-naboru-wnioskow\"><\/a>\t\t\t\t<div class=\"penci-ibox-icon penci-ibox-icon--icon penci-icon penci-tibox-svg\"><a class=\"penci-ibox-icon-fa-fix\" href=\"http:\/\/dolinaraby.pl\/klon2024\/harmonogram-naboru-wnioskow\"><\/a><a class=\"penci-ibox-icon-fa\" href=\"http:\/\/dolinaraby.pl\/klon2024\/harmonogram-naboru-wnioskow\"><i aria-hidden=\"true\" class=\"far fa-calendar-alt\"><\/i><\/a><\/div>                <div class=\"penci-ibox-content-wrap\">\r\n\t\t\t\t\t\t\t\t\t\t<h3\r\n                            class=\"penci-ibox-title\">Harmonogram nabor\u00f3w wniosk\u00f3w<\/h3>\t\t\t\t\t                        <div class=\"pc-ibox-wpline\"><span class=\"penci-ibox-line\"><\/span><\/div>\t\t\t\t\t\t\t\t\t\t<div class=\"penci-ibox-readmore\"><a class=\"penci-ibox-btn\" href=\"http:\/\/dolinaraby.pl\/klon2024\/harmonogram-naboru-wnioskow\">Wejd\u017a<\/a><\/div>                <\/div>\r\n            <\/div>\r\n        <\/div>\r\n\t\t\t\t\t\t<\/div>\n\t\t\t\t<\/div>\n\t\t\t\t\t<\/div>\n\t\t<\/div>\n\t\t\t\t\t<\/div>\n\t\t<\/section>\n\t\t\t\t<\/div>\n\t\t","protected":false},"excerpt":{"rendered":"<p>Wybierz interesuj\u0105cy Ci\u0119 temat Og\u0142oszenia o naborze wniosk\u00f3w Wejd\u017a Wyniki nabor\u00f3w wniosk\u00f3w Wejd\u017a Harmonogram nabor\u00f3w wniosk\u00f3w Wejd\u017a<\/p>\n","protected":false},"author":1,"featured_media":0,"parent":0,"menu_order":0,"comment_status":"closed","ping_status":"closed","template":"","meta":{"_monsterinsights_skip_tracking":false,"_monsterinsights_sitenote_active":false,"_monsterinsights_sitenote_note":"","_monsterinsights_sitenote_category":0,"ngg_post_thumbnail":0,"footnotes":""},"class_list":["post-8522","page","type-page","status-publish","hentry"],"_links":{"self":[{"href":"http:\/\/dolinaraby.pl\/klon2024\/wp-json\/wp\/v2\/pages\/8522","targetHints":{"allow":["GET"]}}],"collection":[{"href":"http:\/\/dolinaraby.pl\/klon2024\/wp-json\/wp\/v2\/pages"}],"about":[{"href":"http:\/\/dolinaraby.pl\/klon2024\/wp-json\/wp\/v2\/types\/page"}],"author":[{"embeddable":true,"href":"http:\/\/dolinaraby.pl\/klon2024\/wp-json\/wp\/v2\/users\/1"}],"replies":[{"embeddable":true,"href":"http:\/\/dolinaraby.pl\/klon2024\/wp-json\/wp\/v2\/comments?post=8522"}],"version-history":[{"count":56,"href":"http:\/\/dolinaraby.pl\/klon2024\/wp-json\/wp\/v2\/pages\/8522\/revisions"}],"predecessor-version":[{"id":13617,"href":"http:\/\/dolinaraby.pl\/klon2024\/wp-json\/wp\/v2\/pages\/8522\/revisions\/13617"}],"wp:attachment":[{"href":"http:\/\/dolinaraby.pl\/klon2024\/wp-json\/wp\/v2\/media?parent=8522"}],"curies":[{"name":"wp","href":"https:\/\/api.w.org\/{rel}","templated":true}]}}