{"id":8528,"date":"2018-07-13T09:35:51","date_gmt":"2018-07-13T07:35:51","guid":{"rendered":"http:\/\/dolinaraby.pl\/?page_id=8528"},"modified":"2023-12-07T11:39:07","modified_gmt":"2023-12-07T10:39:07","slug":"harmonogram-naboru-wnioskow","status":"publish","type":"page","link":"http:\/\/dolinaraby.pl\/klon2024\/harmonogram-naboru-wnioskow\/","title":{"rendered":"Harmonogram naboru wniosk\u00f3w"},"content":{"rendered":"\n<p><span style=\"color: #000000;\">Za\u0142\u0105cznik nr 2 do Umowy o Warunkach i Sposobie Realizacji Strategii Rozwoju Lokalnego Kierowanego przez Spo\u0142eczno\u015b\u0107 zaktualizowany w listopadzie 2023 r.<\/span><strong><br><\/strong><\/p>\n\n\n\n<p><span style=\"color: #000000;\"><strong>Harmonogram <span style=\"text-decoration: underline;\">planowanych<\/span> nabor\u00f3w wniosk\u00f3w<\/strong><\/span><\/p>\n\n\n\n<div class=\"wp-block-file\"><a id=\"wp-block-file--media-9ba3c087-8113-41a0-b1ed-750c031bb58d\" href=\"http:\/\/dolinaraby.pl\/wp-content\/uploads\/2023\/12\/Harmonogram-naborow-listopad-2023.pdf\">Harmonogram-naborow-listopad-2023<\/a><a href=\"http:\/\/dolinaraby.pl\/wp-content\/uploads\/2023\/12\/Harmonogram-naborow-listopad-2023.pdf\" class=\"wp-block-file__button wp-element-button\" download aria-describedby=\"wp-block-file--media-9ba3c087-8113-41a0-b1ed-750c031bb58d\">Pobierz<\/a><\/div>\n","protected":false},"excerpt":{"rendered":"<p>Za\u0142\u0105cznik nr 2 do Umowy o Warunkach i Sposobie Realizacji Strategii Rozwoju Lokalnego Kierowanego przez Spo\u0142eczno\u015b\u0107 zaktualizowany w listopadzie 2023 r. Harmonogram planowanych nabor\u00f3w wniosk\u00f3w<\/p>\n","protected":false},"author":1,"featured_media":0,"parent":0,"menu_order":0,"comment_status":"closed","ping_status":"closed","template":"","meta":{"_monsterinsights_skip_tracking":false,"_monsterinsights_sitenote_active":false,"_monsterinsights_sitenote_note":"","_monsterinsights_sitenote_category":0,"ngg_post_thumbnail":0,"footnotes":""},"class_list":["post-8528","page","type-page","status-publish","hentry"],"_links":{"self":[{"href":"http:\/\/dolinaraby.pl\/klon2024\/wp-json\/wp\/v2\/pages\/8528","targetHints":{"allow":["GET"]}}],"collection":[{"href":"http:\/\/dolinaraby.pl\/klon2024\/wp-json\/wp\/v2\/pages"}],"about":[{"href":"http:\/\/dolinaraby.pl\/klon2024\/wp-json\/wp\/v2\/types\/page"}],"author":[{"embeddable":true,"href":"http:\/\/dolinaraby.pl\/klon2024\/wp-json\/wp\/v2\/users\/1"}],"replies":[{"embeddable":true,"href":"http:\/\/dolinaraby.pl\/klon2024\/wp-json\/wp\/v2\/comments?post=8528"}],"version-history":[{"count":20,"href":"http:\/\/dolinaraby.pl\/klon2024\/wp-json\/wp\/v2\/pages\/8528\/revisions"}],"predecessor-version":[{"id":13504,"href":"http:\/\/dolinaraby.pl\/klon2024\/wp-json\/wp\/v2\/pages\/8528\/revisions\/13504"}],"wp:attachment":[{"href":"http:\/\/dolinaraby.pl\/klon2024\/wp-json\/wp\/v2\/media?parent=8528"}],"curies":[{"name":"wp","href":"https:\/\/api.w.org\/{rel}","templated":true}]}}