{"id":8558,"date":"2018-07-16T12:35:37","date_gmt":"2018-07-16T10:35:37","guid":{"rendered":"http:\/\/dolinaraby.pl\/?page_id=8558"},"modified":"2023-04-20T10:30:39","modified_gmt":"2023-04-20T08:30:39","slug":"lokalne-kryteria-wyboru-projektow","status":"publish","type":"page","link":"http:\/\/dolinaraby.pl\/klon2024\/lokalne-kryteria-wyboru-projektow\/","title":{"rendered":"Lokalne kryteria wyboru projekt\u00f3w"},"content":{"rendered":"<p style=\"text-align: justify;\">Za\u0142\u0105cznik nr 5 do Umowy o Warunkach i Sposobie Realizacji Strategii Rozwoju Lokalnego Kierowanego przez Spo\u0142eczno\u015b\u0107&nbsp;<strong><br \/>\n<\/strong><\/p>\n<p><strong>Lokalne Kryteria Wyboru Projekt\u00f3w 2016-2022<\/strong><\/p>\n<p>Kryteria wyboru projekt\u00f3w (operacji realizowanych przez podmioty inne ni\u017c LGD i innych ni\u017c operacje w\u0142asne) dla operacji z zakresu podejmowania i rozwijania dzia\u0142alno\u015bci gospodarczej.<\/p>\n<p><a href=\"http:\/\/dolinaraby.pl\/wp-content\/uploads\/2023\/04\/Kryteria-wyboru-projektow-podejm.-i-rozwoj-dzial.-gosp..pdf\">Kryteria wyboru projekt\u00f3w podejm. i rozw\u00f3j dzia\u0142. gosp.<\/a><\/p>\n<p>Kryteria wyboru projekt\u00f3w (operacji realizowanych przez podmioty inne ni\u017c LGD i innych ni\u017c operacje w\u0142asne) obowi\u0105zuj\u0105ce dla przedsi\u0119wzi\u0119\u0107: 1.1.1, 1.1.2, 1.2.1, 2.2.3 LSR.<\/p>\n<p><a href=\"http:\/\/dolinaraby.pl\/wp-content\/uploads\/2021\/12\/Kryteria-wyboru-projektow_operacje-inne-dla-przedsiewziec-1.1.1-1.1.2-1.2.1-2.2.3-JST-NGO.pdf\">Kryteria wyboru projekt\u00f3w_operacje inne dla przedsi\u0119wzi\u0119\u0107 1.1.1, 1.1.2, 1.2.1, 2.2.3 (JST + NGO)<\/a><\/p>\n<p>Kryteria wyboru projekt\u00f3w (operacji realizowanych przez podmioty inne ni\u017c LGD i innych ni\u017c operacje w\u0142asne) obowi\u0105zuj\u0105ce dla przedsi\u0119wzi\u0119cia 1.2.2 LSR.<\/p>\n<p><a href=\"http:\/\/dolinaraby.pl\/wp-content\/uploads\/2021\/12\/Kryteria-wyboru-projektow_operacje-inne-dla-przedsiewziecia-1.2.2-NGO.pdf\">Kryteria wyboru projekt\u00f3w_operacje inne dla przedsi\u0119wzi\u0119cia 1.2.2 (NGO)<\/a><\/p>\n<p>Kryteria wyboru projekt\u00f3w (operacji w\u0142asnych realizowanych przez LGD i przez podmioty inne ni\u017c LGD).<\/p>\n<p><a href=\"http:\/\/dolinaraby.pl\/wp-content\/uploads\/2021\/12\/Kryteria-wyboru-projektow_operacje-wlasne.pdf\">Kryteria wyboru projekt\u00f3w_operacje w\u0142asne<\/a><\/p>\n<p>Procedura ustalania lub zmiany kryteri\u00f3w<\/p>\n<p><a href=\"http:\/\/dolinaraby.pl\/wp-content\/uploads\/2018\/01\/Procedura-ustalania-lub-zmiany-kryteri\u00f3w-lokalnych.pdf\">Procedura ustalania lub zmiany kryteri\u00f3w lokalnych_28.11.2017 r.<\/a><\/p>\n<hr>\n<p style=\"text-align: justify;\">Za\u0142\u0105cznik nr 9 do Umowy o Warunkach i Sposobie Realizacji Strategii Rozwoju Lokalnego Kierowanego przez Spo\u0142eczno\u015b\u0107 zmieniony w dniu 31.12.2019 r., uzgodniony z ZW w dniu 6.02.2020 r. :<\/p>\n<p><strong>Lokalne Kryteria Wyboru Grantobiorc\u00f3w 2016-2022<\/strong><\/p>\n<p><a href=\"http:\/\/dolinaraby.pl\/wp-content\/uploads\/2020\/02\/Kryteria-granty_za\u0142\u0105cznik-do-uchwa\u0142y.pdf\">Kryteria wyboru grantobiorc\u00f3w (zada\u0144)_31.12.2019 r.<\/a><\/p>\n<p><a href=\"http:\/\/dolinaraby.pl\/wp-content\/uploads\/2018\/01\/Procedura-ustalania-lub-zmiany-kryteri\u00f3w-lokalnych.pdf\">Procedura ustalania lub zmiany kryteri\u00f3w lokalnych_28.11.2017 r.<\/a><\/p>\n<hr>\n<p>&nbsp;<\/p>\n<p style=\"text-align: justify;\"><strong>Opis projektu LGD &#8222;Dolina Raby&#8221; na zgodno\u015b\u0107 z LSR oraz wed\u0142ug lokalnych kryteri\u00f3w wyboru projektu &#8211; <\/strong>do\u0142\u0105czany ka\u017cdorazowo do og\u0142oszenia o naborze wniosk\u00f3w. Opis jest obowi\u0105zkowym za\u0142\u0105cznikiem do sk\u0142adanej przez Wnioskodawc\u0119 na konkurs dokumentacji. Za\u0142\u0105cznikami do karty opisu projektu s\u0105 dokumenty potwierdzaj\u0105ce spe\u0142nienie danego kryterium (gdzie dotyczy).<\/p>\n<p>&nbsp;<\/p>\n","protected":false},"excerpt":{"rendered":"<p>Za\u0142\u0105cznik nr 5 do Umowy o Warunkach i Sposobie Realizacji Strategii Rozwoju Lokalnego Kierowanego przez Spo\u0142eczno\u015b\u0107&nbsp; Lokalne Kryteria Wyboru Projekt\u00f3w 2016-2022 Kryteria wyboru projekt\u00f3w (operacji&hellip;<\/p>\n","protected":false},"author":1,"featured_media":0,"parent":0,"menu_order":0,"comment_status":"closed","ping_status":"closed","template":"","meta":{"_monsterinsights_skip_tracking":false,"_monsterinsights_sitenote_active":false,"_monsterinsights_sitenote_note":"","_monsterinsights_sitenote_category":0,"ngg_post_thumbnail":0,"footnotes":""},"class_list":["post-8558","page","type-page","status-publish","hentry"],"_links":{"self":[{"href":"http:\/\/dolinaraby.pl\/klon2024\/wp-json\/wp\/v2\/pages\/8558","targetHints":{"allow":["GET"]}}],"collection":[{"href":"http:\/\/dolinaraby.pl\/klon2024\/wp-json\/wp\/v2\/pages"}],"about":[{"href":"http:\/\/dolinaraby.pl\/klon2024\/wp-json\/wp\/v2\/types\/page"}],"author":[{"embeddable":true,"href":"http:\/\/dolinaraby.pl\/klon2024\/wp-json\/wp\/v2\/users\/1"}],"replies":[{"embeddable":true,"href":"http:\/\/dolinaraby.pl\/klon2024\/wp-json\/wp\/v2\/comments?post=8558"}],"version-history":[{"count":10,"href":"http:\/\/dolinaraby.pl\/klon2024\/wp-json\/wp\/v2\/pages\/8558\/revisions"}],"predecessor-version":[{"id":12938,"href":"http:\/\/dolinaraby.pl\/klon2024\/wp-json\/wp\/v2\/pages\/8558\/revisions\/12938"}],"wp:attachment":[{"href":"http:\/\/dolinaraby.pl\/klon2024\/wp-json\/wp\/v2\/media?parent=8558"}],"curies":[{"name":"wp","href":"https:\/\/api.w.org\/{rel}","templated":true}]}}