{"id":9220,"date":"2019-01-28T14:25:44","date_gmt":"2019-01-28T13:25:44","guid":{"rendered":"http:\/\/dolinaraby.pl\/?page_id=9220"},"modified":"2020-11-18T13:04:53","modified_gmt":"2020-11-18T12:04:53","slug":"rodo","status":"publish","type":"page","link":"http:\/\/dolinaraby.pl\/klon2024\/rodo\/","title":{"rendered":"RODO"},"content":{"rendered":"<p style=\"text-align: justify;\">Na podstawie art. 13 ust. 1 i ust. 2 rozporz\u0105dzenia Parlamentu Europejskiego i Rady (UE) 2016\/679 z 27.4.2016 r. w sprawie ochrony os\u00f3b fizycznych w zwi\u0105zku z przetwarzaniem danych osobowych i w sprawie swobodnego przep\u0142ywu takich danych oraz uchylenia dyrektywy 95\/46\/WE (dalej: RODO), informujemy o zasadach przetwarzania Pani\/Pana danych osobowych oraz o przys\u0142uguj\u0105cych Pani\/Panu prawach z tym zwi\u0105zanych.<\/p>\n<p><a href=\"http:\/\/dolinaraby.pl\/wp-content\/uploads\/2018\/10\/Obowi\u0105zek-informacyjny-RODO-dla-beneficjent\u00f3w.pdf\">Obowi\u0105zek informacyjny RODO dla beneficjent\u00f3w<\/a><\/p>\n<p><a href=\"http:\/\/dolinaraby.pl\/wp-content\/uploads\/2018\/10\/Obowi\u0105zek-informacyjny-RODO-dla-podmiot\u00f3w-wsp\u00f3\u0142pracuj\u0105cych.pdf\">Obowi\u0105zek informacyjny RODO dla podmiot\u00f3w wsp\u00f3\u0142pracuj\u0105cych<\/a><\/p>\n<p><a href=\"http:\/\/dolinaraby.pl\/wp-content\/uploads\/2018\/10\/Obowi\u0105zek-informacyjny-RODO-dla-uczestnik\u00f3w-dzia\u0142a\u0144-aktywizuj\u0105cych.pdf\">Obowi\u0105zek informacyjny RODO dla uczestnik\u00f3w dzia\u0142a\u0144 aktywizuj\u0105cych<\/a><\/p>\n<p><a href=\"http:\/\/dolinaraby.pl\/wp-content\/uploads\/2018\/10\/Obowi\u0105zek-informacyjny-RODO-promocja-i-wizerunek.pdf\">Obowi\u0105zek informacyjny RODO promocja i wizerunek<\/a><\/p>\n<p><a href=\"http:\/\/dolinaraby.pl\/wp-content\/uploads\/2020\/11\/Polityka-prywatnosci-LGD.pdf\">Polityka prywatno\u015bci LGD<\/a><\/p>\n","protected":false},"excerpt":{"rendered":"<p>Na podstawie art. 13 ust. 1 i ust. 2 rozporz\u0105dzenia Parlamentu Europejskiego i Rady (UE) 2016\/679 z 27.4.2016 r. w sprawie ochrony os\u00f3b fizycznych w&hellip;<\/p>\n","protected":false},"author":1,"featured_media":0,"parent":0,"menu_order":0,"comment_status":"closed","ping_status":"closed","template":"","meta":{"_monsterinsights_skip_tracking":false,"_monsterinsights_sitenote_active":false,"_monsterinsights_sitenote_note":"","_monsterinsights_sitenote_category":0,"ngg_post_thumbnail":0,"footnotes":""},"class_list":["post-9220","page","type-page","status-publish","hentry"],"_links":{"self":[{"href":"http:\/\/dolinaraby.pl\/klon2024\/wp-json\/wp\/v2\/pages\/9220","targetHints":{"allow":["GET"]}}],"collection":[{"href":"http:\/\/dolinaraby.pl\/klon2024\/wp-json\/wp\/v2\/pages"}],"about":[{"href":"http:\/\/dolinaraby.pl\/klon2024\/wp-json\/wp\/v2\/types\/page"}],"author":[{"embeddable":true,"href":"http:\/\/dolinaraby.pl\/klon2024\/wp-json\/wp\/v2\/users\/1"}],"replies":[{"embeddable":true,"href":"http:\/\/dolinaraby.pl\/klon2024\/wp-json\/wp\/v2\/comments?post=9220"}],"version-history":[{"count":4,"href":"http:\/\/dolinaraby.pl\/klon2024\/wp-json\/wp\/v2\/pages\/9220\/revisions"}],"predecessor-version":[{"id":10377,"href":"http:\/\/dolinaraby.pl\/klon2024\/wp-json\/wp\/v2\/pages\/9220\/revisions\/10377"}],"wp:attachment":[{"href":"http:\/\/dolinaraby.pl\/klon2024\/wp-json\/wp\/v2\/media?parent=9220"}],"curies":[{"name":"wp","href":"https:\/\/api.w.org\/{rel}","templated":true}]}}